{"id":930,"date":"2023-05-04T09:43:30","date_gmt":"2023-05-04T07:43:30","guid":{"rendered":"https:\/\/tomata.sk\/?post_type=product&#038;p=930"},"modified":"2026-03-19T14:36:14","modified_gmt":"2026-03-19T13:36:14","slug":"barbecue-omacka-300g-pet","status":"publish","type":"product","link":"https:\/\/tomata.sk\/en\/produkt-detail\/barbecue-omacka-300g-pet\/","title":{"rendered":"Barbecue om\u00e1\u010dka 300g"},"content":{"rendered":"<h4 class=\"hmotnost\" style=\"text-align: center;\">300g<\/h4>\n<p style=\"text-align: left;\">Planning a grill party? Mustard and ketchup is already packed but yet, something is still missing? Our BBQ sauce is the missing part! Added to a grilled meat or vegetables, its unique taste completes every dish to a perfection. Give it a try! In a practical, fully recyclable packaging, this sauce is ideal for every opportunity.<\/p>\n<p style=\"text-align: left;\"><strong>Ingredients: tomatoes (90%), glucose syrup, modified corn starch.<\/strong> voda, cukor, <strong>paradajkov\u00fd pretlak<\/strong>, ocot kvasn\u00fd liehov\u00fd, modifikovan\u00fd kukuri\u010dn\u00fd \u0161krob, jedl\u00e1 so\u013e, extrakt z koren\u00edn, farbivo: kul\u00e9r E 150d, dymov\u00e1 ar\u00f3ma (rastlinn\u00fd olej, dymov\u00e1 ar\u00f3ma), konzerva\u010dn\u00e9 l\u00e1tky: benzo\u00e1n sodn\u00fd a sorban draseln\u00fd, koreniny, extrakt z \u010dili, su\u0161en\u00e1 cibu\u013ea, su\u0161en\u00fd cesnak.<\/p>\n<p style=\"text-align: left;\"><strong>Best before:<\/strong> stated on the lid.<br \/>\nProtect from moisture, direct sunlight and freeze. Shake before the opening, unscrew the lid and remove the foil.<\/p>\n<p style=\"text-align: left;\"><strong>Slovak product.<\/strong><\/p>\n<p style=\"text-align: left;\"><strong>Bez GMO surov\u00edn a glut\u00e9nu.<\/strong><\/p>\n<p>&nbsp;<\/p>\n<p><strong><em>Logistics information:<\/em><\/strong><\/p>\n<p><em>10 pieces \/ carton<\/em><\/p>\n<p><em>160 pieces \/ layer\u00a0\u00a0\u00a0\u00a0\u00a0\u00a0\u00a0\u00a0\u00a0\u00a0\u00a0\u00a0\u00a0\u00a0\u00a0\u00a0\u00a0 16 cartons \/ layer<\/em><\/p>\n<p><em>1600 kusov \/ paleta\u00a0 \u00a0 \u00a0 \u00a0 \u00a0 \u00a0 \u00a0 \u00a0160 kart\u00f3nov \/ paleta\u00a0 \u00a0 \u00a0 \u00a0 \u00a0 \u00a0 \u00a0 \u00a0 \u00a010 vrstiev \/ paleta<\/em><\/p>","protected":false},"excerpt":{"rendered":"<p>Planning a grill party? Mustard and ketchup is already packed but yet, something is still missing? Our BBQ sauce is the missing part! Added to a grilled meat or vegetables, its unique taste completes every dish to a perfection.<\/p>","protected":false},"featured_media":944,"comment_status":"closed","ping_status":"closed","template":"","meta":[],"product_brand":[],"product_cat":[35],"product_tag":[30],"class_list":{"0":"post-930","1":"product","2":"type-product","3":"status-publish","4":"has-post-thumbnail","6":"product_cat-omacky-a-pochutiny","7":"product_tag-pet","9":"first","10":"instock","11":"shipping-taxable","12":"product-type-simple"},"yoast_head":"<!-- This site is optimized with the Yoast SEO plugin v25.1 - https:\/\/yoast.com\/wordpress\/plugins\/seo\/ -->\n<title>Barbecue om\u00e1\u010dka 300g - Tomata Original<\/title>\n<meta name=\"robots\" content=\"index, follow, max-snippet:-1, max-image-preview:large, max-video-preview:-1\" \/>\n<link rel=\"canonical\" href=\"https:\/\/tomata.sk\/en\/produkt-detail\/barbecue-omacka-300g-pet\/\" \/>\n<meta property=\"og:locale\" content=\"en_GB\" \/>\n<meta property=\"og:type\" content=\"article\" \/>\n<meta property=\"og:title\" content=\"Barbecue om\u00e1\u010dka 300g - Tomata Original\" \/>\n<meta property=\"og:description\" content=\"Chyst\u00e1te sa na grilova\u010dku? Hor\u010dicu aj ke\u010dup u\u017e m\u00e1te, no st\u00e1le tomu nie\u010do ch\u00fdba? Na\u0161a BBQ om\u00e1\u010dka je to prav\u00e9! Ku grilovan\u00e9mu m\u00e4su \u010di zelenine, jej jedine\u010dn\u00e1 chu\u0165 dolad\u00ed ka\u017ed\u00fd k\u00fasok jedla k dokonalosti.\" \/>\n<meta property=\"og:url\" content=\"https:\/\/tomata.sk\/en\/produkt-detail\/barbecue-omacka-300g-pet\/\" \/>\n<meta property=\"og:site_name\" content=\"Tomata Original\" \/>\n<meta property=\"article:publisher\" content=\"https:\/\/www.facebook.com\/tomataoriginal\" \/>\n<meta property=\"article:modified_time\" content=\"2026-03-19T13:36:14+00:00\" \/>\n<meta property=\"og:image\" content=\"https:\/\/tomata.sk\/wp-content\/uploads\/2023\/05\/tomata-bbq-omacka-300g-PET.png\" \/>\n\t<meta property=\"og:image:width\" content=\"800\" \/>\n\t<meta property=\"og:image:height\" content=\"800\" \/>\n\t<meta property=\"og:image:type\" content=\"image\/png\" \/>\n<meta name=\"twitter:card\" content=\"summary_large_image\" \/>\n<meta name=\"twitter:label1\" content=\"Estimated reading time\" \/>\n\t<meta name=\"twitter:data1\" content=\"1 minute\" \/>\n<script type=\"application\/ld+json\" class=\"yoast-schema-graph\">{\"@context\":\"https:\/\/schema.org\",\"@graph\":[{\"@type\":\"WebPage\",\"@id\":\"https:\/\/tomata.sk\/produkt-detail\/barbecue-omacka-300g-pet\/\",\"url\":\"https:\/\/tomata.sk\/produkt-detail\/barbecue-omacka-300g-pet\/\",\"name\":\"Barbecue om\u00e1\u010dka 300g - Tomata Original\",\"isPartOf\":{\"@id\":\"https:\/\/tomata.sk\/en\/#website\"},\"primaryImageOfPage\":{\"@id\":\"https:\/\/tomata.sk\/produkt-detail\/barbecue-omacka-300g-pet\/#primaryimage\"},\"image\":{\"@id\":\"https:\/\/tomata.sk\/produkt-detail\/barbecue-omacka-300g-pet\/#primaryimage\"},\"thumbnailUrl\":\"https:\/\/tomata.sk\/wp-content\/uploads\/2023\/05\/tomata-bbq-omacka-300g-PET.png\",\"datePublished\":\"2023-05-04T07:43:30+00:00\",\"dateModified\":\"2026-03-19T13:36:14+00:00\",\"breadcrumb\":{\"@id\":\"https:\/\/tomata.sk\/produkt-detail\/barbecue-omacka-300g-pet\/#breadcrumb\"},\"inLanguage\":\"en-GB\",\"potentialAction\":[{\"@type\":\"ReadAction\",\"target\":[\"https:\/\/tomata.sk\/produkt-detail\/barbecue-omacka-300g-pet\/\"]}]},{\"@type\":\"ImageObject\",\"inLanguage\":\"en-GB\",\"@id\":\"https:\/\/tomata.sk\/produkt-detail\/barbecue-omacka-300g-pet\/#primaryimage\",\"url\":\"https:\/\/tomata.sk\/wp-content\/uploads\/2023\/05\/tomata-bbq-omacka-300g-PET.png\",\"contentUrl\":\"https:\/\/tomata.sk\/wp-content\/uploads\/2023\/05\/tomata-bbq-omacka-300g-PET.png\",\"width\":800,\"height\":800,\"caption\":\"tomata-bbq-omacka-300g-PET\"},{\"@type\":\"BreadcrumbList\",\"@id\":\"https:\/\/tomata.sk\/produkt-detail\/barbecue-omacka-300g-pet\/#breadcrumb\",\"itemListElement\":[{\"@type\":\"ListItem\",\"position\":1,\"name\":\"Domovsk\u00e1 str\u00e1nka\",\"item\":\"https:\/\/tomata.sk\/en\/\"},{\"@type\":\"ListItem\",\"position\":2,\"name\":\"Products\",\"item\":\"https:\/\/tomata.sk\/en\/shop\/\"},{\"@type\":\"ListItem\",\"position\":3,\"name\":\"Barbecue om\u00e1\u010dka 300g\"}]},{\"@type\":\"WebSite\",\"@id\":\"https:\/\/tomata.sk\/en\/#website\",\"url\":\"https:\/\/tomata.sk\/en\/\",\"name\":\"Tomata Original\",\"description\":\"Slovensk\u00fd v\u00fdrobca paradajkov\u00fdch pretlakov, ke\u010dupov a hor\u010d\u00edc.\",\"publisher\":{\"@id\":\"https:\/\/tomata.sk\/en\/#organization\"},\"potentialAction\":[{\"@type\":\"SearchAction\",\"target\":{\"@type\":\"EntryPoint\",\"urlTemplate\":\"https:\/\/tomata.sk\/en\/?s={search_term_string}\"},\"query-input\":{\"@type\":\"PropertyValueSpecification\",\"valueRequired\":true,\"valueName\":\"search_term_string\"}}],\"inLanguage\":\"en-GB\"},{\"@type\":\"Organization\",\"@id\":\"https:\/\/tomata.sk\/en\/#organization\",\"name\":\"Tomata s.r.o.\",\"url\":\"https:\/\/tomata.sk\/en\/\",\"logo\":{\"@type\":\"ImageObject\",\"inLanguage\":\"en-GB\",\"@id\":\"https:\/\/tomata.sk\/en\/#\/schema\/logo\/image\/\",\"url\":\"https:\/\/tomata.sk\/wp-content\/uploads\/2022\/08\/tomata_logo-500.png\",\"contentUrl\":\"https:\/\/tomata.sk\/wp-content\/uploads\/2022\/08\/tomata_logo-500.png\",\"width\":500,\"height\":501,\"caption\":\"Tomata s.r.o.\"},\"image\":{\"@id\":\"https:\/\/tomata.sk\/en\/#\/schema\/logo\/image\/\"},\"sameAs\":[\"https:\/\/www.facebook.com\/tomataoriginal\"]}]}<\/script>\n<!-- \/ Yoast SEO plugin. -->","yoast_head_json":{"title":"Barbecue om\u00e1\u010dka 300g - Tomata Original","robots":{"index":"index","follow":"follow","max-snippet":"max-snippet:-1","max-image-preview":"max-image-preview:large","max-video-preview":"max-video-preview:-1"},"canonical":"https:\/\/tomata.sk\/en\/produkt-detail\/barbecue-omacka-300g-pet\/","og_locale":"en_GB","og_type":"article","og_title":"Barbecue om\u00e1\u010dka 300g - Tomata Original","og_description":"Chyst\u00e1te sa na grilova\u010dku? Hor\u010dicu aj ke\u010dup u\u017e m\u00e1te, no st\u00e1le tomu nie\u010do ch\u00fdba? Na\u0161a BBQ om\u00e1\u010dka je to prav\u00e9! Ku grilovan\u00e9mu m\u00e4su \u010di zelenine, jej jedine\u010dn\u00e1 chu\u0165 dolad\u00ed ka\u017ed\u00fd k\u00fasok jedla k dokonalosti.","og_url":"https:\/\/tomata.sk\/en\/produkt-detail\/barbecue-omacka-300g-pet\/","og_site_name":"Tomata Original","article_publisher":"https:\/\/www.facebook.com\/tomataoriginal","article_modified_time":"2026-03-19T13:36:14+00:00","og_image":[{"width":800,"height":800,"url":"https:\/\/tomata.sk\/wp-content\/uploads\/2023\/05\/tomata-bbq-omacka-300g-PET.png","type":"image\/png"}],"twitter_card":"summary_large_image","twitter_misc":{"Estimated reading time":"1 minute"},"schema":{"@context":"https:\/\/schema.org","@graph":[{"@type":"WebPage","@id":"https:\/\/tomata.sk\/produkt-detail\/barbecue-omacka-300g-pet\/","url":"https:\/\/tomata.sk\/produkt-detail\/barbecue-omacka-300g-pet\/","name":"Barbecue om\u00e1\u010dka 300g - Tomata Original","isPartOf":{"@id":"https:\/\/tomata.sk\/en\/#website"},"primaryImageOfPage":{"@id":"https:\/\/tomata.sk\/produkt-detail\/barbecue-omacka-300g-pet\/#primaryimage"},"image":{"@id":"https:\/\/tomata.sk\/produkt-detail\/barbecue-omacka-300g-pet\/#primaryimage"},"thumbnailUrl":"https:\/\/tomata.sk\/wp-content\/uploads\/2023\/05\/tomata-bbq-omacka-300g-PET.png","datePublished":"2023-05-04T07:43:30+00:00","dateModified":"2026-03-19T13:36:14+00:00","breadcrumb":{"@id":"https:\/\/tomata.sk\/produkt-detail\/barbecue-omacka-300g-pet\/#breadcrumb"},"inLanguage":"en-GB","potentialAction":[{"@type":"ReadAction","target":["https:\/\/tomata.sk\/produkt-detail\/barbecue-omacka-300g-pet\/"]}]},{"@type":"ImageObject","inLanguage":"en-GB","@id":"https:\/\/tomata.sk\/produkt-detail\/barbecue-omacka-300g-pet\/#primaryimage","url":"https:\/\/tomata.sk\/wp-content\/uploads\/2023\/05\/tomata-bbq-omacka-300g-PET.png","contentUrl":"https:\/\/tomata.sk\/wp-content\/uploads\/2023\/05\/tomata-bbq-omacka-300g-PET.png","width":800,"height":800,"caption":"tomata-bbq-omacka-300g-PET"},{"@type":"BreadcrumbList","@id":"https:\/\/tomata.sk\/produkt-detail\/barbecue-omacka-300g-pet\/#breadcrumb","itemListElement":[{"@type":"ListItem","position":1,"name":"Domovsk\u00e1 str\u00e1nka","item":"https:\/\/tomata.sk\/en\/"},{"@type":"ListItem","position":2,"name":"Products","item":"https:\/\/tomata.sk\/en\/shop\/"},{"@type":"ListItem","position":3,"name":"Barbecue om\u00e1\u010dka 300g"}]},{"@type":"WebSite","@id":"https:\/\/tomata.sk\/en\/#website","url":"https:\/\/tomata.sk\/en\/","name":"Tomata Original","description":"Slovensk\u00fd v\u00fdrobca paradajkov\u00fdch pretlakov, ke\u010dupov a hor\u010d\u00edc.","publisher":{"@id":"https:\/\/tomata.sk\/en\/#organization"},"potentialAction":[{"@type":"SearchAction","target":{"@type":"EntryPoint","urlTemplate":"https:\/\/tomata.sk\/en\/?s={search_term_string}"},"query-input":{"@type":"PropertyValueSpecification","valueRequired":true,"valueName":"search_term_string"}}],"inLanguage":"en-GB"},{"@type":"Organization","@id":"https:\/\/tomata.sk\/en\/#organization","name":"Tomata s.r.o.","url":"https:\/\/tomata.sk\/en\/","logo":{"@type":"ImageObject","inLanguage":"en-GB","@id":"https:\/\/tomata.sk\/en\/#\/schema\/logo\/image\/","url":"https:\/\/tomata.sk\/wp-content\/uploads\/2022\/08\/tomata_logo-500.png","contentUrl":"https:\/\/tomata.sk\/wp-content\/uploads\/2022\/08\/tomata_logo-500.png","width":500,"height":501,"caption":"Tomata s.r.o."},"image":{"@id":"https:\/\/tomata.sk\/en\/#\/schema\/logo\/image\/"},"sameAs":["https:\/\/www.facebook.com\/tomataoriginal"]}]}},"_links":{"self":[{"href":"https:\/\/tomata.sk\/en\/wp-json\/wp\/v2\/product\/930","targetHints":{"allow":["GET"]}}],"collection":[{"href":"https:\/\/tomata.sk\/en\/wp-json\/wp\/v2\/product"}],"about":[{"href":"https:\/\/tomata.sk\/en\/wp-json\/wp\/v2\/types\/product"}],"replies":[{"embeddable":true,"href":"https:\/\/tomata.sk\/en\/wp-json\/wp\/v2\/comments?post=930"}],"wp:featuredmedia":[{"embeddable":true,"href":"https:\/\/tomata.sk\/en\/wp-json\/wp\/v2\/media\/944"}],"wp:attachment":[{"href":"https:\/\/tomata.sk\/en\/wp-json\/wp\/v2\/media?parent=930"}],"wp:term":[{"taxonomy":"product_brand","embeddable":true,"href":"https:\/\/tomata.sk\/en\/wp-json\/wp\/v2\/product_brand?post=930"},{"taxonomy":"product_cat","embeddable":true,"href":"https:\/\/tomata.sk\/en\/wp-json\/wp\/v2\/product_cat?post=930"},{"taxonomy":"product_tag","embeddable":true,"href":"https:\/\/tomata.sk\/en\/wp-json\/wp\/v2\/product_tag?post=930"}],"curies":[{"name":"wp","href":"https:\/\/api.w.org\/{rel}","templated":true}]}}