{"id":926,"date":"2023-05-04T09:01:15","date_gmt":"2023-05-04T07:01:15","guid":{"rendered":"https:\/\/tomata.sk\/?post_type=product&#038;p=926"},"modified":"2026-03-31T10:46:15","modified_gmt":"2026-03-31T08:46:15","slug":"horcica-s-jalapeno-250g-pet","status":"publish","type":"product","link":"https:\/\/tomata.sk\/en\/produkt-detail\/horcica-s-jalapeno-250g-pet\/","title":{"rendered":"Hor\u010dica s jalape\u0148o 250g"},"content":{"rendered":"<h4 class=\"hmotnost\" style=\"text-align: center;\">250g<\/h4>\n<p style=\"text-align: left;\">Ste milovn\u00edkmi pikantn\u00fdch chut\u00ed, no pr\u00e1ve by ste si k m\u00e4sku najrad\u0161ej pridali poriadnu porciu hor\u010dice? Nie je probl\u00e9m! Na\u0161a hor\u010dica s jalape\u0148o papri\u010dkami predstavuje perfektn\u00fa kombin\u00e1ciu \u0161tip\u013eavosti a typickej hor\u010dicovej chuti. Ku grilovan\u00fdm \u0161pecialit\u00e1m, \u010di k oby\u010dajn\u00fdm p\u00e1rkom, hod\u00ed sa ku v\u0161etk\u00e9mu! V praktickom, plne recyklovate\u013enom balen\u00ed je ide\u00e1lna na v\u0161etky eventy.<\/p>\n<p><strong>Ingredients: tomatoes (90%), glucose syrup, modified corn starch.<\/strong> voda, <strong>hor\u010di\u010dn\u00e9 semienka,<\/strong> ocot kvasn\u00fd liehov\u00fd, cukor, jedl\u00e1 so\u013e, su\u0161en\u00e9 jalape\u0148o (1%), koreniny, antioxidant: disiri\u010ditan draseln\u00fd.<\/p>\n<p><strong>Best before:<\/strong> stated on the lid.<br \/>\nProtect from moisture, direct sunlight and freeze. Shake before the opening, unscrew the lid and remove the foil.<\/p>\n<p><strong>Slovak product.<\/strong><\/p>\n<p><strong>Free from artificial colors, GMO ingredients and gluten.<\/strong><\/p>\n<p>&nbsp;<\/p>\n<p><strong><em>Logistics information:<\/em><\/strong><\/p>\n<p><em>10 pieces \/ carton<\/em><\/p>\n<p><em>160 pieces \/ layer\u00a0\u00a0\u00a0\u00a0\u00a0\u00a0\u00a0\u00a0\u00a0\u00a0\u00a0\u00a0\u00a0\u00a0\u00a0\u00a0\u00a0 16 cartons \/ layer<\/em><\/p>\n<p><em>1600 kusov \/ paleta\u00a0 \u00a0 \u00a0 \u00a0 \u00a0 \u00a0 \u00a0 \u00a0160 kart\u00f3nov \/ paleta\u00a0 \u00a0 \u00a0 \u00a0 \u00a0 \u00a0 \u00a0 \u00a0 \u00a010 vrstiev \/ paleta<\/em><\/p>","protected":false},"excerpt":{"rendered":"<p>Ste milovn\u00edkmi pikantn\u00fdch chut\u00ed, no pr\u00e1ve by ste si k\u00a0m\u00e4sku najrad\u0161ej pridali poriadnu porciu hor\u010dice? Nie je probl\u00e9m! Na\u0161a hor\u010dica s\u00a0jalape\u0148o papri\u010dkami predstavuje perfektn\u00fa kombin\u00e1ciu \u0161tip\u013eavosti a\u00a0typickej hor\u010dicovej chuti.<\/p>","protected":false},"featured_media":928,"comment_status":"open","ping_status":"closed","template":"","meta":[],"product_brand":[],"product_cat":[34],"product_tag":[30],"class_list":{"0":"post-926","1":"product","2":"type-product","3":"status-publish","4":"has-post-thumbnail","6":"product_cat-horcice","7":"product_tag-pet","9":"first","10":"instock","11":"shipping-taxable","12":"product-type-simple"},"yoast_head":"<!-- This site is optimized with the Yoast SEO plugin v25.1 - https:\/\/yoast.com\/wordpress\/plugins\/seo\/ -->\n<title>Hor\u010dica s jalape\u0148o 250g - Tomata Original<\/title>\n<meta name=\"robots\" content=\"index, follow, max-snippet:-1, max-image-preview:large, max-video-preview:-1\" \/>\n<link rel=\"canonical\" href=\"https:\/\/tomata.sk\/en\/produkt-detail\/horcica-s-jalapeno-250g-pet\/\" \/>\n<meta property=\"og:locale\" content=\"en_GB\" \/>\n<meta property=\"og:type\" content=\"article\" \/>\n<meta property=\"og:title\" content=\"Hor\u010dica s jalape\u0148o 250g - Tomata Original\" \/>\n<meta property=\"og:description\" content=\"Ste milovn\u00edkmi pikantn\u00fdch chut\u00ed, no pr\u00e1ve by ste si k\u00a0m\u00e4sku najrad\u0161ej pridali poriadnu porciu hor\u010dice? Nie je probl\u00e9m! Na\u0161a hor\u010dica s\u00a0jalape\u0148o papri\u010dkami predstavuje perfektn\u00fa kombin\u00e1ciu \u0161tip\u013eavosti a\u00a0typickej hor\u010dicovej chuti.\" \/>\n<meta property=\"og:url\" content=\"https:\/\/tomata.sk\/en\/produkt-detail\/horcica-s-jalapeno-250g-pet\/\" \/>\n<meta property=\"og:site_name\" content=\"Tomata Original\" \/>\n<meta property=\"article:publisher\" content=\"https:\/\/www.facebook.com\/tomataoriginal\" \/>\n<meta property=\"article:modified_time\" content=\"2026-03-31T08:46:15+00:00\" \/>\n<meta property=\"og:image\" content=\"https:\/\/tomata.sk\/wp-content\/uploads\/2023\/05\/horcica-s-jalapeno-250g-PET-1.png\" \/>\n\t<meta property=\"og:image:width\" content=\"800\" \/>\n\t<meta property=\"og:image:height\" content=\"800\" \/>\n\t<meta property=\"og:image:type\" content=\"image\/png\" \/>\n<meta name=\"twitter:card\" content=\"summary_large_image\" \/>\n<meta name=\"twitter:label1\" content=\"Estimated reading time\" \/>\n\t<meta name=\"twitter:data1\" content=\"1 minute\" \/>\n<script type=\"application\/ld+json\" class=\"yoast-schema-graph\">{\"@context\":\"https:\/\/schema.org\",\"@graph\":[{\"@type\":\"WebPage\",\"@id\":\"https:\/\/tomata.sk\/produkt-detail\/horcica-s-jalapeno-250g-pet\/\",\"url\":\"https:\/\/tomata.sk\/produkt-detail\/horcica-s-jalapeno-250g-pet\/\",\"name\":\"Hor\u010dica s jalape\u0148o 250g - Tomata Original\",\"isPartOf\":{\"@id\":\"https:\/\/tomata.sk\/en\/#website\"},\"primaryImageOfPage\":{\"@id\":\"https:\/\/tomata.sk\/produkt-detail\/horcica-s-jalapeno-250g-pet\/#primaryimage\"},\"image\":{\"@id\":\"https:\/\/tomata.sk\/produkt-detail\/horcica-s-jalapeno-250g-pet\/#primaryimage\"},\"thumbnailUrl\":\"https:\/\/tomata.sk\/wp-content\/uploads\/2023\/05\/horcica-s-jalapeno-250g-PET-1.png\",\"datePublished\":\"2023-05-04T07:01:15+00:00\",\"dateModified\":\"2026-03-31T08:46:15+00:00\",\"breadcrumb\":{\"@id\":\"https:\/\/tomata.sk\/produkt-detail\/horcica-s-jalapeno-250g-pet\/#breadcrumb\"},\"inLanguage\":\"en-GB\",\"potentialAction\":[{\"@type\":\"ReadAction\",\"target\":[\"https:\/\/tomata.sk\/produkt-detail\/horcica-s-jalapeno-250g-pet\/\"]}]},{\"@type\":\"ImageObject\",\"inLanguage\":\"en-GB\",\"@id\":\"https:\/\/tomata.sk\/produkt-detail\/horcica-s-jalapeno-250g-pet\/#primaryimage\",\"url\":\"https:\/\/tomata.sk\/wp-content\/uploads\/2023\/05\/horcica-s-jalapeno-250g-PET-1.png\",\"contentUrl\":\"https:\/\/tomata.sk\/wp-content\/uploads\/2023\/05\/horcica-s-jalapeno-250g-PET-1.png\",\"width\":800,\"height\":800,\"caption\":\"horcica-s-jalapeno-250g-PET\"},{\"@type\":\"BreadcrumbList\",\"@id\":\"https:\/\/tomata.sk\/produkt-detail\/horcica-s-jalapeno-250g-pet\/#breadcrumb\",\"itemListElement\":[{\"@type\":\"ListItem\",\"position\":1,\"name\":\"Domovsk\u00e1 str\u00e1nka\",\"item\":\"https:\/\/tomata.sk\/en\/\"},{\"@type\":\"ListItem\",\"position\":2,\"name\":\"Products\",\"item\":\"https:\/\/tomata.sk\/en\/shop\/\"},{\"@type\":\"ListItem\",\"position\":3,\"name\":\"Hor\u010dica s jalape\u0148o 250g\"}]},{\"@type\":\"WebSite\",\"@id\":\"https:\/\/tomata.sk\/en\/#website\",\"url\":\"https:\/\/tomata.sk\/en\/\",\"name\":\"Tomata Original\",\"description\":\"Slovensk\u00fd v\u00fdrobca paradajkov\u00fdch pretlakov, ke\u010dupov a hor\u010d\u00edc.\",\"publisher\":{\"@id\":\"https:\/\/tomata.sk\/en\/#organization\"},\"potentialAction\":[{\"@type\":\"SearchAction\",\"target\":{\"@type\":\"EntryPoint\",\"urlTemplate\":\"https:\/\/tomata.sk\/en\/?s={search_term_string}\"},\"query-input\":{\"@type\":\"PropertyValueSpecification\",\"valueRequired\":true,\"valueName\":\"search_term_string\"}}],\"inLanguage\":\"en-GB\"},{\"@type\":\"Organization\",\"@id\":\"https:\/\/tomata.sk\/en\/#organization\",\"name\":\"Tomata s.r.o.\",\"url\":\"https:\/\/tomata.sk\/en\/\",\"logo\":{\"@type\":\"ImageObject\",\"inLanguage\":\"en-GB\",\"@id\":\"https:\/\/tomata.sk\/en\/#\/schema\/logo\/image\/\",\"url\":\"https:\/\/tomata.sk\/wp-content\/uploads\/2022\/08\/tomata_logo-500.png\",\"contentUrl\":\"https:\/\/tomata.sk\/wp-content\/uploads\/2022\/08\/tomata_logo-500.png\",\"width\":500,\"height\":501,\"caption\":\"Tomata s.r.o.\"},\"image\":{\"@id\":\"https:\/\/tomata.sk\/en\/#\/schema\/logo\/image\/\"},\"sameAs\":[\"https:\/\/www.facebook.com\/tomataoriginal\"]}]}<\/script>\n<!-- \/ Yoast SEO plugin. -->","yoast_head_json":{"title":"Hor\u010dica s jalape\u0148o 250g - Tomata Original","robots":{"index":"index","follow":"follow","max-snippet":"max-snippet:-1","max-image-preview":"max-image-preview:large","max-video-preview":"max-video-preview:-1"},"canonical":"https:\/\/tomata.sk\/en\/produkt-detail\/horcica-s-jalapeno-250g-pet\/","og_locale":"en_GB","og_type":"article","og_title":"Hor\u010dica s jalape\u0148o 250g - Tomata Original","og_description":"Ste milovn\u00edkmi pikantn\u00fdch chut\u00ed, no pr\u00e1ve by ste si k\u00a0m\u00e4sku najrad\u0161ej pridali poriadnu porciu hor\u010dice? Nie je probl\u00e9m! Na\u0161a hor\u010dica s\u00a0jalape\u0148o papri\u010dkami predstavuje perfektn\u00fa kombin\u00e1ciu \u0161tip\u013eavosti a\u00a0typickej hor\u010dicovej chuti.","og_url":"https:\/\/tomata.sk\/en\/produkt-detail\/horcica-s-jalapeno-250g-pet\/","og_site_name":"Tomata Original","article_publisher":"https:\/\/www.facebook.com\/tomataoriginal","article_modified_time":"2026-03-31T08:46:15+00:00","og_image":[{"width":800,"height":800,"url":"https:\/\/tomata.sk\/wp-content\/uploads\/2023\/05\/horcica-s-jalapeno-250g-PET-1.png","type":"image\/png"}],"twitter_card":"summary_large_image","twitter_misc":{"Estimated reading time":"1 minute"},"schema":{"@context":"https:\/\/schema.org","@graph":[{"@type":"WebPage","@id":"https:\/\/tomata.sk\/produkt-detail\/horcica-s-jalapeno-250g-pet\/","url":"https:\/\/tomata.sk\/produkt-detail\/horcica-s-jalapeno-250g-pet\/","name":"Hor\u010dica s jalape\u0148o 250g - Tomata Original","isPartOf":{"@id":"https:\/\/tomata.sk\/en\/#website"},"primaryImageOfPage":{"@id":"https:\/\/tomata.sk\/produkt-detail\/horcica-s-jalapeno-250g-pet\/#primaryimage"},"image":{"@id":"https:\/\/tomata.sk\/produkt-detail\/horcica-s-jalapeno-250g-pet\/#primaryimage"},"thumbnailUrl":"https:\/\/tomata.sk\/wp-content\/uploads\/2023\/05\/horcica-s-jalapeno-250g-PET-1.png","datePublished":"2023-05-04T07:01:15+00:00","dateModified":"2026-03-31T08:46:15+00:00","breadcrumb":{"@id":"https:\/\/tomata.sk\/produkt-detail\/horcica-s-jalapeno-250g-pet\/#breadcrumb"},"inLanguage":"en-GB","potentialAction":[{"@type":"ReadAction","target":["https:\/\/tomata.sk\/produkt-detail\/horcica-s-jalapeno-250g-pet\/"]}]},{"@type":"ImageObject","inLanguage":"en-GB","@id":"https:\/\/tomata.sk\/produkt-detail\/horcica-s-jalapeno-250g-pet\/#primaryimage","url":"https:\/\/tomata.sk\/wp-content\/uploads\/2023\/05\/horcica-s-jalapeno-250g-PET-1.png","contentUrl":"https:\/\/tomata.sk\/wp-content\/uploads\/2023\/05\/horcica-s-jalapeno-250g-PET-1.png","width":800,"height":800,"caption":"horcica-s-jalapeno-250g-PET"},{"@type":"BreadcrumbList","@id":"https:\/\/tomata.sk\/produkt-detail\/horcica-s-jalapeno-250g-pet\/#breadcrumb","itemListElement":[{"@type":"ListItem","position":1,"name":"Domovsk\u00e1 str\u00e1nka","item":"https:\/\/tomata.sk\/en\/"},{"@type":"ListItem","position":2,"name":"Products","item":"https:\/\/tomata.sk\/en\/shop\/"},{"@type":"ListItem","position":3,"name":"Hor\u010dica s jalape\u0148o 250g"}]},{"@type":"WebSite","@id":"https:\/\/tomata.sk\/en\/#website","url":"https:\/\/tomata.sk\/en\/","name":"Tomata Original","description":"Slovensk\u00fd v\u00fdrobca paradajkov\u00fdch pretlakov, ke\u010dupov a hor\u010d\u00edc.","publisher":{"@id":"https:\/\/tomata.sk\/en\/#organization"},"potentialAction":[{"@type":"SearchAction","target":{"@type":"EntryPoint","urlTemplate":"https:\/\/tomata.sk\/en\/?s={search_term_string}"},"query-input":{"@type":"PropertyValueSpecification","valueRequired":true,"valueName":"search_term_string"}}],"inLanguage":"en-GB"},{"@type":"Organization","@id":"https:\/\/tomata.sk\/en\/#organization","name":"Tomata s.r.o.","url":"https:\/\/tomata.sk\/en\/","logo":{"@type":"ImageObject","inLanguage":"en-GB","@id":"https:\/\/tomata.sk\/en\/#\/schema\/logo\/image\/","url":"https:\/\/tomata.sk\/wp-content\/uploads\/2022\/08\/tomata_logo-500.png","contentUrl":"https:\/\/tomata.sk\/wp-content\/uploads\/2022\/08\/tomata_logo-500.png","width":500,"height":501,"caption":"Tomata s.r.o."},"image":{"@id":"https:\/\/tomata.sk\/en\/#\/schema\/logo\/image\/"},"sameAs":["https:\/\/www.facebook.com\/tomataoriginal"]}]}},"_links":{"self":[{"href":"https:\/\/tomata.sk\/en\/wp-json\/wp\/v2\/product\/926","targetHints":{"allow":["GET"]}}],"collection":[{"href":"https:\/\/tomata.sk\/en\/wp-json\/wp\/v2\/product"}],"about":[{"href":"https:\/\/tomata.sk\/en\/wp-json\/wp\/v2\/types\/product"}],"replies":[{"embeddable":true,"href":"https:\/\/tomata.sk\/en\/wp-json\/wp\/v2\/comments?post=926"}],"wp:featuredmedia":[{"embeddable":true,"href":"https:\/\/tomata.sk\/en\/wp-json\/wp\/v2\/media\/928"}],"wp:attachment":[{"href":"https:\/\/tomata.sk\/en\/wp-json\/wp\/v2\/media?parent=926"}],"wp:term":[{"taxonomy":"product_brand","embeddable":true,"href":"https:\/\/tomata.sk\/en\/wp-json\/wp\/v2\/product_brand?post=926"},{"taxonomy":"product_cat","embeddable":true,"href":"https:\/\/tomata.sk\/en\/wp-json\/wp\/v2\/product_cat?post=926"},{"taxonomy":"product_tag","embeddable":true,"href":"https:\/\/tomata.sk\/en\/wp-json\/wp\/v2\/product_tag?post=926"}],"curies":[{"name":"wp","href":"https:\/\/api.w.org\/{rel}","templated":true}]}}