{"id":608,"date":"2022-11-30T14:03:15","date_gmt":"2022-11-30T13:03:15","guid":{"rendered":"https:\/\/www.tomata.sk\/?post_type=product&#038;p=608"},"modified":"2026-03-19T14:25:03","modified_gmt":"2026-03-19T13:25:03","slug":"horcica-plnotucna-premium","status":"publish","type":"product","link":"https:\/\/tomata.sk\/en\/produkt-detail\/horcica-plnotucna-premium\/","title":{"rendered":"Hor\u010dica plnotu\u010dn\u00e1 Pr\u00e9mium 350g"},"content":{"rendered":"<h4 class=\"hmotnost\" style=\"text-align: center;\">350g<\/h4>\n<p style=\"text-align: left;\">Our creamy, golden yellow mustard has earned its premium status thanks to its high proportion of top quality mustard grains. Seasoned with selected spices and sweetened with sugar, it will add an excellent taste to any dish. This great mix of ingredients is a must-have for any good kitchen. It is therefore ideal whether at home, at a picnic or a barbecue party. As soon as you open it, you will be reminded of how real, honest mustard should smell and taste. We think not only about exceptional quality, but also about your health. The above-standard level of the product guarantees that it is 100% free of preservatives, dyes, GMO ingredients or gluten, which ensures the suitability of the product for celiacs. As part of our progressive production process, one of the principles of our company is to produce organically. That is why we pack this and other products in glass - fully recyclable packaging. In addition, this packaging is perfect for everyday use in every household, thanks to its ideal weight and resealable lid.<\/p>\n<p style=\"text-align: left;\"><strong>Ingredients: tomatoes (90%), glucose syrup, modified corn starch.<\/strong> pitn\u00e1 voda, <strong>hor\u010di\u010dn\u00e9 semienka,<\/strong> kvasn\u00fd ocot liehov\u00fd, cukor, jedl\u00e1 so\u013e, koreniny.<\/p>\n<p style=\"text-align: left;\"><strong>Best before:<\/strong> stated on the packaging. Store in a dry place. Protect from direct sunlight and frost.<\/p>\n<p style=\"text-align: left;\"><strong>Slovak product.<\/strong><\/p>\n<p><strong>Made from Slovak mustard seeds.<\/strong><\/p>\n<p style=\"text-align: left;\"><strong>No added preservatives &amp; artificial colors. GMO &amp; gluten free.<\/strong><\/p>\n<p>&nbsp;<\/p>\n<p><strong><em>Logistics information:<\/em><\/strong><\/p>\n<p><em>10 pieces \/ carton<\/em><\/p>\n<p><em>160 pieces \/ layer\u00a0\u00a0\u00a0\u00a0\u00a0\u00a0\u00a0\u00a0\u00a0\u00a0\u00a0\u00a0\u00a0\u00a0\u00a0\u00a0\u00a0 16 cartons \/ layer<\/em><\/p>\n<p><em>1120 kusov \/ paleta\u00a0\u00a0\u00a0\u00a0\u00a0\u00a0\u00a0\u00a0\u00a0\u00a0\u00a0\u00a0\u00a0\u00a0\u00a0 112 kart\u00f3nov \/ paleta\u00a0 \u00a0 \u00a0 \u00a0 \u00a0 \u00a0 \u00a0 \u00a0 \u00a07 vrstiev \/ paleta<\/em><\/p>","protected":false},"excerpt":{"rendered":"<p>Our creamy, golden-yellow colored mustard has earned status premium due to a high amount of top-quality mustard seeds. Flavored with the selected spices and sweetened with sugar, this mustard will add an excellent taste to any meal. This great fusion of ingredients is a must for every good kitchen \u2013 ideal for home use or even for a bbq party.<\/p>","protected":false},"featured_media":763,"comment_status":"open","ping_status":"closed","template":"","meta":[],"product_brand":[],"product_cat":[36],"product_tag":[31],"class_list":{"0":"post-608","1":"product","2":"type-product","3":"status-publish","4":"has-post-thumbnail","6":"product_cat-premiove-produkty","7":"product_tag-sklo","9":"first","10":"instock","11":"shipping-taxable","12":"product-type-simple"},"yoast_head":"<!-- This site is optimized with the Yoast SEO plugin v25.1 - https:\/\/yoast.com\/wordpress\/plugins\/seo\/ -->\n<title>Hor\u010dica plnotu\u010dn\u00e1 Pr\u00e9mium 350g - Tomata Original<\/title>\n<meta name=\"robots\" content=\"index, follow, max-snippet:-1, max-image-preview:large, max-video-preview:-1\" \/>\n<link rel=\"canonical\" href=\"https:\/\/tomata.sk\/en\/produkt-detail\/horcica-plnotucna-premium\/\" \/>\n<meta property=\"og:locale\" content=\"en_GB\" \/>\n<meta property=\"og:type\" content=\"article\" \/>\n<meta property=\"og:title\" content=\"Hor\u010dica plnotu\u010dn\u00e1 Pr\u00e9mium 350g - Tomata Original\" \/>\n<meta property=\"og:description\" content=\"Na\u0161a kr\u00e9mov\u00e1, zlato\u017elt\u00e1 hor\u010dica si status pr\u00e9mium zasl\u00fa\u017eila v\u010faka vysok\u00e9mu podielu hor\u010di\u010dn\u00fdch z\u0155n vrcholovej kvality. Dochuten\u00e1 vyberan\u00fdmi koreninami a sladen\u00e1 cukrom dod\u00e1 vynikaj\u00facu chu\u0165 ka\u017ed\u00e9mu jedlu. Tento skvel\u00fd mix surov\u00edn predstavuje povinn\u00fa v\u00fdbavu ka\u017edej dobrej kuchyne.\" \/>\n<meta property=\"og:url\" content=\"https:\/\/tomata.sk\/en\/produkt-detail\/horcica-plnotucna-premium\/\" \/>\n<meta property=\"og:site_name\" content=\"Tomata Original\" \/>\n<meta property=\"article:publisher\" content=\"https:\/\/www.facebook.com\/tomataoriginal\" \/>\n<meta property=\"article:modified_time\" content=\"2026-03-19T13:25:03+00:00\" \/>\n<meta property=\"og:image\" content=\"https:\/\/tomata.sk\/wp-content\/uploads\/2022\/11\/tomata-plnotucna-horcica-premium-370g-sklo-2021.png\" \/>\n\t<meta property=\"og:image:width\" content=\"800\" \/>\n\t<meta property=\"og:image:height\" content=\"800\" \/>\n\t<meta property=\"og:image:type\" content=\"image\/png\" \/>\n<meta name=\"twitter:card\" content=\"summary_large_image\" \/>\n<meta name=\"twitter:label1\" content=\"Estimated reading time\" \/>\n\t<meta name=\"twitter:data1\" content=\"2 minutes\" \/>\n<script type=\"application\/ld+json\" class=\"yoast-schema-graph\">{\"@context\":\"https:\/\/schema.org\",\"@graph\":[{\"@type\":\"WebPage\",\"@id\":\"https:\/\/tomata.sk\/produkt-detail\/horcica-plnotucna-premium\/\",\"url\":\"https:\/\/tomata.sk\/produkt-detail\/horcica-plnotucna-premium\/\",\"name\":\"Hor\u010dica plnotu\u010dn\u00e1 Pr\u00e9mium 350g - Tomata Original\",\"isPartOf\":{\"@id\":\"https:\/\/tomata.sk\/en\/#website\"},\"primaryImageOfPage\":{\"@id\":\"https:\/\/tomata.sk\/produkt-detail\/horcica-plnotucna-premium\/#primaryimage\"},\"image\":{\"@id\":\"https:\/\/tomata.sk\/produkt-detail\/horcica-plnotucna-premium\/#primaryimage\"},\"thumbnailUrl\":\"https:\/\/tomata.sk\/wp-content\/uploads\/2022\/11\/tomata-plnotucna-horcica-premium-370g-sklo-2021.png\",\"datePublished\":\"2022-11-30T13:03:15+00:00\",\"dateModified\":\"2026-03-19T13:25:03+00:00\",\"breadcrumb\":{\"@id\":\"https:\/\/tomata.sk\/produkt-detail\/horcica-plnotucna-premium\/#breadcrumb\"},\"inLanguage\":\"en-GB\",\"potentialAction\":[{\"@type\":\"ReadAction\",\"target\":[\"https:\/\/tomata.sk\/produkt-detail\/horcica-plnotucna-premium\/\"]}]},{\"@type\":\"ImageObject\",\"inLanguage\":\"en-GB\",\"@id\":\"https:\/\/tomata.sk\/produkt-detail\/horcica-plnotucna-premium\/#primaryimage\",\"url\":\"https:\/\/tomata.sk\/wp-content\/uploads\/2022\/11\/tomata-plnotucna-horcica-premium-370g-sklo-2021.png\",\"contentUrl\":\"https:\/\/tomata.sk\/wp-content\/uploads\/2022\/11\/tomata-plnotucna-horcica-premium-370g-sklo-2021.png\",\"width\":800,\"height\":800,\"caption\":\"tomata-plnotucna-horcica-premium-370g-sklo-2021\"},{\"@type\":\"BreadcrumbList\",\"@id\":\"https:\/\/tomata.sk\/produkt-detail\/horcica-plnotucna-premium\/#breadcrumb\",\"itemListElement\":[{\"@type\":\"ListItem\",\"position\":1,\"name\":\"Domovsk\u00e1 str\u00e1nka\",\"item\":\"https:\/\/tomata.sk\/en\/\"},{\"@type\":\"ListItem\",\"position\":2,\"name\":\"Products\",\"item\":\"https:\/\/tomata.sk\/en\/shop\/\"},{\"@type\":\"ListItem\",\"position\":3,\"name\":\"Hor\u010dica plnotu\u010dn\u00e1 Pr\u00e9mium 350g\"}]},{\"@type\":\"WebSite\",\"@id\":\"https:\/\/tomata.sk\/en\/#website\",\"url\":\"https:\/\/tomata.sk\/en\/\",\"name\":\"Tomata Original\",\"description\":\"Slovensk\u00fd v\u00fdrobca paradajkov\u00fdch pretlakov, ke\u010dupov a hor\u010d\u00edc.\",\"publisher\":{\"@id\":\"https:\/\/tomata.sk\/en\/#organization\"},\"potentialAction\":[{\"@type\":\"SearchAction\",\"target\":{\"@type\":\"EntryPoint\",\"urlTemplate\":\"https:\/\/tomata.sk\/en\/?s={search_term_string}\"},\"query-input\":{\"@type\":\"PropertyValueSpecification\",\"valueRequired\":true,\"valueName\":\"search_term_string\"}}],\"inLanguage\":\"en-GB\"},{\"@type\":\"Organization\",\"@id\":\"https:\/\/tomata.sk\/en\/#organization\",\"name\":\"Tomata s.r.o.\",\"url\":\"https:\/\/tomata.sk\/en\/\",\"logo\":{\"@type\":\"ImageObject\",\"inLanguage\":\"en-GB\",\"@id\":\"https:\/\/tomata.sk\/en\/#\/schema\/logo\/image\/\",\"url\":\"https:\/\/tomata.sk\/wp-content\/uploads\/2022\/08\/tomata_logo-500.png\",\"contentUrl\":\"https:\/\/tomata.sk\/wp-content\/uploads\/2022\/08\/tomata_logo-500.png\",\"width\":500,\"height\":501,\"caption\":\"Tomata s.r.o.\"},\"image\":{\"@id\":\"https:\/\/tomata.sk\/en\/#\/schema\/logo\/image\/\"},\"sameAs\":[\"https:\/\/www.facebook.com\/tomataoriginal\"]}]}<\/script>\n<!-- \/ Yoast SEO plugin. -->","yoast_head_json":{"title":"Hor\u010dica plnotu\u010dn\u00e1 Pr\u00e9mium 350g - Tomata Original","robots":{"index":"index","follow":"follow","max-snippet":"max-snippet:-1","max-image-preview":"max-image-preview:large","max-video-preview":"max-video-preview:-1"},"canonical":"https:\/\/tomata.sk\/en\/produkt-detail\/horcica-plnotucna-premium\/","og_locale":"en_GB","og_type":"article","og_title":"Hor\u010dica plnotu\u010dn\u00e1 Pr\u00e9mium 350g - Tomata Original","og_description":"Na\u0161a kr\u00e9mov\u00e1, zlato\u017elt\u00e1 hor\u010dica si status pr\u00e9mium zasl\u00fa\u017eila v\u010faka vysok\u00e9mu podielu hor\u010di\u010dn\u00fdch z\u0155n vrcholovej kvality. Dochuten\u00e1 vyberan\u00fdmi koreninami a sladen\u00e1 cukrom dod\u00e1 vynikaj\u00facu chu\u0165 ka\u017ed\u00e9mu jedlu. Tento skvel\u00fd mix surov\u00edn predstavuje povinn\u00fa v\u00fdbavu ka\u017edej dobrej kuchyne.","og_url":"https:\/\/tomata.sk\/en\/produkt-detail\/horcica-plnotucna-premium\/","og_site_name":"Tomata Original","article_publisher":"https:\/\/www.facebook.com\/tomataoriginal","article_modified_time":"2026-03-19T13:25:03+00:00","og_image":[{"width":800,"height":800,"url":"https:\/\/tomata.sk\/wp-content\/uploads\/2022\/11\/tomata-plnotucna-horcica-premium-370g-sklo-2021.png","type":"image\/png"}],"twitter_card":"summary_large_image","twitter_misc":{"Estimated reading time":"2 minutes"},"schema":{"@context":"https:\/\/schema.org","@graph":[{"@type":"WebPage","@id":"https:\/\/tomata.sk\/produkt-detail\/horcica-plnotucna-premium\/","url":"https:\/\/tomata.sk\/produkt-detail\/horcica-plnotucna-premium\/","name":"Hor\u010dica plnotu\u010dn\u00e1 Pr\u00e9mium 350g - Tomata Original","isPartOf":{"@id":"https:\/\/tomata.sk\/en\/#website"},"primaryImageOfPage":{"@id":"https:\/\/tomata.sk\/produkt-detail\/horcica-plnotucna-premium\/#primaryimage"},"image":{"@id":"https:\/\/tomata.sk\/produkt-detail\/horcica-plnotucna-premium\/#primaryimage"},"thumbnailUrl":"https:\/\/tomata.sk\/wp-content\/uploads\/2022\/11\/tomata-plnotucna-horcica-premium-370g-sklo-2021.png","datePublished":"2022-11-30T13:03:15+00:00","dateModified":"2026-03-19T13:25:03+00:00","breadcrumb":{"@id":"https:\/\/tomata.sk\/produkt-detail\/horcica-plnotucna-premium\/#breadcrumb"},"inLanguage":"en-GB","potentialAction":[{"@type":"ReadAction","target":["https:\/\/tomata.sk\/produkt-detail\/horcica-plnotucna-premium\/"]}]},{"@type":"ImageObject","inLanguage":"en-GB","@id":"https:\/\/tomata.sk\/produkt-detail\/horcica-plnotucna-premium\/#primaryimage","url":"https:\/\/tomata.sk\/wp-content\/uploads\/2022\/11\/tomata-plnotucna-horcica-premium-370g-sklo-2021.png","contentUrl":"https:\/\/tomata.sk\/wp-content\/uploads\/2022\/11\/tomata-plnotucna-horcica-premium-370g-sklo-2021.png","width":800,"height":800,"caption":"tomata-plnotucna-horcica-premium-370g-sklo-2021"},{"@type":"BreadcrumbList","@id":"https:\/\/tomata.sk\/produkt-detail\/horcica-plnotucna-premium\/#breadcrumb","itemListElement":[{"@type":"ListItem","position":1,"name":"Domovsk\u00e1 str\u00e1nka","item":"https:\/\/tomata.sk\/en\/"},{"@type":"ListItem","position":2,"name":"Products","item":"https:\/\/tomata.sk\/en\/shop\/"},{"@type":"ListItem","position":3,"name":"Hor\u010dica plnotu\u010dn\u00e1 Pr\u00e9mium 350g"}]},{"@type":"WebSite","@id":"https:\/\/tomata.sk\/en\/#website","url":"https:\/\/tomata.sk\/en\/","name":"Tomata Original","description":"Slovensk\u00fd v\u00fdrobca paradajkov\u00fdch pretlakov, ke\u010dupov a hor\u010d\u00edc.","publisher":{"@id":"https:\/\/tomata.sk\/en\/#organization"},"potentialAction":[{"@type":"SearchAction","target":{"@type":"EntryPoint","urlTemplate":"https:\/\/tomata.sk\/en\/?s={search_term_string}"},"query-input":{"@type":"PropertyValueSpecification","valueRequired":true,"valueName":"search_term_string"}}],"inLanguage":"en-GB"},{"@type":"Organization","@id":"https:\/\/tomata.sk\/en\/#organization","name":"Tomata s.r.o.","url":"https:\/\/tomata.sk\/en\/","logo":{"@type":"ImageObject","inLanguage":"en-GB","@id":"https:\/\/tomata.sk\/en\/#\/schema\/logo\/image\/","url":"https:\/\/tomata.sk\/wp-content\/uploads\/2022\/08\/tomata_logo-500.png","contentUrl":"https:\/\/tomata.sk\/wp-content\/uploads\/2022\/08\/tomata_logo-500.png","width":500,"height":501,"caption":"Tomata s.r.o."},"image":{"@id":"https:\/\/tomata.sk\/en\/#\/schema\/logo\/image\/"},"sameAs":["https:\/\/www.facebook.com\/tomataoriginal"]}]}},"_links":{"self":[{"href":"https:\/\/tomata.sk\/en\/wp-json\/wp\/v2\/product\/608","targetHints":{"allow":["GET"]}}],"collection":[{"href":"https:\/\/tomata.sk\/en\/wp-json\/wp\/v2\/product"}],"about":[{"href":"https:\/\/tomata.sk\/en\/wp-json\/wp\/v2\/types\/product"}],"replies":[{"embeddable":true,"href":"https:\/\/tomata.sk\/en\/wp-json\/wp\/v2\/comments?post=608"}],"wp:featuredmedia":[{"embeddable":true,"href":"https:\/\/tomata.sk\/en\/wp-json\/wp\/v2\/media\/763"}],"wp:attachment":[{"href":"https:\/\/tomata.sk\/en\/wp-json\/wp\/v2\/media?parent=608"}],"wp:term":[{"taxonomy":"product_brand","embeddable":true,"href":"https:\/\/tomata.sk\/en\/wp-json\/wp\/v2\/product_brand?post=608"},{"taxonomy":"product_cat","embeddable":true,"href":"https:\/\/tomata.sk\/en\/wp-json\/wp\/v2\/product_cat?post=608"},{"taxonomy":"product_tag","embeddable":true,"href":"https:\/\/tomata.sk\/en\/wp-json\/wp\/v2\/product_tag?post=608"}],"curies":[{"name":"wp","href":"https:\/\/api.w.org\/{rel}","templated":true}]}}