{"id":607,"date":"2022-11-30T13:58:40","date_gmt":"2022-11-30T12:58:40","guid":{"rendered":"https:\/\/www.tomata.sk\/?post_type=product&#038;p=607"},"modified":"2026-03-19T14:22:56","modified_gmt":"2026-03-19T13:22:56","slug":"paradajkovy-pretlak-premium","status":"publish","type":"product","link":"https:\/\/tomata.sk\/en\/produkt-detail\/paradajkovy-pretlak-premium\/","title":{"rendered":"Paradajkov\u00fd pretlak Pr\u00e9mium 370g"},"content":{"rendered":"<h4 class=\"hmotnost\" style=\"text-align: center;\">370g<\/h4>\n<p style=\"text-align: left;\">We are the number one in the Slovak market in the production of tomato puree. In this segment, we are pushing the boundaries and coming up with a novelty in the form of tomato puree of above-standard quality. Our premium puree is made from 100% honest juicy tomatoes. After opening it, you will feel the real aroma and taste of real tomatoes, like from your grandmother. Puree is a part of many dishes and therefore must not be missing in any kitchen. In our company, we keep up with the times and ecology is part of our corporate policy. That is why we pack this exceptional product in a completely recyclable glass container, friendly to nature. In addition to home-grown tomatoes from the fertile fields of Southern Slovakia, you will not find any chemicals in our puree. It is free of any preservatives, GMO ingredients, dyes or allergens. The absence of gluten is a matter of course and this great product can also be enjoyed by celiacs.<\/p>\n<p><strong>Sterilized.<\/strong><\/p>\n<p style=\"text-align: left;\"><strong>Ingredients: tomatoes (90%), glucose syrup, modified corn starch.<\/strong> tomatoes\u00a0<strong>(480 g fresh tomatoes per 100 g puree)<\/strong>.<\/p>\n<p style=\"text-align: left;\"><strong>Best before:<\/strong>\u00a0stated on the packaging. Store in a dry place. Protect from direct sunlight and frost. Consume immediately after opening.<\/p>\n<p style=\"text-align: left;\"><strong>Slovak product.<\/strong><\/p>\n<p><strong>Made from Slovak tomatoes.<\/strong><\/p>\n<p style=\"text-align: left;\"><strong>No added preservatives &amp; artificial colors. GMO &amp; gluten free.<\/strong><\/p>\n<p>&nbsp;<\/p>\n<p><strong><em>Logistics information:<\/em><\/strong><\/p>\n<p><em>10 pieces \/ carton<\/em><\/p>\n<p><em>160 pieces \/ layer\u00a0\u00a0\u00a0\u00a0\u00a0\u00a0\u00a0\u00a0\u00a0\u00a0\u00a0\u00a0\u00a0\u00a0\u00a0\u00a0\u00a0 16 cartons \/ layer<\/em><\/p>\n<p><em>1120 kusov \/ paleta\u00a0\u00a0\u00a0\u00a0\u00a0\u00a0\u00a0\u00a0\u00a0\u00a0\u00a0\u00a0\u00a0\u00a0\u00a0 112 kart\u00f3nov \/ paleta\u00a0 \u00a0 \u00a0 \u00a0 \u00a0 \u00a0 \u00a0 \u00a0 \u00a07 vrstiev \/ paleta<\/em><\/p>","protected":false},"excerpt":{"rendered":"<p>We are number one in the production of a tomato puree on the Slovak market. That\u2019s why we keep pushing our boundaries and proudly present this tasty novelty \u2013 premium tomato puree of above-standard quality. This extraordinary puree is made from 100% freshly harvested tomatoes only.<\/p>","protected":false},"featured_media":758,"comment_status":"open","ping_status":"closed","template":"","meta":[],"product_brand":[],"product_cat":[36],"product_tag":[31],"class_list":{"0":"post-607","1":"product","2":"type-product","3":"status-publish","4":"has-post-thumbnail","6":"product_cat-premiove-produkty","7":"product_tag-sklo","9":"first","10":"instock","11":"shipping-taxable","12":"product-type-simple"},"yoast_head":"<!-- This site is optimized with the Yoast SEO plugin v25.1 - https:\/\/yoast.com\/wordpress\/plugins\/seo\/ -->\n<title>Paradajkov\u00fd pretlak Pr\u00e9mium 370g - Tomata Original<\/title>\n<meta name=\"robots\" content=\"index, follow, max-snippet:-1, max-image-preview:large, max-video-preview:-1\" \/>\n<link rel=\"canonical\" href=\"https:\/\/tomata.sk\/en\/produkt-detail\/paradajkovy-pretlak-premium\/\" \/>\n<meta property=\"og:locale\" content=\"en_GB\" \/>\n<meta property=\"og:type\" content=\"article\" \/>\n<meta property=\"og:title\" content=\"Paradajkov\u00fd pretlak Pr\u00e9mium 370g - Tomata Original\" \/>\n<meta property=\"og:description\" content=\"Na Slovenskom trhu sme vo v\u00fdrobe raj\u010dinov\u00e9ho pretlaku jednotka. V tomto segmente pos\u00favame hranice a prich\u00e1dzame s novinkou vo forme paradajkov\u00e9ho pretlaku nad\u0161tandardnej kvality. N\u00e1\u0161 pr\u00e9miov\u00fd pretlak je vyroben\u00fd zo 100% poctiv\u00fdch \u0161\u0165avnat\u00fdch raj\u010d\u00edn.\" \/>\n<meta property=\"og:url\" content=\"https:\/\/tomata.sk\/en\/produkt-detail\/paradajkovy-pretlak-premium\/\" \/>\n<meta property=\"og:site_name\" content=\"Tomata Original\" \/>\n<meta property=\"article:publisher\" content=\"https:\/\/www.facebook.com\/tomataoriginal\" \/>\n<meta property=\"article:modified_time\" content=\"2026-03-19T13:22:56+00:00\" \/>\n<meta property=\"og:image\" content=\"https:\/\/tomata.sk\/wp-content\/uploads\/2022\/11\/tomata-pretlak-premium-370g-sklo.png\" \/>\n\t<meta property=\"og:image:width\" content=\"800\" \/>\n\t<meta property=\"og:image:height\" content=\"800\" \/>\n\t<meta property=\"og:image:type\" content=\"image\/png\" \/>\n<meta name=\"twitter:card\" content=\"summary_large_image\" \/>\n<meta name=\"twitter:label1\" content=\"Estimated reading time\" \/>\n\t<meta name=\"twitter:data1\" content=\"2 minutes\" \/>\n<script type=\"application\/ld+json\" class=\"yoast-schema-graph\">{\"@context\":\"https:\/\/schema.org\",\"@graph\":[{\"@type\":\"WebPage\",\"@id\":\"https:\/\/tomata.sk\/produkt-detail\/paradajkovy-pretlak-premium\/\",\"url\":\"https:\/\/tomata.sk\/produkt-detail\/paradajkovy-pretlak-premium\/\",\"name\":\"Paradajkov\u00fd pretlak Pr\u00e9mium 370g - Tomata Original\",\"isPartOf\":{\"@id\":\"https:\/\/tomata.sk\/en\/#website\"},\"primaryImageOfPage\":{\"@id\":\"https:\/\/tomata.sk\/produkt-detail\/paradajkovy-pretlak-premium\/#primaryimage\"},\"image\":{\"@id\":\"https:\/\/tomata.sk\/produkt-detail\/paradajkovy-pretlak-premium\/#primaryimage\"},\"thumbnailUrl\":\"https:\/\/tomata.sk\/wp-content\/uploads\/2022\/11\/tomata-pretlak-premium-370g-sklo.png\",\"datePublished\":\"2022-11-30T12:58:40+00:00\",\"dateModified\":\"2026-03-19T13:22:56+00:00\",\"breadcrumb\":{\"@id\":\"https:\/\/tomata.sk\/produkt-detail\/paradajkovy-pretlak-premium\/#breadcrumb\"},\"inLanguage\":\"en-GB\",\"potentialAction\":[{\"@type\":\"ReadAction\",\"target\":[\"https:\/\/tomata.sk\/produkt-detail\/paradajkovy-pretlak-premium\/\"]}]},{\"@type\":\"ImageObject\",\"inLanguage\":\"en-GB\",\"@id\":\"https:\/\/tomata.sk\/produkt-detail\/paradajkovy-pretlak-premium\/#primaryimage\",\"url\":\"https:\/\/tomata.sk\/wp-content\/uploads\/2022\/11\/tomata-pretlak-premium-370g-sklo.png\",\"contentUrl\":\"https:\/\/tomata.sk\/wp-content\/uploads\/2022\/11\/tomata-pretlak-premium-370g-sklo.png\",\"width\":800,\"height\":800,\"caption\":\"tomata-pretlak-premium-370g-sklo\"},{\"@type\":\"BreadcrumbList\",\"@id\":\"https:\/\/tomata.sk\/produkt-detail\/paradajkovy-pretlak-premium\/#breadcrumb\",\"itemListElement\":[{\"@type\":\"ListItem\",\"position\":1,\"name\":\"Domovsk\u00e1 str\u00e1nka\",\"item\":\"https:\/\/tomata.sk\/en\/\"},{\"@type\":\"ListItem\",\"position\":2,\"name\":\"Products\",\"item\":\"https:\/\/tomata.sk\/en\/shop\/\"},{\"@type\":\"ListItem\",\"position\":3,\"name\":\"Paradajkov\u00fd pretlak Pr\u00e9mium 370g\"}]},{\"@type\":\"WebSite\",\"@id\":\"https:\/\/tomata.sk\/en\/#website\",\"url\":\"https:\/\/tomata.sk\/en\/\",\"name\":\"Tomata Original\",\"description\":\"Slovensk\u00fd v\u00fdrobca paradajkov\u00fdch pretlakov, ke\u010dupov a hor\u010d\u00edc.\",\"publisher\":{\"@id\":\"https:\/\/tomata.sk\/en\/#organization\"},\"potentialAction\":[{\"@type\":\"SearchAction\",\"target\":{\"@type\":\"EntryPoint\",\"urlTemplate\":\"https:\/\/tomata.sk\/en\/?s={search_term_string}\"},\"query-input\":{\"@type\":\"PropertyValueSpecification\",\"valueRequired\":true,\"valueName\":\"search_term_string\"}}],\"inLanguage\":\"en-GB\"},{\"@type\":\"Organization\",\"@id\":\"https:\/\/tomata.sk\/en\/#organization\",\"name\":\"Tomata s.r.o.\",\"url\":\"https:\/\/tomata.sk\/en\/\",\"logo\":{\"@type\":\"ImageObject\",\"inLanguage\":\"en-GB\",\"@id\":\"https:\/\/tomata.sk\/en\/#\/schema\/logo\/image\/\",\"url\":\"https:\/\/tomata.sk\/wp-content\/uploads\/2022\/08\/tomata_logo-500.png\",\"contentUrl\":\"https:\/\/tomata.sk\/wp-content\/uploads\/2022\/08\/tomata_logo-500.png\",\"width\":500,\"height\":501,\"caption\":\"Tomata s.r.o.\"},\"image\":{\"@id\":\"https:\/\/tomata.sk\/en\/#\/schema\/logo\/image\/\"},\"sameAs\":[\"https:\/\/www.facebook.com\/tomataoriginal\"]}]}<\/script>\n<!-- \/ Yoast SEO plugin. -->","yoast_head_json":{"title":"Paradajkov\u00fd pretlak Pr\u00e9mium 370g - Tomata Original","robots":{"index":"index","follow":"follow","max-snippet":"max-snippet:-1","max-image-preview":"max-image-preview:large","max-video-preview":"max-video-preview:-1"},"canonical":"https:\/\/tomata.sk\/en\/produkt-detail\/paradajkovy-pretlak-premium\/","og_locale":"en_GB","og_type":"article","og_title":"Paradajkov\u00fd pretlak Pr\u00e9mium 370g - Tomata Original","og_description":"Na Slovenskom trhu sme vo v\u00fdrobe raj\u010dinov\u00e9ho pretlaku jednotka. V tomto segmente pos\u00favame hranice a prich\u00e1dzame s novinkou vo forme paradajkov\u00e9ho pretlaku nad\u0161tandardnej kvality. N\u00e1\u0161 pr\u00e9miov\u00fd pretlak je vyroben\u00fd zo 100% poctiv\u00fdch \u0161\u0165avnat\u00fdch raj\u010d\u00edn.","og_url":"https:\/\/tomata.sk\/en\/produkt-detail\/paradajkovy-pretlak-premium\/","og_site_name":"Tomata Original","article_publisher":"https:\/\/www.facebook.com\/tomataoriginal","article_modified_time":"2026-03-19T13:22:56+00:00","og_image":[{"width":800,"height":800,"url":"https:\/\/tomata.sk\/wp-content\/uploads\/2022\/11\/tomata-pretlak-premium-370g-sklo.png","type":"image\/png"}],"twitter_card":"summary_large_image","twitter_misc":{"Estimated reading time":"2 minutes"},"schema":{"@context":"https:\/\/schema.org","@graph":[{"@type":"WebPage","@id":"https:\/\/tomata.sk\/produkt-detail\/paradajkovy-pretlak-premium\/","url":"https:\/\/tomata.sk\/produkt-detail\/paradajkovy-pretlak-premium\/","name":"Paradajkov\u00fd pretlak Pr\u00e9mium 370g - Tomata Original","isPartOf":{"@id":"https:\/\/tomata.sk\/en\/#website"},"primaryImageOfPage":{"@id":"https:\/\/tomata.sk\/produkt-detail\/paradajkovy-pretlak-premium\/#primaryimage"},"image":{"@id":"https:\/\/tomata.sk\/produkt-detail\/paradajkovy-pretlak-premium\/#primaryimage"},"thumbnailUrl":"https:\/\/tomata.sk\/wp-content\/uploads\/2022\/11\/tomata-pretlak-premium-370g-sklo.png","datePublished":"2022-11-30T12:58:40+00:00","dateModified":"2026-03-19T13:22:56+00:00","breadcrumb":{"@id":"https:\/\/tomata.sk\/produkt-detail\/paradajkovy-pretlak-premium\/#breadcrumb"},"inLanguage":"en-GB","potentialAction":[{"@type":"ReadAction","target":["https:\/\/tomata.sk\/produkt-detail\/paradajkovy-pretlak-premium\/"]}]},{"@type":"ImageObject","inLanguage":"en-GB","@id":"https:\/\/tomata.sk\/produkt-detail\/paradajkovy-pretlak-premium\/#primaryimage","url":"https:\/\/tomata.sk\/wp-content\/uploads\/2022\/11\/tomata-pretlak-premium-370g-sklo.png","contentUrl":"https:\/\/tomata.sk\/wp-content\/uploads\/2022\/11\/tomata-pretlak-premium-370g-sklo.png","width":800,"height":800,"caption":"tomata-pretlak-premium-370g-sklo"},{"@type":"BreadcrumbList","@id":"https:\/\/tomata.sk\/produkt-detail\/paradajkovy-pretlak-premium\/#breadcrumb","itemListElement":[{"@type":"ListItem","position":1,"name":"Domovsk\u00e1 str\u00e1nka","item":"https:\/\/tomata.sk\/en\/"},{"@type":"ListItem","position":2,"name":"Products","item":"https:\/\/tomata.sk\/en\/shop\/"},{"@type":"ListItem","position":3,"name":"Paradajkov\u00fd pretlak Pr\u00e9mium 370g"}]},{"@type":"WebSite","@id":"https:\/\/tomata.sk\/en\/#website","url":"https:\/\/tomata.sk\/en\/","name":"Tomata Original","description":"Slovensk\u00fd v\u00fdrobca paradajkov\u00fdch pretlakov, ke\u010dupov a hor\u010d\u00edc.","publisher":{"@id":"https:\/\/tomata.sk\/en\/#organization"},"potentialAction":[{"@type":"SearchAction","target":{"@type":"EntryPoint","urlTemplate":"https:\/\/tomata.sk\/en\/?s={search_term_string}"},"query-input":{"@type":"PropertyValueSpecification","valueRequired":true,"valueName":"search_term_string"}}],"inLanguage":"en-GB"},{"@type":"Organization","@id":"https:\/\/tomata.sk\/en\/#organization","name":"Tomata s.r.o.","url":"https:\/\/tomata.sk\/en\/","logo":{"@type":"ImageObject","inLanguage":"en-GB","@id":"https:\/\/tomata.sk\/en\/#\/schema\/logo\/image\/","url":"https:\/\/tomata.sk\/wp-content\/uploads\/2022\/08\/tomata_logo-500.png","contentUrl":"https:\/\/tomata.sk\/wp-content\/uploads\/2022\/08\/tomata_logo-500.png","width":500,"height":501,"caption":"Tomata s.r.o."},"image":{"@id":"https:\/\/tomata.sk\/en\/#\/schema\/logo\/image\/"},"sameAs":["https:\/\/www.facebook.com\/tomataoriginal"]}]}},"_links":{"self":[{"href":"https:\/\/tomata.sk\/en\/wp-json\/wp\/v2\/product\/607","targetHints":{"allow":["GET"]}}],"collection":[{"href":"https:\/\/tomata.sk\/en\/wp-json\/wp\/v2\/product"}],"about":[{"href":"https:\/\/tomata.sk\/en\/wp-json\/wp\/v2\/types\/product"}],"replies":[{"embeddable":true,"href":"https:\/\/tomata.sk\/en\/wp-json\/wp\/v2\/comments?post=607"}],"wp:featuredmedia":[{"embeddable":true,"href":"https:\/\/tomata.sk\/en\/wp-json\/wp\/v2\/media\/758"}],"wp:attachment":[{"href":"https:\/\/tomata.sk\/en\/wp-json\/wp\/v2\/media?parent=607"}],"wp:term":[{"taxonomy":"product_brand","embeddable":true,"href":"https:\/\/tomata.sk\/en\/wp-json\/wp\/v2\/product_brand?post=607"},{"taxonomy":"product_cat","embeddable":true,"href":"https:\/\/tomata.sk\/en\/wp-json\/wp\/v2\/product_cat?post=607"},{"taxonomy":"product_tag","embeddable":true,"href":"https:\/\/tomata.sk\/en\/wp-json\/wp\/v2\/product_tag?post=607"}],"curies":[{"name":"wp","href":"https:\/\/api.w.org\/{rel}","templated":true}]}}