{"id":603,"date":"2022-11-30T13:48:07","date_gmt":"2022-11-30T12:48:07","guid":{"rendered":"https:\/\/www.tomata.sk\/?post_type=product&#038;p=603"},"modified":"2026-03-19T14:21:04","modified_gmt":"2026-03-19T13:21:04","slug":"kecup-jemny-premium","status":"publish","type":"product","link":"https:\/\/tomata.sk\/en\/produkt-detail\/kecup-jemny-premium\/","title":{"rendered":"Ke\u010dup jemn\u00fd Pr\u00e9mium 510g"},"content":{"rendered":"<h4 class=\"hmotnost\" style=\"text-align: center;\">510g<\/h4>\n<p style=\"text-align: left;\">Our effort to satisfy even the most demanding customers and to produce only from the best raw materials resulted in the launch of the production of premium ketchup. Made from a high proportion of the sweetest tomatoes from Slovak fields, this extraordinary delicacy exceeds all expectations. We are very proud that this great ketchup has been awarded the Slovak GOLD quality mark, which clearly speaks of its first-class quality. Made according to the original recipe with the addition of traditional spices and vegetables to improve the taste, this delicacy will remind you of what a real honest ketchup should taste like from your grandmother. As we are a progressive, modern company, we think ecologically. We pack this, as well as many other products in our portfolio, in practical re-sealable bottles with reduced weight of recyclable plastic packaging, which is ideal for everyday use, whether at home or at a picnic or grill party. Customer health and satisfaction are our priority. We therefore believe that harmful chemicals do not belong in food - the above-standard level of the product guarantees that it is 100% free of preservatives, GMO ingredients, dyes and allergens, including gluten. Ketchup is therefore suitable for absolutely everyone, even celiacs.<\/p>\n<p style=\"text-align: left;\"><strong>Sterilized.<\/strong><\/p>\n<p style=\"text-align: left;\" class=\"translation-block\"><strong>Ingredients:<\/strong> tomato puree <strong>(240g tomatoes per 100g ketchup)<\/strong>, water, sugar, salt, fermented spirit vinegar, spice extract, dried onion, dried garlic, spices.<\/p>\n<p style=\"text-align: left;\"><strong>Best before:<\/strong>\u00a0stated on the cap. Protect from direct sunlight and frost. After opening, store in a cool place below 7\u00b0C. Before first use, unscrew the cap and remove the protective foil.<\/p>\n<p style=\"text-align: left;\"><strong>Slovak product.<\/strong><\/p>\n<p style=\"text-align: left;\"><strong>Made from Slovak tomatoes.<\/strong><\/p>\n<p style=\"text-align: left;\"><strong>No added preservatives &amp; artificial colors. GMO &amp; gluten free.<\/strong><\/p>\n<p>&nbsp;<\/p>\n<p><strong><em>Logistics information:<\/em><\/strong><\/p>\n<p><em>15 pieces \/ carton<\/em><\/p>\n<p><em>180 pieces \/ layer\u00a0\u00a0\u00a0\u00a0\u00a0\u00a0\u00a0\u00a0\u00a0\u00a0\u00a0\u00a0\u00a0\u00a0\u00a0\u00a0\u00a0 12 cartons \/ layer<\/em><\/p>\n<p><em>1080 kusov \/ paleta\u00a0 \u00a0 \u00a0 \u00a0 \u00a0 \u00a0 \u00a0 \u00a0 \u00a072 kart\u00f3nov \/ paleta\u00a0 \u00a0 \u00a0 \u00a0 \u00a0 \u00a0 \u00a0 \u00a0 \u00a06 vrstiev \/ paleta<\/em><\/p>","protected":false},"excerpt":{"rendered":"<p>Our effort to satisfy even the most demanding customers and to produce from the best materials only has resulted into launch of the premium line of products. Made from a high amount of the sweetest tomatoes from Slovak fields, this extraordinary delicacy exceeds all your expectations. We are very proud that this tasty ketchup is awarded by Slovak GOLD quality mark, which clearly testifies to its first-class quality.<\/p>","protected":false},"featured_media":760,"comment_status":"open","ping_status":"closed","template":"","meta":[],"product_brand":[],"product_cat":[36],"product_tag":[30],"class_list":{"0":"post-603","1":"product","2":"type-product","3":"status-publish","4":"has-post-thumbnail","6":"product_cat-premiove-produkty","7":"product_tag-pet","9":"first","10":"instock","11":"shipping-taxable","12":"product-type-simple"},"yoast_head":"<!-- This site is optimized with the Yoast SEO plugin v25.1 - https:\/\/yoast.com\/wordpress\/plugins\/seo\/ -->\n<title>Ke\u010dup jemn\u00fd Pr\u00e9mium 510g - Tomata Original<\/title>\n<meta name=\"robots\" content=\"index, follow, max-snippet:-1, max-image-preview:large, max-video-preview:-1\" \/>\n<link rel=\"canonical\" href=\"https:\/\/tomata.sk\/en\/produkt-detail\/kecup-jemny-premium\/\" \/>\n<meta property=\"og:locale\" content=\"en_GB\" \/>\n<meta property=\"og:type\" content=\"article\" \/>\n<meta property=\"og:title\" content=\"Ke\u010dup jemn\u00fd Pr\u00e9mium 510g - Tomata Original\" \/>\n<meta property=\"og:description\" content=\"Na\u0161a snaha uspokoji\u0165 aj najn\u00e1ro\u010dnej\u0161\u00edch z\u00e1kazn\u00edkov a vyr\u00e1ba\u0165 len z najlep\u0161\u00edch surov\u00edn vy\u00fastila do spustenia v\u00fdroby ke\u010dupu pr\u00e9miovej rady. Vyroben\u00e1 z vysok\u00e9ho podielu najslad\u0161\u00edch paradajok zo Slovensk\u00fdch pol\u00ed, t\u00e1to mimoriadna poch\u00fa\u0165ka pred\u010d\u00ed v\u0161etky o\u010dak\u00e1vania. Sme ve\u013emi hrd\u00ed, \u017ee je tento skvel\u00fd ke\u010dup ocenen\u00fd zna\u010dkou kvality Slovak GOLD, ktor\u00e1 jednozna\u010dne vypoved\u00e1 o jeho prvotriednej akosti.\" \/>\n<meta property=\"og:url\" content=\"https:\/\/tomata.sk\/en\/produkt-detail\/kecup-jemny-premium\/\" \/>\n<meta property=\"og:site_name\" content=\"Tomata Original\" \/>\n<meta property=\"article:publisher\" content=\"https:\/\/www.facebook.com\/tomataoriginal\" \/>\n<meta property=\"article:modified_time\" content=\"2026-03-19T13:21:04+00:00\" \/>\n<meta property=\"og:image\" content=\"https:\/\/tomata.sk\/wp-content\/uploads\/2022\/11\/tomata-kecup-premium-jemny.png\" \/>\n\t<meta property=\"og:image:width\" content=\"800\" \/>\n\t<meta property=\"og:image:height\" content=\"800\" \/>\n\t<meta property=\"og:image:type\" content=\"image\/png\" \/>\n<meta name=\"twitter:card\" content=\"summary_large_image\" \/>\n<meta name=\"twitter:label1\" content=\"Estimated reading time\" \/>\n\t<meta name=\"twitter:data1\" content=\"2 minutes\" \/>\n<script type=\"application\/ld+json\" class=\"yoast-schema-graph\">{\"@context\":\"https:\/\/schema.org\",\"@graph\":[{\"@type\":\"WebPage\",\"@id\":\"https:\/\/tomata.sk\/produkt-detail\/kecup-jemny-premium\/\",\"url\":\"https:\/\/tomata.sk\/produkt-detail\/kecup-jemny-premium\/\",\"name\":\"Ke\u010dup jemn\u00fd Pr\u00e9mium 510g - Tomata Original\",\"isPartOf\":{\"@id\":\"https:\/\/tomata.sk\/en\/#website\"},\"primaryImageOfPage\":{\"@id\":\"https:\/\/tomata.sk\/produkt-detail\/kecup-jemny-premium\/#primaryimage\"},\"image\":{\"@id\":\"https:\/\/tomata.sk\/produkt-detail\/kecup-jemny-premium\/#primaryimage\"},\"thumbnailUrl\":\"https:\/\/tomata.sk\/wp-content\/uploads\/2022\/11\/tomata-kecup-premium-jemny.png\",\"datePublished\":\"2022-11-30T12:48:07+00:00\",\"dateModified\":\"2026-03-19T13:21:04+00:00\",\"breadcrumb\":{\"@id\":\"https:\/\/tomata.sk\/produkt-detail\/kecup-jemny-premium\/#breadcrumb\"},\"inLanguage\":\"en-GB\",\"potentialAction\":[{\"@type\":\"ReadAction\",\"target\":[\"https:\/\/tomata.sk\/produkt-detail\/kecup-jemny-premium\/\"]}]},{\"@type\":\"ImageObject\",\"inLanguage\":\"en-GB\",\"@id\":\"https:\/\/tomata.sk\/produkt-detail\/kecup-jemny-premium\/#primaryimage\",\"url\":\"https:\/\/tomata.sk\/wp-content\/uploads\/2022\/11\/tomata-kecup-premium-jemny.png\",\"contentUrl\":\"https:\/\/tomata.sk\/wp-content\/uploads\/2022\/11\/tomata-kecup-premium-jemny.png\",\"width\":800,\"height\":800,\"caption\":\"tomata-kecup-premium-jemny\"},{\"@type\":\"BreadcrumbList\",\"@id\":\"https:\/\/tomata.sk\/produkt-detail\/kecup-jemny-premium\/#breadcrumb\",\"itemListElement\":[{\"@type\":\"ListItem\",\"position\":1,\"name\":\"Domovsk\u00e1 str\u00e1nka\",\"item\":\"https:\/\/tomata.sk\/en\/\"},{\"@type\":\"ListItem\",\"position\":2,\"name\":\"Products\",\"item\":\"https:\/\/tomata.sk\/en\/shop\/\"},{\"@type\":\"ListItem\",\"position\":3,\"name\":\"Ke\u010dup jemn\u00fd Pr\u00e9mium 510g\"}]},{\"@type\":\"WebSite\",\"@id\":\"https:\/\/tomata.sk\/en\/#website\",\"url\":\"https:\/\/tomata.sk\/en\/\",\"name\":\"Tomata Original\",\"description\":\"Slovensk\u00fd v\u00fdrobca paradajkov\u00fdch pretlakov, ke\u010dupov a hor\u010d\u00edc.\",\"publisher\":{\"@id\":\"https:\/\/tomata.sk\/en\/#organization\"},\"potentialAction\":[{\"@type\":\"SearchAction\",\"target\":{\"@type\":\"EntryPoint\",\"urlTemplate\":\"https:\/\/tomata.sk\/en\/?s={search_term_string}\"},\"query-input\":{\"@type\":\"PropertyValueSpecification\",\"valueRequired\":true,\"valueName\":\"search_term_string\"}}],\"inLanguage\":\"en-GB\"},{\"@type\":\"Organization\",\"@id\":\"https:\/\/tomata.sk\/en\/#organization\",\"name\":\"Tomata s.r.o.\",\"url\":\"https:\/\/tomata.sk\/en\/\",\"logo\":{\"@type\":\"ImageObject\",\"inLanguage\":\"en-GB\",\"@id\":\"https:\/\/tomata.sk\/en\/#\/schema\/logo\/image\/\",\"url\":\"https:\/\/tomata.sk\/wp-content\/uploads\/2022\/08\/tomata_logo-500.png\",\"contentUrl\":\"https:\/\/tomata.sk\/wp-content\/uploads\/2022\/08\/tomata_logo-500.png\",\"width\":500,\"height\":501,\"caption\":\"Tomata s.r.o.\"},\"image\":{\"@id\":\"https:\/\/tomata.sk\/en\/#\/schema\/logo\/image\/\"},\"sameAs\":[\"https:\/\/www.facebook.com\/tomataoriginal\"]}]}<\/script>\n<!-- \/ Yoast SEO plugin. -->","yoast_head_json":{"title":"Ke\u010dup jemn\u00fd Pr\u00e9mium 510g - Tomata Original","robots":{"index":"index","follow":"follow","max-snippet":"max-snippet:-1","max-image-preview":"max-image-preview:large","max-video-preview":"max-video-preview:-1"},"canonical":"https:\/\/tomata.sk\/en\/produkt-detail\/kecup-jemny-premium\/","og_locale":"en_GB","og_type":"article","og_title":"Ke\u010dup jemn\u00fd Pr\u00e9mium 510g - Tomata Original","og_description":"Na\u0161a snaha uspokoji\u0165 aj najn\u00e1ro\u010dnej\u0161\u00edch z\u00e1kazn\u00edkov a vyr\u00e1ba\u0165 len z najlep\u0161\u00edch surov\u00edn vy\u00fastila do spustenia v\u00fdroby ke\u010dupu pr\u00e9miovej rady. Vyroben\u00e1 z vysok\u00e9ho podielu najslad\u0161\u00edch paradajok zo Slovensk\u00fdch pol\u00ed, t\u00e1to mimoriadna poch\u00fa\u0165ka pred\u010d\u00ed v\u0161etky o\u010dak\u00e1vania. Sme ve\u013emi hrd\u00ed, \u017ee je tento skvel\u00fd ke\u010dup ocenen\u00fd zna\u010dkou kvality Slovak GOLD, ktor\u00e1 jednozna\u010dne vypoved\u00e1 o jeho prvotriednej akosti.","og_url":"https:\/\/tomata.sk\/en\/produkt-detail\/kecup-jemny-premium\/","og_site_name":"Tomata Original","article_publisher":"https:\/\/www.facebook.com\/tomataoriginal","article_modified_time":"2026-03-19T13:21:04+00:00","og_image":[{"width":800,"height":800,"url":"https:\/\/tomata.sk\/wp-content\/uploads\/2022\/11\/tomata-kecup-premium-jemny.png","type":"image\/png"}],"twitter_card":"summary_large_image","twitter_misc":{"Estimated reading time":"2 minutes"},"schema":{"@context":"https:\/\/schema.org","@graph":[{"@type":"WebPage","@id":"https:\/\/tomata.sk\/produkt-detail\/kecup-jemny-premium\/","url":"https:\/\/tomata.sk\/produkt-detail\/kecup-jemny-premium\/","name":"Ke\u010dup jemn\u00fd Pr\u00e9mium 510g - Tomata Original","isPartOf":{"@id":"https:\/\/tomata.sk\/en\/#website"},"primaryImageOfPage":{"@id":"https:\/\/tomata.sk\/produkt-detail\/kecup-jemny-premium\/#primaryimage"},"image":{"@id":"https:\/\/tomata.sk\/produkt-detail\/kecup-jemny-premium\/#primaryimage"},"thumbnailUrl":"https:\/\/tomata.sk\/wp-content\/uploads\/2022\/11\/tomata-kecup-premium-jemny.png","datePublished":"2022-11-30T12:48:07+00:00","dateModified":"2026-03-19T13:21:04+00:00","breadcrumb":{"@id":"https:\/\/tomata.sk\/produkt-detail\/kecup-jemny-premium\/#breadcrumb"},"inLanguage":"en-GB","potentialAction":[{"@type":"ReadAction","target":["https:\/\/tomata.sk\/produkt-detail\/kecup-jemny-premium\/"]}]},{"@type":"ImageObject","inLanguage":"en-GB","@id":"https:\/\/tomata.sk\/produkt-detail\/kecup-jemny-premium\/#primaryimage","url":"https:\/\/tomata.sk\/wp-content\/uploads\/2022\/11\/tomata-kecup-premium-jemny.png","contentUrl":"https:\/\/tomata.sk\/wp-content\/uploads\/2022\/11\/tomata-kecup-premium-jemny.png","width":800,"height":800,"caption":"tomata-kecup-premium-jemny"},{"@type":"BreadcrumbList","@id":"https:\/\/tomata.sk\/produkt-detail\/kecup-jemny-premium\/#breadcrumb","itemListElement":[{"@type":"ListItem","position":1,"name":"Domovsk\u00e1 str\u00e1nka","item":"https:\/\/tomata.sk\/en\/"},{"@type":"ListItem","position":2,"name":"Products","item":"https:\/\/tomata.sk\/en\/shop\/"},{"@type":"ListItem","position":3,"name":"Ke\u010dup jemn\u00fd Pr\u00e9mium 510g"}]},{"@type":"WebSite","@id":"https:\/\/tomata.sk\/en\/#website","url":"https:\/\/tomata.sk\/en\/","name":"Tomata Original","description":"Slovensk\u00fd v\u00fdrobca paradajkov\u00fdch pretlakov, ke\u010dupov a hor\u010d\u00edc.","publisher":{"@id":"https:\/\/tomata.sk\/en\/#organization"},"potentialAction":[{"@type":"SearchAction","target":{"@type":"EntryPoint","urlTemplate":"https:\/\/tomata.sk\/en\/?s={search_term_string}"},"query-input":{"@type":"PropertyValueSpecification","valueRequired":true,"valueName":"search_term_string"}}],"inLanguage":"en-GB"},{"@type":"Organization","@id":"https:\/\/tomata.sk\/en\/#organization","name":"Tomata s.r.o.","url":"https:\/\/tomata.sk\/en\/","logo":{"@type":"ImageObject","inLanguage":"en-GB","@id":"https:\/\/tomata.sk\/en\/#\/schema\/logo\/image\/","url":"https:\/\/tomata.sk\/wp-content\/uploads\/2022\/08\/tomata_logo-500.png","contentUrl":"https:\/\/tomata.sk\/wp-content\/uploads\/2022\/08\/tomata_logo-500.png","width":500,"height":501,"caption":"Tomata s.r.o."},"image":{"@id":"https:\/\/tomata.sk\/en\/#\/schema\/logo\/image\/"},"sameAs":["https:\/\/www.facebook.com\/tomataoriginal"]}]}},"_links":{"self":[{"href":"https:\/\/tomata.sk\/en\/wp-json\/wp\/v2\/product\/603","targetHints":{"allow":["GET"]}}],"collection":[{"href":"https:\/\/tomata.sk\/en\/wp-json\/wp\/v2\/product"}],"about":[{"href":"https:\/\/tomata.sk\/en\/wp-json\/wp\/v2\/types\/product"}],"replies":[{"embeddable":true,"href":"https:\/\/tomata.sk\/en\/wp-json\/wp\/v2\/comments?post=603"}],"wp:featuredmedia":[{"embeddable":true,"href":"https:\/\/tomata.sk\/en\/wp-json\/wp\/v2\/media\/760"}],"wp:attachment":[{"href":"https:\/\/tomata.sk\/en\/wp-json\/wp\/v2\/media?parent=603"}],"wp:term":[{"taxonomy":"product_brand","embeddable":true,"href":"https:\/\/tomata.sk\/en\/wp-json\/wp\/v2\/product_brand?post=603"},{"taxonomy":"product_cat","embeddable":true,"href":"https:\/\/tomata.sk\/en\/wp-json\/wp\/v2\/product_cat?post=603"},{"taxonomy":"product_tag","embeddable":true,"href":"https:\/\/tomata.sk\/en\/wp-json\/wp\/v2\/product_tag?post=603"}],"curies":[{"name":"wp","href":"https:\/\/api.w.org\/{rel}","templated":true}]}}