{"id":600,"date":"2022-11-30T12:04:13","date_gmt":"2022-11-30T11:04:13","guid":{"rendered":"https:\/\/www.tomata.sk\/?post_type=product&#038;p=600"},"modified":"2026-03-19T14:30:34","modified_gmt":"2026-03-19T13:30:34","slug":"paprikova-pomazanka-lahodkova-8586003762333","status":"publish","type":"product","link":"https:\/\/tomata.sk\/en\/produkt-detail\/paprikova-pomazanka-lahodkova-8586003762333\/","title":{"rendered":"Paprikov\u00e1 pomazanka lah\u00f4dkov\u00e1 180g"},"content":{"rendered":"<h4 class=\"hmotnost\" style=\"text-align: center;\">180g<\/h4>\n<p style=\"text-align: left;\">Ordinary spread with extraordinary taste. These words can describe this goodness in a practical packing prepared by our traditional recepture. In a practical packing for daily use.<\/p>\n<p style=\"text-align: left;\"><strong>Sterilized.<\/strong><\/p>\n<p style=\"text-align: left;\"><strong>Ingredients: tomatoes (90%), glucose syrup, modified corn starch.<\/strong> \u010derven\u00e1 paprika (55%), <strong>paradajkov\u00fd pretlak,<\/strong> gluk\u00f3zov\u00fd sirup, rastlinn\u00fd olej (repkov\u00fd n\u00edzkoerukov\u00fd), jedl\u00e1 so\u013e, modifikovan\u00fd kukuri\u010dn\u00fd \u0161krob, voda, su\u0161en\u00e1 cibu\u013ea, su\u0161en\u00fd cesnak a koreniny.<\/p>\n<p style=\"text-align: left;\"><strong>Best before:<\/strong> stated on the packaging. Store in a dry place. Protect from direct sunlight and frost.<\/p>\n<p style=\"text-align: left;\"><strong>Slovak product.<\/strong><\/p>\n<p style=\"text-align: left;\"><strong>No added preservatives &amp; artificial colors. GMO &amp; gluten free.<\/strong><\/p>\n<p>&nbsp;<\/p>\n<p><strong><em>Logistics information:<\/em><\/strong><\/p>\n<p><em>20 pieces \/ carton<\/em><\/p>\n<p><em>220 pieces \/ layer\u00a0\u00a0\u00a0\u00a0\u00a0\u00a0\u00a0\u00a0\u00a0\u00a0\u00a0\u00a0\u00a0\u00a0\u00a0\u00a0\u00a0 11 cartons \/ layer<\/em><\/p>\n<p><em>2200 kusov \/ paleta\u00a0 \u00a0 \u00a0 \u00a0 \u00a0 \u00a0 \u00a0 \u00a0110 kart\u00f3nov \/ paleta\u00a0 \u00a0 \u00a0 \u00a0 \u00a0 \u00a0 \u00a0 \u00a0 \u00a010 vrstiev \/ paleta<\/em><\/p>","protected":false},"excerpt":{"rendered":"<p>Ordinary spread with extraordinary taste. These words can describe this goodness in a practical packing prepared by our traditional recepture. In a practical packing for daily use. Without preservatives and also gluten free.<\/p>","protected":false},"featured_media":974,"comment_status":"open","ping_status":"closed","template":"","meta":[],"product_brand":[],"product_cat":[35],"product_tag":[31],"class_list":{"0":"post-600","1":"product","2":"type-product","3":"status-publish","4":"has-post-thumbnail","6":"product_cat-omacky-a-pochutiny","7":"product_tag-sklo","9":"first","10":"instock","11":"shipping-taxable","12":"product-type-simple"},"yoast_head":"<!-- This site is optimized with the Yoast SEO plugin v25.1 - https:\/\/yoast.com\/wordpress\/plugins\/seo\/ -->\n<title>Paprikov\u00e1 pomazanka lah\u00f4dkov\u00e1 180g - Tomata Original<\/title>\n<meta name=\"robots\" content=\"index, follow, max-snippet:-1, max-image-preview:large, max-video-preview:-1\" \/>\n<link rel=\"canonical\" href=\"https:\/\/tomata.sk\/en\/produkt-detail\/paprikova-pomazanka-lahodkova-8586003762333\/\" \/>\n<meta property=\"og:locale\" content=\"en_GB\" \/>\n<meta property=\"og:type\" content=\"article\" \/>\n<meta property=\"og:title\" content=\"Paprikov\u00e1 pomazanka lah\u00f4dkov\u00e1 180g - Tomata Original\" \/>\n<meta property=\"og:description\" content=\"Oby\u010dajn\u00e1 pomaz\u00e1nka s neoby\u010dajnou chu\u0165ou. Tieto slov\u00e1 vystihuj\u00fa t\u00fato poch\u00fa\u0165ku praktickom balen\u00ed pre ka\u017edodenn\u00e9 pou\u017e\u00edvanie. Bez konzerva\u010dn\u00fdch l\u00e1tok a glut\u00e9nu.\" \/>\n<meta property=\"og:url\" content=\"https:\/\/tomata.sk\/en\/produkt-detail\/paprikova-pomazanka-lahodkova-8586003762333\/\" \/>\n<meta property=\"og:site_name\" content=\"Tomata Original\" \/>\n<meta property=\"article:publisher\" content=\"https:\/\/www.facebook.com\/tomataoriginal\" \/>\n<meta property=\"article:modified_time\" content=\"2026-03-19T13:30:34+00:00\" \/>\n<meta property=\"og:image\" content=\"https:\/\/tomata.sk\/wp-content\/uploads\/2022\/11\/paprikova-pomazanka-lahodkova-180g-08-2023.png\" \/>\n\t<meta property=\"og:image:width\" content=\"800\" \/>\n\t<meta property=\"og:image:height\" content=\"800\" \/>\n\t<meta property=\"og:image:type\" content=\"image\/png\" \/>\n<meta name=\"twitter:card\" content=\"summary_large_image\" \/>\n<meta name=\"twitter:label1\" content=\"Estimated reading time\" \/>\n\t<meta name=\"twitter:data1\" content=\"1 minute\" \/>\n<script type=\"application\/ld+json\" class=\"yoast-schema-graph\">{\"@context\":\"https:\/\/schema.org\",\"@graph\":[{\"@type\":\"WebPage\",\"@id\":\"https:\/\/tomata.sk\/produkt-detail\/paprikova-pomazanka-lahodkova-8586003762333\/\",\"url\":\"https:\/\/tomata.sk\/produkt-detail\/paprikova-pomazanka-lahodkova-8586003762333\/\",\"name\":\"Paprikov\u00e1 pomazanka lah\u00f4dkov\u00e1 180g - Tomata Original\",\"isPartOf\":{\"@id\":\"https:\/\/tomata.sk\/en\/#website\"},\"primaryImageOfPage\":{\"@id\":\"https:\/\/tomata.sk\/produkt-detail\/paprikova-pomazanka-lahodkova-8586003762333\/#primaryimage\"},\"image\":{\"@id\":\"https:\/\/tomata.sk\/produkt-detail\/paprikova-pomazanka-lahodkova-8586003762333\/#primaryimage\"},\"thumbnailUrl\":\"https:\/\/tomata.sk\/wp-content\/uploads\/2022\/11\/paprikova-pomazanka-lahodkova-180g-08-2023.png\",\"datePublished\":\"2022-11-30T11:04:13+00:00\",\"dateModified\":\"2026-03-19T13:30:34+00:00\",\"breadcrumb\":{\"@id\":\"https:\/\/tomata.sk\/produkt-detail\/paprikova-pomazanka-lahodkova-8586003762333\/#breadcrumb\"},\"inLanguage\":\"en-GB\",\"potentialAction\":[{\"@type\":\"ReadAction\",\"target\":[\"https:\/\/tomata.sk\/produkt-detail\/paprikova-pomazanka-lahodkova-8586003762333\/\"]}]},{\"@type\":\"ImageObject\",\"inLanguage\":\"en-GB\",\"@id\":\"https:\/\/tomata.sk\/produkt-detail\/paprikova-pomazanka-lahodkova-8586003762333\/#primaryimage\",\"url\":\"https:\/\/tomata.sk\/wp-content\/uploads\/2022\/11\/paprikova-pomazanka-lahodkova-180g-08-2023.png\",\"contentUrl\":\"https:\/\/tomata.sk\/wp-content\/uploads\/2022\/11\/paprikova-pomazanka-lahodkova-180g-08-2023.png\",\"width\":800,\"height\":800,\"caption\":\"paprikova-pomazanka-lahodkova-180g-08-2023\"},{\"@type\":\"BreadcrumbList\",\"@id\":\"https:\/\/tomata.sk\/produkt-detail\/paprikova-pomazanka-lahodkova-8586003762333\/#breadcrumb\",\"itemListElement\":[{\"@type\":\"ListItem\",\"position\":1,\"name\":\"Domovsk\u00e1 str\u00e1nka\",\"item\":\"https:\/\/tomata.sk\/en\/\"},{\"@type\":\"ListItem\",\"position\":2,\"name\":\"Products\",\"item\":\"https:\/\/tomata.sk\/en\/shop\/\"},{\"@type\":\"ListItem\",\"position\":3,\"name\":\"Paprikov\u00e1 pomazanka lah\u00f4dkov\u00e1 180g\"}]},{\"@type\":\"WebSite\",\"@id\":\"https:\/\/tomata.sk\/en\/#website\",\"url\":\"https:\/\/tomata.sk\/en\/\",\"name\":\"Tomata Original\",\"description\":\"Slovensk\u00fd v\u00fdrobca paradajkov\u00fdch pretlakov, ke\u010dupov a hor\u010d\u00edc.\",\"publisher\":{\"@id\":\"https:\/\/tomata.sk\/en\/#organization\"},\"potentialAction\":[{\"@type\":\"SearchAction\",\"target\":{\"@type\":\"EntryPoint\",\"urlTemplate\":\"https:\/\/tomata.sk\/en\/?s={search_term_string}\"},\"query-input\":{\"@type\":\"PropertyValueSpecification\",\"valueRequired\":true,\"valueName\":\"search_term_string\"}}],\"inLanguage\":\"en-GB\"},{\"@type\":\"Organization\",\"@id\":\"https:\/\/tomata.sk\/en\/#organization\",\"name\":\"Tomata s.r.o.\",\"url\":\"https:\/\/tomata.sk\/en\/\",\"logo\":{\"@type\":\"ImageObject\",\"inLanguage\":\"en-GB\",\"@id\":\"https:\/\/tomata.sk\/en\/#\/schema\/logo\/image\/\",\"url\":\"https:\/\/tomata.sk\/wp-content\/uploads\/2022\/08\/tomata_logo-500.png\",\"contentUrl\":\"https:\/\/tomata.sk\/wp-content\/uploads\/2022\/08\/tomata_logo-500.png\",\"width\":500,\"height\":501,\"caption\":\"Tomata s.r.o.\"},\"image\":{\"@id\":\"https:\/\/tomata.sk\/en\/#\/schema\/logo\/image\/\"},\"sameAs\":[\"https:\/\/www.facebook.com\/tomataoriginal\"]}]}<\/script>\n<!-- \/ Yoast SEO plugin. -->","yoast_head_json":{"title":"Paprikov\u00e1 pomazanka lah\u00f4dkov\u00e1 180g - Tomata Original","robots":{"index":"index","follow":"follow","max-snippet":"max-snippet:-1","max-image-preview":"max-image-preview:large","max-video-preview":"max-video-preview:-1"},"canonical":"https:\/\/tomata.sk\/en\/produkt-detail\/paprikova-pomazanka-lahodkova-8586003762333\/","og_locale":"en_GB","og_type":"article","og_title":"Paprikov\u00e1 pomazanka lah\u00f4dkov\u00e1 180g - Tomata Original","og_description":"Oby\u010dajn\u00e1 pomaz\u00e1nka s neoby\u010dajnou chu\u0165ou. Tieto slov\u00e1 vystihuj\u00fa t\u00fato poch\u00fa\u0165ku praktickom balen\u00ed pre ka\u017edodenn\u00e9 pou\u017e\u00edvanie. Bez konzerva\u010dn\u00fdch l\u00e1tok a glut\u00e9nu.","og_url":"https:\/\/tomata.sk\/en\/produkt-detail\/paprikova-pomazanka-lahodkova-8586003762333\/","og_site_name":"Tomata Original","article_publisher":"https:\/\/www.facebook.com\/tomataoriginal","article_modified_time":"2026-03-19T13:30:34+00:00","og_image":[{"width":800,"height":800,"url":"https:\/\/tomata.sk\/wp-content\/uploads\/2022\/11\/paprikova-pomazanka-lahodkova-180g-08-2023.png","type":"image\/png"}],"twitter_card":"summary_large_image","twitter_misc":{"Estimated reading time":"1 minute"},"schema":{"@context":"https:\/\/schema.org","@graph":[{"@type":"WebPage","@id":"https:\/\/tomata.sk\/produkt-detail\/paprikova-pomazanka-lahodkova-8586003762333\/","url":"https:\/\/tomata.sk\/produkt-detail\/paprikova-pomazanka-lahodkova-8586003762333\/","name":"Paprikov\u00e1 pomazanka lah\u00f4dkov\u00e1 180g - Tomata Original","isPartOf":{"@id":"https:\/\/tomata.sk\/en\/#website"},"primaryImageOfPage":{"@id":"https:\/\/tomata.sk\/produkt-detail\/paprikova-pomazanka-lahodkova-8586003762333\/#primaryimage"},"image":{"@id":"https:\/\/tomata.sk\/produkt-detail\/paprikova-pomazanka-lahodkova-8586003762333\/#primaryimage"},"thumbnailUrl":"https:\/\/tomata.sk\/wp-content\/uploads\/2022\/11\/paprikova-pomazanka-lahodkova-180g-08-2023.png","datePublished":"2022-11-30T11:04:13+00:00","dateModified":"2026-03-19T13:30:34+00:00","breadcrumb":{"@id":"https:\/\/tomata.sk\/produkt-detail\/paprikova-pomazanka-lahodkova-8586003762333\/#breadcrumb"},"inLanguage":"en-GB","potentialAction":[{"@type":"ReadAction","target":["https:\/\/tomata.sk\/produkt-detail\/paprikova-pomazanka-lahodkova-8586003762333\/"]}]},{"@type":"ImageObject","inLanguage":"en-GB","@id":"https:\/\/tomata.sk\/produkt-detail\/paprikova-pomazanka-lahodkova-8586003762333\/#primaryimage","url":"https:\/\/tomata.sk\/wp-content\/uploads\/2022\/11\/paprikova-pomazanka-lahodkova-180g-08-2023.png","contentUrl":"https:\/\/tomata.sk\/wp-content\/uploads\/2022\/11\/paprikova-pomazanka-lahodkova-180g-08-2023.png","width":800,"height":800,"caption":"paprikova-pomazanka-lahodkova-180g-08-2023"},{"@type":"BreadcrumbList","@id":"https:\/\/tomata.sk\/produkt-detail\/paprikova-pomazanka-lahodkova-8586003762333\/#breadcrumb","itemListElement":[{"@type":"ListItem","position":1,"name":"Domovsk\u00e1 str\u00e1nka","item":"https:\/\/tomata.sk\/en\/"},{"@type":"ListItem","position":2,"name":"Products","item":"https:\/\/tomata.sk\/en\/shop\/"},{"@type":"ListItem","position":3,"name":"Paprikov\u00e1 pomazanka lah\u00f4dkov\u00e1 180g"}]},{"@type":"WebSite","@id":"https:\/\/tomata.sk\/en\/#website","url":"https:\/\/tomata.sk\/en\/","name":"Tomata Original","description":"Slovensk\u00fd v\u00fdrobca paradajkov\u00fdch pretlakov, ke\u010dupov a hor\u010d\u00edc.","publisher":{"@id":"https:\/\/tomata.sk\/en\/#organization"},"potentialAction":[{"@type":"SearchAction","target":{"@type":"EntryPoint","urlTemplate":"https:\/\/tomata.sk\/en\/?s={search_term_string}"},"query-input":{"@type":"PropertyValueSpecification","valueRequired":true,"valueName":"search_term_string"}}],"inLanguage":"en-GB"},{"@type":"Organization","@id":"https:\/\/tomata.sk\/en\/#organization","name":"Tomata s.r.o.","url":"https:\/\/tomata.sk\/en\/","logo":{"@type":"ImageObject","inLanguage":"en-GB","@id":"https:\/\/tomata.sk\/en\/#\/schema\/logo\/image\/","url":"https:\/\/tomata.sk\/wp-content\/uploads\/2022\/08\/tomata_logo-500.png","contentUrl":"https:\/\/tomata.sk\/wp-content\/uploads\/2022\/08\/tomata_logo-500.png","width":500,"height":501,"caption":"Tomata s.r.o."},"image":{"@id":"https:\/\/tomata.sk\/en\/#\/schema\/logo\/image\/"},"sameAs":["https:\/\/www.facebook.com\/tomataoriginal"]}]}},"_links":{"self":[{"href":"https:\/\/tomata.sk\/en\/wp-json\/wp\/v2\/product\/600","targetHints":{"allow":["GET"]}}],"collection":[{"href":"https:\/\/tomata.sk\/en\/wp-json\/wp\/v2\/product"}],"about":[{"href":"https:\/\/tomata.sk\/en\/wp-json\/wp\/v2\/types\/product"}],"replies":[{"embeddable":true,"href":"https:\/\/tomata.sk\/en\/wp-json\/wp\/v2\/comments?post=600"}],"wp:featuredmedia":[{"embeddable":true,"href":"https:\/\/tomata.sk\/en\/wp-json\/wp\/v2\/media\/974"}],"wp:attachment":[{"href":"https:\/\/tomata.sk\/en\/wp-json\/wp\/v2\/media?parent=600"}],"wp:term":[{"taxonomy":"product_brand","embeddable":true,"href":"https:\/\/tomata.sk\/en\/wp-json\/wp\/v2\/product_brand?post=600"},{"taxonomy":"product_cat","embeddable":true,"href":"https:\/\/tomata.sk\/en\/wp-json\/wp\/v2\/product_cat?post=600"},{"taxonomy":"product_tag","embeddable":true,"href":"https:\/\/tomata.sk\/en\/wp-json\/wp\/v2\/product_tag?post=600"}],"curies":[{"name":"wp","href":"https:\/\/api.w.org\/{rel}","templated":true}]}}