{"id":590,"date":"2022-11-30T11:25:08","date_gmt":"2022-11-30T10:25:08","guid":{"rendered":"https:\/\/www.tomata.sk\/?post_type=product&#038;p=590"},"modified":"2026-03-31T10:34:31","modified_gmt":"2026-03-31T08:34:31","slug":"horcica-s-chrenom-8586003762319","status":"publish","type":"product","link":"https:\/\/tomata.sk\/en\/produkt-detail\/horcica-s-chrenom-8586003762319\/","title":{"rendered":"Hor\u010dica s chrenom 250g"},"content":{"rendered":"<h4 class=\"hmotnost\" style=\"text-align: center;\">250g<\/h4>\n<p style=\"text-align: left;\">This slightly spicy flavoured mustard is a fusion of horseradish and mustard seeds which moves taste of every meat to whole another level of deliciousness. In a practical packing ideal for every grill party.<\/p>\n<p><strong>Ingredients: tomatoes (90%), glucose syrup, modified corn starch.<\/strong> voda, chren (\u010derstv\u00fd mlet\u00fd chren 65%, voda, rastlinn\u00fd slne\u010dnicov\u00fd olej, cukor, ocot kvasn\u00fd liehov\u00fd, modifikovan\u00fd kukuri\u010dn\u00fd \u0161krob, so\u013e, regul\u00e1tor kyslosti: kyselina citr\u00f3nov\u00e1, pr\u00edrodn\u00e1 ar\u00f3ma, konzerva\u010dn\u00e1 l\u00e1tka: disiri\u010ditan sodn\u00fd, antioxidant: kyselina askorbov\u00e1), <strong>hor\u010di\u010dn\u00e9 semienka,<\/strong> ocot kvasn\u00fd liehov\u00fd, so\u013e, koreniny, antioxidant: disiri\u010ditan draseln\u00fd.<\/p>\n<p><strong>Best before:<\/strong> stated on the lid.<br \/>\nProtect from moisture, direct sunlight and freeze. Shake before the opening, unscrew the lid and remove the foil.<\/p>\n<p><strong>Slovak product.<\/strong><\/p>\n<p><strong>Free from artificial colors, GMO ingredients and gluten.<\/strong><\/p>\n<p>&nbsp;<\/p>\n<p><strong><em>Logistics information:<\/em><\/strong><\/p>\n<p><em>10 pieces \/ carton<\/em><\/p>\n<p><em>160 pieces \/ layer\u00a0\u00a0\u00a0\u00a0\u00a0\u00a0\u00a0\u00a0\u00a0\u00a0\u00a0\u00a0\u00a0\u00a0\u00a0\u00a0\u00a0 16 cartons \/ layer<\/em><\/p>\n<p><em>1600 kusov \/ paleta\u00a0 \u00a0 \u00a0 \u00a0 \u00a0 \u00a0 \u00a0 \u00a0160 kart\u00f3nov \/ paleta\u00a0 \u00a0 \u00a0 \u00a0 \u00a0 \u00a0 \u00a0 \u00a0 \u00a010 vrstiev \/ paleta<\/em><\/p>","protected":false},"excerpt":{"rendered":"<p>This slightly spicy flavoured mustard is a fusion of horseradish and mustard seeds which moves taste of every meat to whole another level of deliciousness. In a practical packing ideal for every grill party. Without preservatives and also gluten free.<\/p>","protected":false},"featured_media":976,"comment_status":"open","ping_status":"closed","template":"","meta":[],"product_brand":[],"product_cat":[34],"product_tag":[30],"class_list":{"0":"post-590","1":"product","2":"type-product","3":"status-publish","4":"has-post-thumbnail","6":"product_cat-horcice","7":"product_tag-pet","9":"first","10":"instock","11":"shipping-taxable","12":"product-type-simple"},"yoast_head":"<!-- This site is optimized with the Yoast SEO plugin v25.1 - https:\/\/yoast.com\/wordpress\/plugins\/seo\/ -->\n<title>Hor\u010dica s chrenom 250g - Tomata Original<\/title>\n<meta name=\"robots\" content=\"index, follow, max-snippet:-1, max-image-preview:large, max-video-preview:-1\" \/>\n<link rel=\"canonical\" href=\"https:\/\/tomata.sk\/en\/produkt-detail\/horcica-s-chrenom-8586003762319\/\" \/>\n<meta property=\"og:locale\" content=\"en_GB\" \/>\n<meta property=\"og:type\" content=\"article\" \/>\n<meta property=\"og:title\" content=\"Hor\u010dica s chrenom 250g - Tomata Original\" \/>\n<meta property=\"og:description\" content=\"T\u00e1to jemne pikantn\u00e1 ochuten\u00e1 hor\u010dica je spojen\u00edm chrenu a hor\u010di\u010dn\u00fdch semien, ktor\u00e9 pos\u00fava chu\u0165 ka\u017ed\u00e9ho m\u00e4sa na \u00faplne in\u00fa \u00farove\u0148 lahodnosti. V praktickom balen\u00ed ide\u00e1lnom pre ka\u017ed\u00fa grilova\u010dku. Bez konzerva\u010dn\u00fdch l\u00e1tok a glut\u00e9nu.\" \/>\n<meta property=\"og:url\" content=\"https:\/\/tomata.sk\/en\/produkt-detail\/horcica-s-chrenom-8586003762319\/\" \/>\n<meta property=\"og:site_name\" content=\"Tomata Original\" \/>\n<meta property=\"article:publisher\" content=\"https:\/\/www.facebook.com\/tomataoriginal\" \/>\n<meta property=\"article:modified_time\" content=\"2026-03-31T08:34:31+00:00\" \/>\n<meta property=\"og:image\" content=\"https:\/\/tomata.sk\/wp-content\/uploads\/2022\/11\/horcica-s-chrenom-250g-copy.png\" \/>\n\t<meta property=\"og:image:width\" content=\"800\" \/>\n\t<meta property=\"og:image:height\" content=\"800\" \/>\n\t<meta property=\"og:image:type\" content=\"image\/png\" \/>\n<meta name=\"twitter:card\" content=\"summary_large_image\" \/>\n<meta name=\"twitter:label1\" content=\"Estimated reading time\" \/>\n\t<meta name=\"twitter:data1\" content=\"1 minute\" \/>\n<script type=\"application\/ld+json\" class=\"yoast-schema-graph\">{\"@context\":\"https:\/\/schema.org\",\"@graph\":[{\"@type\":\"WebPage\",\"@id\":\"https:\/\/tomata.sk\/produkt-detail\/horcica-s-chrenom-8586003762319\/\",\"url\":\"https:\/\/tomata.sk\/produkt-detail\/horcica-s-chrenom-8586003762319\/\",\"name\":\"Hor\u010dica s chrenom 250g - Tomata Original\",\"isPartOf\":{\"@id\":\"https:\/\/tomata.sk\/en\/#website\"},\"primaryImageOfPage\":{\"@id\":\"https:\/\/tomata.sk\/produkt-detail\/horcica-s-chrenom-8586003762319\/#primaryimage\"},\"image\":{\"@id\":\"https:\/\/tomata.sk\/produkt-detail\/horcica-s-chrenom-8586003762319\/#primaryimage\"},\"thumbnailUrl\":\"https:\/\/tomata.sk\/wp-content\/uploads\/2022\/11\/horcica-s-chrenom-250g-copy.png\",\"datePublished\":\"2022-11-30T10:25:08+00:00\",\"dateModified\":\"2026-03-31T08:34:31+00:00\",\"breadcrumb\":{\"@id\":\"https:\/\/tomata.sk\/produkt-detail\/horcica-s-chrenom-8586003762319\/#breadcrumb\"},\"inLanguage\":\"en-GB\",\"potentialAction\":[{\"@type\":\"ReadAction\",\"target\":[\"https:\/\/tomata.sk\/produkt-detail\/horcica-s-chrenom-8586003762319\/\"]}]},{\"@type\":\"ImageObject\",\"inLanguage\":\"en-GB\",\"@id\":\"https:\/\/tomata.sk\/produkt-detail\/horcica-s-chrenom-8586003762319\/#primaryimage\",\"url\":\"https:\/\/tomata.sk\/wp-content\/uploads\/2022\/11\/horcica-s-chrenom-250g-copy.png\",\"contentUrl\":\"https:\/\/tomata.sk\/wp-content\/uploads\/2022\/11\/horcica-s-chrenom-250g-copy.png\",\"width\":800,\"height\":800,\"caption\":\"horcica-s-chrenom-250g-copy\"},{\"@type\":\"BreadcrumbList\",\"@id\":\"https:\/\/tomata.sk\/produkt-detail\/horcica-s-chrenom-8586003762319\/#breadcrumb\",\"itemListElement\":[{\"@type\":\"ListItem\",\"position\":1,\"name\":\"Domovsk\u00e1 str\u00e1nka\",\"item\":\"https:\/\/tomata.sk\/en\/\"},{\"@type\":\"ListItem\",\"position\":2,\"name\":\"Products\",\"item\":\"https:\/\/tomata.sk\/en\/shop\/\"},{\"@type\":\"ListItem\",\"position\":3,\"name\":\"Hor\u010dica s chrenom 250g\"}]},{\"@type\":\"WebSite\",\"@id\":\"https:\/\/tomata.sk\/en\/#website\",\"url\":\"https:\/\/tomata.sk\/en\/\",\"name\":\"Tomata Original\",\"description\":\"Slovensk\u00fd v\u00fdrobca paradajkov\u00fdch pretlakov, ke\u010dupov a hor\u010d\u00edc.\",\"publisher\":{\"@id\":\"https:\/\/tomata.sk\/en\/#organization\"},\"potentialAction\":[{\"@type\":\"SearchAction\",\"target\":{\"@type\":\"EntryPoint\",\"urlTemplate\":\"https:\/\/tomata.sk\/en\/?s={search_term_string}\"},\"query-input\":{\"@type\":\"PropertyValueSpecification\",\"valueRequired\":true,\"valueName\":\"search_term_string\"}}],\"inLanguage\":\"en-GB\"},{\"@type\":\"Organization\",\"@id\":\"https:\/\/tomata.sk\/en\/#organization\",\"name\":\"Tomata s.r.o.\",\"url\":\"https:\/\/tomata.sk\/en\/\",\"logo\":{\"@type\":\"ImageObject\",\"inLanguage\":\"en-GB\",\"@id\":\"https:\/\/tomata.sk\/en\/#\/schema\/logo\/image\/\",\"url\":\"https:\/\/tomata.sk\/wp-content\/uploads\/2022\/08\/tomata_logo-500.png\",\"contentUrl\":\"https:\/\/tomata.sk\/wp-content\/uploads\/2022\/08\/tomata_logo-500.png\",\"width\":500,\"height\":501,\"caption\":\"Tomata s.r.o.\"},\"image\":{\"@id\":\"https:\/\/tomata.sk\/en\/#\/schema\/logo\/image\/\"},\"sameAs\":[\"https:\/\/www.facebook.com\/tomataoriginal\"]}]}<\/script>\n<!-- \/ Yoast SEO plugin. -->","yoast_head_json":{"title":"Hor\u010dica s chrenom 250g - Tomata Original","robots":{"index":"index","follow":"follow","max-snippet":"max-snippet:-1","max-image-preview":"max-image-preview:large","max-video-preview":"max-video-preview:-1"},"canonical":"https:\/\/tomata.sk\/en\/produkt-detail\/horcica-s-chrenom-8586003762319\/","og_locale":"en_GB","og_type":"article","og_title":"Hor\u010dica s chrenom 250g - Tomata Original","og_description":"T\u00e1to jemne pikantn\u00e1 ochuten\u00e1 hor\u010dica je spojen\u00edm chrenu a hor\u010di\u010dn\u00fdch semien, ktor\u00e9 pos\u00fava chu\u0165 ka\u017ed\u00e9ho m\u00e4sa na \u00faplne in\u00fa \u00farove\u0148 lahodnosti. V praktickom balen\u00ed ide\u00e1lnom pre ka\u017ed\u00fa grilova\u010dku. Bez konzerva\u010dn\u00fdch l\u00e1tok a glut\u00e9nu.","og_url":"https:\/\/tomata.sk\/en\/produkt-detail\/horcica-s-chrenom-8586003762319\/","og_site_name":"Tomata Original","article_publisher":"https:\/\/www.facebook.com\/tomataoriginal","article_modified_time":"2026-03-31T08:34:31+00:00","og_image":[{"width":800,"height":800,"url":"https:\/\/tomata.sk\/wp-content\/uploads\/2022\/11\/horcica-s-chrenom-250g-copy.png","type":"image\/png"}],"twitter_card":"summary_large_image","twitter_misc":{"Estimated reading time":"1 minute"},"schema":{"@context":"https:\/\/schema.org","@graph":[{"@type":"WebPage","@id":"https:\/\/tomata.sk\/produkt-detail\/horcica-s-chrenom-8586003762319\/","url":"https:\/\/tomata.sk\/produkt-detail\/horcica-s-chrenom-8586003762319\/","name":"Hor\u010dica s chrenom 250g - Tomata Original","isPartOf":{"@id":"https:\/\/tomata.sk\/en\/#website"},"primaryImageOfPage":{"@id":"https:\/\/tomata.sk\/produkt-detail\/horcica-s-chrenom-8586003762319\/#primaryimage"},"image":{"@id":"https:\/\/tomata.sk\/produkt-detail\/horcica-s-chrenom-8586003762319\/#primaryimage"},"thumbnailUrl":"https:\/\/tomata.sk\/wp-content\/uploads\/2022\/11\/horcica-s-chrenom-250g-copy.png","datePublished":"2022-11-30T10:25:08+00:00","dateModified":"2026-03-31T08:34:31+00:00","breadcrumb":{"@id":"https:\/\/tomata.sk\/produkt-detail\/horcica-s-chrenom-8586003762319\/#breadcrumb"},"inLanguage":"en-GB","potentialAction":[{"@type":"ReadAction","target":["https:\/\/tomata.sk\/produkt-detail\/horcica-s-chrenom-8586003762319\/"]}]},{"@type":"ImageObject","inLanguage":"en-GB","@id":"https:\/\/tomata.sk\/produkt-detail\/horcica-s-chrenom-8586003762319\/#primaryimage","url":"https:\/\/tomata.sk\/wp-content\/uploads\/2022\/11\/horcica-s-chrenom-250g-copy.png","contentUrl":"https:\/\/tomata.sk\/wp-content\/uploads\/2022\/11\/horcica-s-chrenom-250g-copy.png","width":800,"height":800,"caption":"horcica-s-chrenom-250g-copy"},{"@type":"BreadcrumbList","@id":"https:\/\/tomata.sk\/produkt-detail\/horcica-s-chrenom-8586003762319\/#breadcrumb","itemListElement":[{"@type":"ListItem","position":1,"name":"Domovsk\u00e1 str\u00e1nka","item":"https:\/\/tomata.sk\/en\/"},{"@type":"ListItem","position":2,"name":"Products","item":"https:\/\/tomata.sk\/en\/shop\/"},{"@type":"ListItem","position":3,"name":"Hor\u010dica s chrenom 250g"}]},{"@type":"WebSite","@id":"https:\/\/tomata.sk\/en\/#website","url":"https:\/\/tomata.sk\/en\/","name":"Tomata Original","description":"Slovensk\u00fd v\u00fdrobca paradajkov\u00fdch pretlakov, ke\u010dupov a hor\u010d\u00edc.","publisher":{"@id":"https:\/\/tomata.sk\/en\/#organization"},"potentialAction":[{"@type":"SearchAction","target":{"@type":"EntryPoint","urlTemplate":"https:\/\/tomata.sk\/en\/?s={search_term_string}"},"query-input":{"@type":"PropertyValueSpecification","valueRequired":true,"valueName":"search_term_string"}}],"inLanguage":"en-GB"},{"@type":"Organization","@id":"https:\/\/tomata.sk\/en\/#organization","name":"Tomata s.r.o.","url":"https:\/\/tomata.sk\/en\/","logo":{"@type":"ImageObject","inLanguage":"en-GB","@id":"https:\/\/tomata.sk\/en\/#\/schema\/logo\/image\/","url":"https:\/\/tomata.sk\/wp-content\/uploads\/2022\/08\/tomata_logo-500.png","contentUrl":"https:\/\/tomata.sk\/wp-content\/uploads\/2022\/08\/tomata_logo-500.png","width":500,"height":501,"caption":"Tomata s.r.o."},"image":{"@id":"https:\/\/tomata.sk\/en\/#\/schema\/logo\/image\/"},"sameAs":["https:\/\/www.facebook.com\/tomataoriginal"]}]}},"_links":{"self":[{"href":"https:\/\/tomata.sk\/en\/wp-json\/wp\/v2\/product\/590","targetHints":{"allow":["GET"]}}],"collection":[{"href":"https:\/\/tomata.sk\/en\/wp-json\/wp\/v2\/product"}],"about":[{"href":"https:\/\/tomata.sk\/en\/wp-json\/wp\/v2\/types\/product"}],"replies":[{"embeddable":true,"href":"https:\/\/tomata.sk\/en\/wp-json\/wp\/v2\/comments?post=590"}],"wp:featuredmedia":[{"embeddable":true,"href":"https:\/\/tomata.sk\/en\/wp-json\/wp\/v2\/media\/976"}],"wp:attachment":[{"href":"https:\/\/tomata.sk\/en\/wp-json\/wp\/v2\/media?parent=590"}],"wp:term":[{"taxonomy":"product_brand","embeddable":true,"href":"https:\/\/tomata.sk\/en\/wp-json\/wp\/v2\/product_brand?post=590"},{"taxonomy":"product_cat","embeddable":true,"href":"https:\/\/tomata.sk\/en\/wp-json\/wp\/v2\/product_cat?post=590"},{"taxonomy":"product_tag","embeddable":true,"href":"https:\/\/tomata.sk\/en\/wp-json\/wp\/v2\/product_tag?post=590"}],"curies":[{"name":"wp","href":"https:\/\/api.w.org\/{rel}","templated":true}]}}