{"id":586,"date":"2022-11-30T11:10:55","date_gmt":"2022-11-30T10:10:55","guid":{"rendered":"https:\/\/www.tomata.sk\/?post_type=product&#038;p=586"},"modified":"2026-03-31T09:54:12","modified_gmt":"2026-03-31T07:54:12","slug":"horcica-kremzska-8586003762234","status":"publish","type":"product","link":"https:\/\/tomata.sk\/en\/produkt-detail\/horcica-kremzska-8586003762234\/","title":{"rendered":"Hor\u010dica krem\u017esk\u00e1 470g"},"content":{"rendered":"<h4 class=\"hmotnost\" style=\"text-align: center;\">470g<\/h4>\n<p style=\"text-align: left;\">For those who love unconventional taste there\u2019s our Krems mustard which adds unique sweet taste to every dish. In a practical packing.<\/p>\n<p><strong>Ingredients: tomatoes (90%), glucose syrup, modified corn starch.<\/strong> pitn\u00e1 voda, <strong>hor\u010di\u010dn\u00e9 semienka<\/strong>, cukor, kvasn\u00fd ocot liehov\u00fd, jedl\u00e1 so\u013e, extrakt z koren\u00edn.<\/p>\n<p><strong>Best before:<\/strong> stated on the lid.<br \/>\nProtect from moisture, direct sunlight and frost. After opening, store in a cool place below 10\u00b0C. Before first use, unscrew the cap and remove the protective foil.<\/p>\n<p><strong>Slovak product.<\/strong><\/p>\n<p><strong>No added preservatives &amp; artificial colors. GMO &amp; gluten free.<\/strong><\/p>\n<p>&nbsp;<\/p>\n<p><strong><em>Logistics information:<\/em><\/strong><\/p>\n<p><em>6 pieces \/ carton<\/em><\/p>\n<p><em>186 pieces \/ layer\u00a0\u00a0\u00a0\u00a0\u00a0\u00a0\u00a0\u00a0\u00a0\u00a0\u00a0\u00a0\u00a0\u00a0\u00a0\u00a0\u00a0 31 cartons \/ layer<\/em><\/p>\n<p><em>1116 kusov \/ paleta\u00a0 \u00a0 \u00a0 \u00a0 \u00a0 \u00a0 \u00a0 \u00a0 \u00a0186 kart\u00f3nov \/ paleta\u00a0 \u00a0 \u00a0 \u00a0 \u00a0 \u00a0 \u00a0 \u00a0 \u00a06 vrstiev \/ paleta<\/em><\/p>","protected":false},"excerpt":{"rendered":"<p>For those who love unconventional taste there\u2019s our Krems mustard which adds unique sweet taste to every dish. In a practical packing without preservatives and also gluten free.<\/p>","protected":false},"featured_media":981,"comment_status":"open","ping_status":"closed","template":"","meta":[],"product_brand":[],"product_cat":[34],"product_tag":[30],"class_list":{"0":"post-586","1":"product","2":"type-product","3":"status-publish","4":"has-post-thumbnail","6":"product_cat-horcice","7":"product_tag-pet","9":"first","10":"instock","11":"shipping-taxable","12":"product-type-simple"},"yoast_head":"<!-- This site is optimized with the Yoast SEO plugin v25.1 - https:\/\/yoast.com\/wordpress\/plugins\/seo\/ -->\n<title>Hor\u010dica krem\u017esk\u00e1 470g - Tomata Original<\/title>\n<meta name=\"robots\" content=\"index, follow, max-snippet:-1, max-image-preview:large, max-video-preview:-1\" \/>\n<link rel=\"canonical\" href=\"https:\/\/tomata.sk\/en\/produkt-detail\/horcica-kremzska-8586003762234\/\" \/>\n<meta property=\"og:locale\" content=\"en_GB\" \/>\n<meta property=\"og:type\" content=\"article\" \/>\n<meta property=\"og:title\" content=\"Hor\u010dica krem\u017esk\u00e1 470g - Tomata Original\" \/>\n<meta property=\"og:description\" content=\"Pre t\u00fdch, ktor\u00ed miluj\u00fa v\u00fdnimo\u010dn\u00e9 chute je tu na\u0161a Krem\u017esk\u00e1 hor\u010dica, ktor\u00e1 prid\u00e1 unik\u00e1tnu sladk\u00fa chu\u0165 do ka\u017ed\u00e9ho jedla. V praktickom balen\u00ed pre ka\u017edodenn\u00e9 pou\u017e\u00edvanie. Bez konzerva\u010dn\u00fdch l\u00e1tok a glut\u00e9nu.\" \/>\n<meta property=\"og:url\" content=\"https:\/\/tomata.sk\/en\/produkt-detail\/horcica-kremzska-8586003762234\/\" \/>\n<meta property=\"og:site_name\" content=\"Tomata Original\" \/>\n<meta property=\"article:publisher\" content=\"https:\/\/www.facebook.com\/tomataoriginal\" \/>\n<meta property=\"article:modified_time\" content=\"2026-03-31T07:54:12+00:00\" \/>\n<meta property=\"og:image\" content=\"https:\/\/tomata.sk\/wp-content\/uploads\/2022\/11\/horcica-kremzska-470g-08-2023.png\" \/>\n\t<meta property=\"og:image:width\" content=\"800\" \/>\n\t<meta property=\"og:image:height\" content=\"800\" \/>\n\t<meta property=\"og:image:type\" content=\"image\/png\" \/>\n<meta name=\"twitter:card\" content=\"summary_large_image\" \/>\n<meta name=\"twitter:label1\" content=\"Estimated reading time\" \/>\n\t<meta name=\"twitter:data1\" content=\"1 minute\" \/>\n<script type=\"application\/ld+json\" class=\"yoast-schema-graph\">{\"@context\":\"https:\/\/schema.org\",\"@graph\":[{\"@type\":\"WebPage\",\"@id\":\"https:\/\/tomata.sk\/produkt-detail\/horcica-kremzska-8586003762234\/\",\"url\":\"https:\/\/tomata.sk\/produkt-detail\/horcica-kremzska-8586003762234\/\",\"name\":\"Hor\u010dica krem\u017esk\u00e1 470g - Tomata Original\",\"isPartOf\":{\"@id\":\"https:\/\/tomata.sk\/en\/#website\"},\"primaryImageOfPage\":{\"@id\":\"https:\/\/tomata.sk\/produkt-detail\/horcica-kremzska-8586003762234\/#primaryimage\"},\"image\":{\"@id\":\"https:\/\/tomata.sk\/produkt-detail\/horcica-kremzska-8586003762234\/#primaryimage\"},\"thumbnailUrl\":\"https:\/\/tomata.sk\/wp-content\/uploads\/2022\/11\/horcica-kremzska-470g-08-2023.png\",\"datePublished\":\"2022-11-30T10:10:55+00:00\",\"dateModified\":\"2026-03-31T07:54:12+00:00\",\"breadcrumb\":{\"@id\":\"https:\/\/tomata.sk\/produkt-detail\/horcica-kremzska-8586003762234\/#breadcrumb\"},\"inLanguage\":\"en-GB\",\"potentialAction\":[{\"@type\":\"ReadAction\",\"target\":[\"https:\/\/tomata.sk\/produkt-detail\/horcica-kremzska-8586003762234\/\"]}]},{\"@type\":\"ImageObject\",\"inLanguage\":\"en-GB\",\"@id\":\"https:\/\/tomata.sk\/produkt-detail\/horcica-kremzska-8586003762234\/#primaryimage\",\"url\":\"https:\/\/tomata.sk\/wp-content\/uploads\/2022\/11\/horcica-kremzska-470g-08-2023.png\",\"contentUrl\":\"https:\/\/tomata.sk\/wp-content\/uploads\/2022\/11\/horcica-kremzska-470g-08-2023.png\",\"width\":800,\"height\":800,\"caption\":\"horcica-kremzska-470g-08-2023\"},{\"@type\":\"BreadcrumbList\",\"@id\":\"https:\/\/tomata.sk\/produkt-detail\/horcica-kremzska-8586003762234\/#breadcrumb\",\"itemListElement\":[{\"@type\":\"ListItem\",\"position\":1,\"name\":\"Domovsk\u00e1 str\u00e1nka\",\"item\":\"https:\/\/tomata.sk\/en\/\"},{\"@type\":\"ListItem\",\"position\":2,\"name\":\"Products\",\"item\":\"https:\/\/tomata.sk\/en\/shop\/\"},{\"@type\":\"ListItem\",\"position\":3,\"name\":\"Hor\u010dica krem\u017esk\u00e1 470g\"}]},{\"@type\":\"WebSite\",\"@id\":\"https:\/\/tomata.sk\/en\/#website\",\"url\":\"https:\/\/tomata.sk\/en\/\",\"name\":\"Tomata Original\",\"description\":\"Slovensk\u00fd v\u00fdrobca paradajkov\u00fdch pretlakov, ke\u010dupov a hor\u010d\u00edc.\",\"publisher\":{\"@id\":\"https:\/\/tomata.sk\/en\/#organization\"},\"potentialAction\":[{\"@type\":\"SearchAction\",\"target\":{\"@type\":\"EntryPoint\",\"urlTemplate\":\"https:\/\/tomata.sk\/en\/?s={search_term_string}\"},\"query-input\":{\"@type\":\"PropertyValueSpecification\",\"valueRequired\":true,\"valueName\":\"search_term_string\"}}],\"inLanguage\":\"en-GB\"},{\"@type\":\"Organization\",\"@id\":\"https:\/\/tomata.sk\/en\/#organization\",\"name\":\"Tomata s.r.o.\",\"url\":\"https:\/\/tomata.sk\/en\/\",\"logo\":{\"@type\":\"ImageObject\",\"inLanguage\":\"en-GB\",\"@id\":\"https:\/\/tomata.sk\/en\/#\/schema\/logo\/image\/\",\"url\":\"https:\/\/tomata.sk\/wp-content\/uploads\/2022\/08\/tomata_logo-500.png\",\"contentUrl\":\"https:\/\/tomata.sk\/wp-content\/uploads\/2022\/08\/tomata_logo-500.png\",\"width\":500,\"height\":501,\"caption\":\"Tomata s.r.o.\"},\"image\":{\"@id\":\"https:\/\/tomata.sk\/en\/#\/schema\/logo\/image\/\"},\"sameAs\":[\"https:\/\/www.facebook.com\/tomataoriginal\"]}]}<\/script>\n<!-- \/ Yoast SEO plugin. -->","yoast_head_json":{"title":"Hor\u010dica krem\u017esk\u00e1 470g - Tomata Original","robots":{"index":"index","follow":"follow","max-snippet":"max-snippet:-1","max-image-preview":"max-image-preview:large","max-video-preview":"max-video-preview:-1"},"canonical":"https:\/\/tomata.sk\/en\/produkt-detail\/horcica-kremzska-8586003762234\/","og_locale":"en_GB","og_type":"article","og_title":"Hor\u010dica krem\u017esk\u00e1 470g - Tomata Original","og_description":"Pre t\u00fdch, ktor\u00ed miluj\u00fa v\u00fdnimo\u010dn\u00e9 chute je tu na\u0161a Krem\u017esk\u00e1 hor\u010dica, ktor\u00e1 prid\u00e1 unik\u00e1tnu sladk\u00fa chu\u0165 do ka\u017ed\u00e9ho jedla. V praktickom balen\u00ed pre ka\u017edodenn\u00e9 pou\u017e\u00edvanie. Bez konzerva\u010dn\u00fdch l\u00e1tok a glut\u00e9nu.","og_url":"https:\/\/tomata.sk\/en\/produkt-detail\/horcica-kremzska-8586003762234\/","og_site_name":"Tomata Original","article_publisher":"https:\/\/www.facebook.com\/tomataoriginal","article_modified_time":"2026-03-31T07:54:12+00:00","og_image":[{"width":800,"height":800,"url":"https:\/\/tomata.sk\/wp-content\/uploads\/2022\/11\/horcica-kremzska-470g-08-2023.png","type":"image\/png"}],"twitter_card":"summary_large_image","twitter_misc":{"Estimated reading time":"1 minute"},"schema":{"@context":"https:\/\/schema.org","@graph":[{"@type":"WebPage","@id":"https:\/\/tomata.sk\/produkt-detail\/horcica-kremzska-8586003762234\/","url":"https:\/\/tomata.sk\/produkt-detail\/horcica-kremzska-8586003762234\/","name":"Hor\u010dica krem\u017esk\u00e1 470g - Tomata Original","isPartOf":{"@id":"https:\/\/tomata.sk\/en\/#website"},"primaryImageOfPage":{"@id":"https:\/\/tomata.sk\/produkt-detail\/horcica-kremzska-8586003762234\/#primaryimage"},"image":{"@id":"https:\/\/tomata.sk\/produkt-detail\/horcica-kremzska-8586003762234\/#primaryimage"},"thumbnailUrl":"https:\/\/tomata.sk\/wp-content\/uploads\/2022\/11\/horcica-kremzska-470g-08-2023.png","datePublished":"2022-11-30T10:10:55+00:00","dateModified":"2026-03-31T07:54:12+00:00","breadcrumb":{"@id":"https:\/\/tomata.sk\/produkt-detail\/horcica-kremzska-8586003762234\/#breadcrumb"},"inLanguage":"en-GB","potentialAction":[{"@type":"ReadAction","target":["https:\/\/tomata.sk\/produkt-detail\/horcica-kremzska-8586003762234\/"]}]},{"@type":"ImageObject","inLanguage":"en-GB","@id":"https:\/\/tomata.sk\/produkt-detail\/horcica-kremzska-8586003762234\/#primaryimage","url":"https:\/\/tomata.sk\/wp-content\/uploads\/2022\/11\/horcica-kremzska-470g-08-2023.png","contentUrl":"https:\/\/tomata.sk\/wp-content\/uploads\/2022\/11\/horcica-kremzska-470g-08-2023.png","width":800,"height":800,"caption":"horcica-kremzska-470g-08-2023"},{"@type":"BreadcrumbList","@id":"https:\/\/tomata.sk\/produkt-detail\/horcica-kremzska-8586003762234\/#breadcrumb","itemListElement":[{"@type":"ListItem","position":1,"name":"Domovsk\u00e1 str\u00e1nka","item":"https:\/\/tomata.sk\/en\/"},{"@type":"ListItem","position":2,"name":"Products","item":"https:\/\/tomata.sk\/en\/shop\/"},{"@type":"ListItem","position":3,"name":"Hor\u010dica krem\u017esk\u00e1 470g"}]},{"@type":"WebSite","@id":"https:\/\/tomata.sk\/en\/#website","url":"https:\/\/tomata.sk\/en\/","name":"Tomata Original","description":"Slovensk\u00fd v\u00fdrobca paradajkov\u00fdch pretlakov, ke\u010dupov a hor\u010d\u00edc.","publisher":{"@id":"https:\/\/tomata.sk\/en\/#organization"},"potentialAction":[{"@type":"SearchAction","target":{"@type":"EntryPoint","urlTemplate":"https:\/\/tomata.sk\/en\/?s={search_term_string}"},"query-input":{"@type":"PropertyValueSpecification","valueRequired":true,"valueName":"search_term_string"}}],"inLanguage":"en-GB"},{"@type":"Organization","@id":"https:\/\/tomata.sk\/en\/#organization","name":"Tomata s.r.o.","url":"https:\/\/tomata.sk\/en\/","logo":{"@type":"ImageObject","inLanguage":"en-GB","@id":"https:\/\/tomata.sk\/en\/#\/schema\/logo\/image\/","url":"https:\/\/tomata.sk\/wp-content\/uploads\/2022\/08\/tomata_logo-500.png","contentUrl":"https:\/\/tomata.sk\/wp-content\/uploads\/2022\/08\/tomata_logo-500.png","width":500,"height":501,"caption":"Tomata s.r.o."},"image":{"@id":"https:\/\/tomata.sk\/en\/#\/schema\/logo\/image\/"},"sameAs":["https:\/\/www.facebook.com\/tomataoriginal"]}]}},"_links":{"self":[{"href":"https:\/\/tomata.sk\/en\/wp-json\/wp\/v2\/product\/586","targetHints":{"allow":["GET"]}}],"collection":[{"href":"https:\/\/tomata.sk\/en\/wp-json\/wp\/v2\/product"}],"about":[{"href":"https:\/\/tomata.sk\/en\/wp-json\/wp\/v2\/types\/product"}],"replies":[{"embeddable":true,"href":"https:\/\/tomata.sk\/en\/wp-json\/wp\/v2\/comments?post=586"}],"wp:featuredmedia":[{"embeddable":true,"href":"https:\/\/tomata.sk\/en\/wp-json\/wp\/v2\/media\/981"}],"wp:attachment":[{"href":"https:\/\/tomata.sk\/en\/wp-json\/wp\/v2\/media?parent=586"}],"wp:term":[{"taxonomy":"product_brand","embeddable":true,"href":"https:\/\/tomata.sk\/en\/wp-json\/wp\/v2\/product_brand?post=586"},{"taxonomy":"product_cat","embeddable":true,"href":"https:\/\/tomata.sk\/en\/wp-json\/wp\/v2\/product_cat?post=586"},{"taxonomy":"product_tag","embeddable":true,"href":"https:\/\/tomata.sk\/en\/wp-json\/wp\/v2\/product_tag?post=586"}],"curies":[{"name":"wp","href":"https:\/\/api.w.org\/{rel}","templated":true}]}}