{"id":579,"date":"2022-11-30T10:14:33","date_gmt":"2022-11-30T09:14:33","guid":{"rendered":"https:\/\/www.tomata.sk\/?post_type=product&#038;p=579"},"modified":"2026-03-19T09:17:17","modified_gmt":"2026-03-19T08:17:17","slug":"paradajkovy-pretlak-8586003760643","status":"publish","type":"product","link":"https:\/\/tomata.sk\/en\/produkt-detail\/paradajkovy-pretlak-8586003760643\/","title":{"rendered":"Paradajkov\u00fd pretlak 3600g"},"content":{"rendered":"<h4 class=\"hmotnost\" style=\"text-align: center;\">3600g<\/h4>\n<div class=\"column mcb-column mcb-item-53bab0eca one tablet-one mobile-one column_column\">\n<div class=\"mcb-column-inner mcb-column-inner-53bab0eca mcb-item-column-inner\">\n<div class=\"column_attr mfn-inline-editor clearfix align_center\">\n<p style=\"text-align: left;\">Original tomato puree full of fresh, sun riped sweet tomatoes in a practical packing for daily use. A must for every family kitchen. Without preservatives and also gluten free.<\/p>\n<\/div>\n<\/div>\n<\/div>\n<div class=\"column mcb-column mcb-item-94c69c54b one tablet-one mobile-one column_column\">\n<div class=\"mcb-column-inner mcb-column-inner-94c69c54b mcb-item-column-inner\">\n<div class=\"column_attr mfn-inline-editor clearfix align_center\">\n<p style=\"text-align: left;\"><strong>Sterilized.<\/strong><\/p>\n<p style=\"text-align: left;\"><strong>Ingredients: tomatoes (90%), glucose syrup, modified corn starch.<\/strong>\u00a0<strong>paradajky (95%),<\/strong> gluk\u00f3zov\u00fd sirup, modifikovan\u00fd kukuri\u010dn\u00fd \u0161krob.<\/p>\n<p style=\"text-align: left;\"><strong>Best before:<\/strong>\u00a0stated on the packaging. Store in a dry place. Protect from direct sunlight and frost. Consume immediately after opening.<\/p>\n<p style=\"text-align: left;\"><strong>Slovak product.<\/strong><\/p>\n<p style=\"text-align: left;\"><strong>No added preservatives &amp; artificial colors. GMO &amp; gluten free.<\/strong><\/p>\n<\/div>\n<p>&nbsp;<\/p>\n<p><strong><em>Logistics information:<\/em><\/strong><\/p>\n<p><em>3 pieces \/ carton<\/em><\/p>\n<p><em>33 pieces \/ layer\u00a0\u00a0\u00a0\u00a0\u00a0\u00a0\u00a0\u00a0\u00a0\u00a0\u00a0\u00a0\u00a0\u00a0\u00a0\u00a0\u00a0 11 cartons \/ layer<\/em><\/p>\n<p><em>132 kusov \/ paleta\u00a0 \u00a0 \u00a0 \u00a0 \u00a0 \u00a0 \u00a0 \u00a0 \u00a044 kart\u00f3nov \/ paleta\u00a0 \u00a0 \u00a0 \u00a0 \u00a0 \u00a0 \u00a0 \u00a0 \u00a04 vrstvy \/ paleta<\/em><\/p>\n<\/div>\n<\/div>","protected":false},"excerpt":{"rendered":"<p>Original tomato puree full of fresh, sun riped sweet tomatoes in a practical packing for daily use. A must for every family kitchen. Without preservatives and also gluten free.<\/p>","protected":false},"featured_media":717,"comment_status":"open","ping_status":"closed","template":"","meta":[],"product_brand":[],"product_cat":[33],"product_tag":[31],"class_list":{"0":"post-579","1":"product","2":"type-product","3":"status-publish","4":"has-post-thumbnail","6":"product_cat-paradajkove-pretlaky-a-drvene-paradajky","7":"product_tag-sklo","9":"first","10":"instock","11":"shipping-taxable","12":"product-type-simple"},"yoast_head":"<!-- This site is optimized with the Yoast SEO plugin v25.1 - https:\/\/yoast.com\/wordpress\/plugins\/seo\/ -->\n<title>Paradajkov\u00fd pretlak 3600g - Tomata Original<\/title>\n<meta name=\"robots\" content=\"index, follow, max-snippet:-1, max-image-preview:large, max-video-preview:-1\" \/>\n<link rel=\"canonical\" href=\"https:\/\/tomata.sk\/en\/produkt-detail\/paradajkovy-pretlak-8586003760643\/\" \/>\n<meta property=\"og:locale\" content=\"en_GB\" \/>\n<meta property=\"og:type\" content=\"article\" \/>\n<meta property=\"og:title\" content=\"Paradajkov\u00fd pretlak 3600g - Tomata Original\" \/>\n<meta property=\"og:description\" content=\"Origin\u00e1lny paradajkov\u00fd pretlak pln\u00fd \u010derstv\u00fdch, na slnku dozret\u00fdch sladk\u00fdch paradajok v praktickom balen\u00ed pre ka\u017edodenn\u00e9 pou\u017eitie. Nesmie ch\u00fdba\u0165 v \u017eiadnej rodinnej kuchyni. Bez konzerva\u010dn\u00fdch l\u00e1tok a glut\u00e9nu.\" \/>\n<meta property=\"og:url\" content=\"https:\/\/tomata.sk\/en\/produkt-detail\/paradajkovy-pretlak-8586003760643\/\" \/>\n<meta property=\"og:site_name\" content=\"Tomata Original\" \/>\n<meta property=\"article:publisher\" content=\"https:\/\/www.facebook.com\/tomataoriginal\" \/>\n<meta property=\"article:modified_time\" content=\"2026-03-19T08:17:17+00:00\" \/>\n<meta property=\"og:image\" content=\"https:\/\/tomata.sk\/wp-content\/uploads\/2022\/11\/paradajkovy-pretlak-3600g-sklo-new.png\" \/>\n\t<meta property=\"og:image:width\" content=\"800\" \/>\n\t<meta property=\"og:image:height\" content=\"800\" \/>\n\t<meta property=\"og:image:type\" content=\"image\/png\" \/>\n<meta name=\"twitter:card\" content=\"summary_large_image\" \/>\n<meta name=\"twitter:label1\" content=\"Estimated reading time\" \/>\n\t<meta name=\"twitter:data1\" content=\"1 minute\" \/>\n<script type=\"application\/ld+json\" class=\"yoast-schema-graph\">{\"@context\":\"https:\/\/schema.org\",\"@graph\":[{\"@type\":\"WebPage\",\"@id\":\"https:\/\/tomata.sk\/produkt-detail\/paradajkovy-pretlak-8586003760643\/\",\"url\":\"https:\/\/tomata.sk\/produkt-detail\/paradajkovy-pretlak-8586003760643\/\",\"name\":\"Paradajkov\u00fd pretlak 3600g - Tomata Original\",\"isPartOf\":{\"@id\":\"https:\/\/tomata.sk\/en\/#website\"},\"primaryImageOfPage\":{\"@id\":\"https:\/\/tomata.sk\/produkt-detail\/paradajkovy-pretlak-8586003760643\/#primaryimage\"},\"image\":{\"@id\":\"https:\/\/tomata.sk\/produkt-detail\/paradajkovy-pretlak-8586003760643\/#primaryimage\"},\"thumbnailUrl\":\"https:\/\/tomata.sk\/wp-content\/uploads\/2022\/11\/paradajkovy-pretlak-3600g-sklo-new.png\",\"datePublished\":\"2022-11-30T09:14:33+00:00\",\"dateModified\":\"2026-03-19T08:17:17+00:00\",\"breadcrumb\":{\"@id\":\"https:\/\/tomata.sk\/produkt-detail\/paradajkovy-pretlak-8586003760643\/#breadcrumb\"},\"inLanguage\":\"en-GB\",\"potentialAction\":[{\"@type\":\"ReadAction\",\"target\":[\"https:\/\/tomata.sk\/produkt-detail\/paradajkovy-pretlak-8586003760643\/\"]}]},{\"@type\":\"ImageObject\",\"inLanguage\":\"en-GB\",\"@id\":\"https:\/\/tomata.sk\/produkt-detail\/paradajkovy-pretlak-8586003760643\/#primaryimage\",\"url\":\"https:\/\/tomata.sk\/wp-content\/uploads\/2022\/11\/paradajkovy-pretlak-3600g-sklo-new.png\",\"contentUrl\":\"https:\/\/tomata.sk\/wp-content\/uploads\/2022\/11\/paradajkovy-pretlak-3600g-sklo-new.png\",\"width\":800,\"height\":800,\"caption\":\"paradajkovy-pretlak-3600g-sklo-new\"},{\"@type\":\"BreadcrumbList\",\"@id\":\"https:\/\/tomata.sk\/produkt-detail\/paradajkovy-pretlak-8586003760643\/#breadcrumb\",\"itemListElement\":[{\"@type\":\"ListItem\",\"position\":1,\"name\":\"Domovsk\u00e1 str\u00e1nka\",\"item\":\"https:\/\/tomata.sk\/en\/\"},{\"@type\":\"ListItem\",\"position\":2,\"name\":\"Products\",\"item\":\"https:\/\/tomata.sk\/en\/shop\/\"},{\"@type\":\"ListItem\",\"position\":3,\"name\":\"Paradajkov\u00fd pretlak 3600g\"}]},{\"@type\":\"WebSite\",\"@id\":\"https:\/\/tomata.sk\/en\/#website\",\"url\":\"https:\/\/tomata.sk\/en\/\",\"name\":\"Tomata Original\",\"description\":\"Slovensk\u00fd v\u00fdrobca paradajkov\u00fdch pretlakov, ke\u010dupov a hor\u010d\u00edc.\",\"publisher\":{\"@id\":\"https:\/\/tomata.sk\/en\/#organization\"},\"potentialAction\":[{\"@type\":\"SearchAction\",\"target\":{\"@type\":\"EntryPoint\",\"urlTemplate\":\"https:\/\/tomata.sk\/en\/?s={search_term_string}\"},\"query-input\":{\"@type\":\"PropertyValueSpecification\",\"valueRequired\":true,\"valueName\":\"search_term_string\"}}],\"inLanguage\":\"en-GB\"},{\"@type\":\"Organization\",\"@id\":\"https:\/\/tomata.sk\/en\/#organization\",\"name\":\"Tomata s.r.o.\",\"url\":\"https:\/\/tomata.sk\/en\/\",\"logo\":{\"@type\":\"ImageObject\",\"inLanguage\":\"en-GB\",\"@id\":\"https:\/\/tomata.sk\/en\/#\/schema\/logo\/image\/\",\"url\":\"https:\/\/tomata.sk\/wp-content\/uploads\/2022\/08\/tomata_logo-500.png\",\"contentUrl\":\"https:\/\/tomata.sk\/wp-content\/uploads\/2022\/08\/tomata_logo-500.png\",\"width\":500,\"height\":501,\"caption\":\"Tomata s.r.o.\"},\"image\":{\"@id\":\"https:\/\/tomata.sk\/en\/#\/schema\/logo\/image\/\"},\"sameAs\":[\"https:\/\/www.facebook.com\/tomataoriginal\"]}]}<\/script>\n<!-- \/ Yoast SEO plugin. -->","yoast_head_json":{"title":"Paradajkov\u00fd pretlak 3600g - Tomata Original","robots":{"index":"index","follow":"follow","max-snippet":"max-snippet:-1","max-image-preview":"max-image-preview:large","max-video-preview":"max-video-preview:-1"},"canonical":"https:\/\/tomata.sk\/en\/produkt-detail\/paradajkovy-pretlak-8586003760643\/","og_locale":"en_GB","og_type":"article","og_title":"Paradajkov\u00fd pretlak 3600g - Tomata Original","og_description":"Origin\u00e1lny paradajkov\u00fd pretlak pln\u00fd \u010derstv\u00fdch, na slnku dozret\u00fdch sladk\u00fdch paradajok v praktickom balen\u00ed pre ka\u017edodenn\u00e9 pou\u017eitie. Nesmie ch\u00fdba\u0165 v \u017eiadnej rodinnej kuchyni. Bez konzerva\u010dn\u00fdch l\u00e1tok a glut\u00e9nu.","og_url":"https:\/\/tomata.sk\/en\/produkt-detail\/paradajkovy-pretlak-8586003760643\/","og_site_name":"Tomata Original","article_publisher":"https:\/\/www.facebook.com\/tomataoriginal","article_modified_time":"2026-03-19T08:17:17+00:00","og_image":[{"width":800,"height":800,"url":"https:\/\/tomata.sk\/wp-content\/uploads\/2022\/11\/paradajkovy-pretlak-3600g-sklo-new.png","type":"image\/png"}],"twitter_card":"summary_large_image","twitter_misc":{"Estimated reading time":"1 minute"},"schema":{"@context":"https:\/\/schema.org","@graph":[{"@type":"WebPage","@id":"https:\/\/tomata.sk\/produkt-detail\/paradajkovy-pretlak-8586003760643\/","url":"https:\/\/tomata.sk\/produkt-detail\/paradajkovy-pretlak-8586003760643\/","name":"Paradajkov\u00fd pretlak 3600g - Tomata Original","isPartOf":{"@id":"https:\/\/tomata.sk\/en\/#website"},"primaryImageOfPage":{"@id":"https:\/\/tomata.sk\/produkt-detail\/paradajkovy-pretlak-8586003760643\/#primaryimage"},"image":{"@id":"https:\/\/tomata.sk\/produkt-detail\/paradajkovy-pretlak-8586003760643\/#primaryimage"},"thumbnailUrl":"https:\/\/tomata.sk\/wp-content\/uploads\/2022\/11\/paradajkovy-pretlak-3600g-sklo-new.png","datePublished":"2022-11-30T09:14:33+00:00","dateModified":"2026-03-19T08:17:17+00:00","breadcrumb":{"@id":"https:\/\/tomata.sk\/produkt-detail\/paradajkovy-pretlak-8586003760643\/#breadcrumb"},"inLanguage":"en-GB","potentialAction":[{"@type":"ReadAction","target":["https:\/\/tomata.sk\/produkt-detail\/paradajkovy-pretlak-8586003760643\/"]}]},{"@type":"ImageObject","inLanguage":"en-GB","@id":"https:\/\/tomata.sk\/produkt-detail\/paradajkovy-pretlak-8586003760643\/#primaryimage","url":"https:\/\/tomata.sk\/wp-content\/uploads\/2022\/11\/paradajkovy-pretlak-3600g-sklo-new.png","contentUrl":"https:\/\/tomata.sk\/wp-content\/uploads\/2022\/11\/paradajkovy-pretlak-3600g-sklo-new.png","width":800,"height":800,"caption":"paradajkovy-pretlak-3600g-sklo-new"},{"@type":"BreadcrumbList","@id":"https:\/\/tomata.sk\/produkt-detail\/paradajkovy-pretlak-8586003760643\/#breadcrumb","itemListElement":[{"@type":"ListItem","position":1,"name":"Domovsk\u00e1 str\u00e1nka","item":"https:\/\/tomata.sk\/en\/"},{"@type":"ListItem","position":2,"name":"Products","item":"https:\/\/tomata.sk\/en\/shop\/"},{"@type":"ListItem","position":3,"name":"Paradajkov\u00fd pretlak 3600g"}]},{"@type":"WebSite","@id":"https:\/\/tomata.sk\/en\/#website","url":"https:\/\/tomata.sk\/en\/","name":"Tomata Original","description":"Slovensk\u00fd v\u00fdrobca paradajkov\u00fdch pretlakov, ke\u010dupov a hor\u010d\u00edc.","publisher":{"@id":"https:\/\/tomata.sk\/en\/#organization"},"potentialAction":[{"@type":"SearchAction","target":{"@type":"EntryPoint","urlTemplate":"https:\/\/tomata.sk\/en\/?s={search_term_string}"},"query-input":{"@type":"PropertyValueSpecification","valueRequired":true,"valueName":"search_term_string"}}],"inLanguage":"en-GB"},{"@type":"Organization","@id":"https:\/\/tomata.sk\/en\/#organization","name":"Tomata s.r.o.","url":"https:\/\/tomata.sk\/en\/","logo":{"@type":"ImageObject","inLanguage":"en-GB","@id":"https:\/\/tomata.sk\/en\/#\/schema\/logo\/image\/","url":"https:\/\/tomata.sk\/wp-content\/uploads\/2022\/08\/tomata_logo-500.png","contentUrl":"https:\/\/tomata.sk\/wp-content\/uploads\/2022\/08\/tomata_logo-500.png","width":500,"height":501,"caption":"Tomata s.r.o."},"image":{"@id":"https:\/\/tomata.sk\/en\/#\/schema\/logo\/image\/"},"sameAs":["https:\/\/www.facebook.com\/tomataoriginal"]}]}},"_links":{"self":[{"href":"https:\/\/tomata.sk\/en\/wp-json\/wp\/v2\/product\/579","targetHints":{"allow":["GET"]}}],"collection":[{"href":"https:\/\/tomata.sk\/en\/wp-json\/wp\/v2\/product"}],"about":[{"href":"https:\/\/tomata.sk\/en\/wp-json\/wp\/v2\/types\/product"}],"replies":[{"embeddable":true,"href":"https:\/\/tomata.sk\/en\/wp-json\/wp\/v2\/comments?post=579"}],"wp:featuredmedia":[{"embeddable":true,"href":"https:\/\/tomata.sk\/en\/wp-json\/wp\/v2\/media\/717"}],"wp:attachment":[{"href":"https:\/\/tomata.sk\/en\/wp-json\/wp\/v2\/media?parent=579"}],"wp:term":[{"taxonomy":"product_brand","embeddable":true,"href":"https:\/\/tomata.sk\/en\/wp-json\/wp\/v2\/product_brand?post=579"},{"taxonomy":"product_cat","embeddable":true,"href":"https:\/\/tomata.sk\/en\/wp-json\/wp\/v2\/product_cat?post=579"},{"taxonomy":"product_tag","embeddable":true,"href":"https:\/\/tomata.sk\/en\/wp-json\/wp\/v2\/product_tag?post=579"}],"curies":[{"name":"wp","href":"https:\/\/api.w.org\/{rel}","templated":true}]}}