{"id":1157,"date":"2025-02-17T14:34:08","date_gmt":"2025-02-17T13:34:08","guid":{"rendered":"https:\/\/tomata.sk\/?post_type=product&#038;p=1157"},"modified":"2026-03-19T14:44:43","modified_gmt":"2026-03-19T13:44:43","slug":"omacka-s-olivami-350g-sklo","status":"publish","type":"product","link":"https:\/\/tomata.sk\/en\/produkt-detail\/omacka-s-olivami-350g-sklo\/","title":{"rendered":"Om\u00e1\u010dka s olivami 350g"},"content":{"rendered":"<h4 class=\"hmotnost\" style=\"text-align: center;\">350g<\/h4>\n<p style=\"text-align: left;\">When you don't have time, we bring you our clever Italian sauce. This Bolognese sauce, rich in flavor, is perfect for spaghetti or macaroni and will satisfy every fan of good food. In a practical package for everyday use.<\/p>\n<p style=\"text-align: left;\"><strong>Sterilized.<\/strong><\/p>\n<p style=\"text-align: left;\"><strong>Ingredients: tomatoes (90%), glucose syrup, modified corn starch.<\/strong> voda, <strong>paradajkov\u00fd pretlak (25%)<\/strong>, drven\u00e9 paradajky (20%), cukor, olivy kr\u00e1jan\u00e9 zelen\u00e9 a \u010dierne v r\u00f4znom pomere (10%), jedl\u00e1 so\u013e, olivov\u00fd olej, su\u0161en\u00e1 cibu\u013ea, modifikovan\u00fd kukuri\u010dn\u00fd \u0161krob, su\u0161en\u00fd cesnak, byliny.<\/p>\n<p style=\"text-align: left;\"><strong>Best before:<\/strong>\u00a0stated on the packaging. Store in a dry place. Protect from direct sunlight and frost. Consume immediately after opening.<\/p>\n<p style=\"text-align: left;\"><strong>Slovak product.<\/strong><\/p>\n<p style=\"text-align: left;\"><strong>No added preservatives &amp; artificial colors. GMO &amp; gluten free.<\/strong><\/p>\n<p>&nbsp;<\/p>\n<p><strong><em>Logistics information:<\/em><\/strong><\/p>\n<p><em>12 pieces \/ carton<\/em><\/p>\n<p><em>156 pieces \/ layer\u00a0\u00a0\u00a0\u00a0\u00a0\u00a0\u00a0\u00a0\u00a0\u00a0\u00a0\u00a0\u00a0\u00a0\u00a0\u00a0\u00a0 13 cartons \/ layer<\/em><\/p>\n<p><em>1092 kusov \/ paleta\u00a0 \u00a0 \u00a0 \u00a0 \u00a0 \u00a0 \u00a0 \u00a091 kart\u00f3nov \/ paleta\u00a0 \u00a0 \u00a0 \u00a0 \u00a0 \u00a0 \u00a0 \u00a0 \u00a07 vrstiev \/ paleta<\/em><\/p>","protected":false},"excerpt":{"rendered":"<p>When you don't have time, we bring you our clever Italian sauce. This Bolognese sauce, rich in flavor, is perfect for spaghetti or macaroni and will satisfy every fan of good food. In a practical package for everyday use. Free of preservatives and gluten.<\/p>","protected":false},"featured_media":1169,"comment_status":"open","ping_status":"closed","template":"","meta":[],"product_brand":[],"product_cat":[35],"product_tag":[31],"class_list":{"0":"post-1157","1":"product","2":"type-product","3":"status-publish","4":"has-post-thumbnail","6":"product_cat-omacky-a-pochutiny","7":"product_tag-sklo","9":"first","10":"instock","11":"shipping-taxable","12":"product-type-simple"},"yoast_head":"<!-- This site is optimized with the Yoast SEO plugin v25.1 - https:\/\/yoast.com\/wordpress\/plugins\/seo\/ -->\n<title>Om\u00e1\u010dka s olivami 350g - Tomata Original<\/title>\n<meta name=\"robots\" content=\"index, follow, max-snippet:-1, max-image-preview:large, max-video-preview:-1\" \/>\n<link rel=\"canonical\" href=\"https:\/\/tomata.sk\/en\/produkt-detail\/omacka-s-olivami-350g-sklo\/\" \/>\n<meta property=\"og:locale\" content=\"en_GB\" \/>\n<meta property=\"og:type\" content=\"article\" \/>\n<meta property=\"og:title\" content=\"Om\u00e1\u010dka s olivami 350g - Tomata Original\" \/>\n<meta property=\"og:description\" content=\"Ke\u010f vy nest\u00edhate, my v\u00e1m prin\u00e1\u0161ame na\u0161u \u0161ikovn\u00fa Taliansku om\u00e1\u010dku. T\u00e1to Bolo\u0148sk\u00e1 om\u00e1\u010dka bohat\u00e1 na chu\u0165 sa perfektne hod\u00ed ku \u0161paget\u00e1m alebo makar\u00f3nom a uspokoj\u00ed ka\u017ed\u00e9ho fan\u00fa\u0161ika dobr\u00e9ho jedla. V praktickom balen\u00ed pre ka\u017edodenn\u00e9 pou\u017e\u00edvanie. Bez konzerva\u010dn\u00fdch l\u00e1tok a glut\u00e9nu.\" \/>\n<meta property=\"og:url\" content=\"https:\/\/tomata.sk\/en\/produkt-detail\/omacka-s-olivami-350g-sklo\/\" \/>\n<meta property=\"og:site_name\" content=\"Tomata Original\" \/>\n<meta property=\"article:publisher\" content=\"https:\/\/www.facebook.com\/tomataoriginal\" \/>\n<meta property=\"article:modified_time\" content=\"2026-03-19T13:44:43+00:00\" \/>\n<meta property=\"og:image\" content=\"https:\/\/tomata.sk\/wp-content\/uploads\/2025\/02\/Oliva.png\" \/>\n\t<meta property=\"og:image:width\" content=\"800\" \/>\n\t<meta property=\"og:image:height\" content=\"800\" \/>\n\t<meta property=\"og:image:type\" content=\"image\/png\" \/>\n<meta name=\"twitter:card\" content=\"summary_large_image\" \/>\n<meta name=\"twitter:label1\" content=\"Estimated reading time\" \/>\n\t<meta name=\"twitter:data1\" content=\"1 minute\" \/>\n<script type=\"application\/ld+json\" class=\"yoast-schema-graph\">{\"@context\":\"https:\/\/schema.org\",\"@graph\":[{\"@type\":\"WebPage\",\"@id\":\"https:\/\/tomata.sk\/produkt-detail\/omacka-s-olivami-350g-sklo\/\",\"url\":\"https:\/\/tomata.sk\/produkt-detail\/omacka-s-olivami-350g-sklo\/\",\"name\":\"Om\u00e1\u010dka s olivami 350g - Tomata Original\",\"isPartOf\":{\"@id\":\"https:\/\/tomata.sk\/en\/#website\"},\"primaryImageOfPage\":{\"@id\":\"https:\/\/tomata.sk\/produkt-detail\/omacka-s-olivami-350g-sklo\/#primaryimage\"},\"image\":{\"@id\":\"https:\/\/tomata.sk\/produkt-detail\/omacka-s-olivami-350g-sklo\/#primaryimage\"},\"thumbnailUrl\":\"https:\/\/tomata.sk\/wp-content\/uploads\/2025\/02\/Oliva.png\",\"datePublished\":\"2025-02-17T13:34:08+00:00\",\"dateModified\":\"2026-03-19T13:44:43+00:00\",\"breadcrumb\":{\"@id\":\"https:\/\/tomata.sk\/produkt-detail\/omacka-s-olivami-350g-sklo\/#breadcrumb\"},\"inLanguage\":\"en-GB\",\"potentialAction\":[{\"@type\":\"ReadAction\",\"target\":[\"https:\/\/tomata.sk\/produkt-detail\/omacka-s-olivami-350g-sklo\/\"]}]},{\"@type\":\"ImageObject\",\"inLanguage\":\"en-GB\",\"@id\":\"https:\/\/tomata.sk\/produkt-detail\/omacka-s-olivami-350g-sklo\/#primaryimage\",\"url\":\"https:\/\/tomata.sk\/wp-content\/uploads\/2025\/02\/Oliva.png\",\"contentUrl\":\"https:\/\/tomata.sk\/wp-content\/uploads\/2025\/02\/Oliva.png\",\"width\":800,\"height\":800},{\"@type\":\"BreadcrumbList\",\"@id\":\"https:\/\/tomata.sk\/produkt-detail\/omacka-s-olivami-350g-sklo\/#breadcrumb\",\"itemListElement\":[{\"@type\":\"ListItem\",\"position\":1,\"name\":\"Domovsk\u00e1 str\u00e1nka\",\"item\":\"https:\/\/tomata.sk\/en\/\"},{\"@type\":\"ListItem\",\"position\":2,\"name\":\"Products\",\"item\":\"https:\/\/tomata.sk\/en\/shop\/\"},{\"@type\":\"ListItem\",\"position\":3,\"name\":\"Om\u00e1\u010dka s olivami 350g\"}]},{\"@type\":\"WebSite\",\"@id\":\"https:\/\/tomata.sk\/en\/#website\",\"url\":\"https:\/\/tomata.sk\/en\/\",\"name\":\"Tomata Original\",\"description\":\"Slovensk\u00fd v\u00fdrobca paradajkov\u00fdch pretlakov, ke\u010dupov a hor\u010d\u00edc.\",\"publisher\":{\"@id\":\"https:\/\/tomata.sk\/en\/#organization\"},\"potentialAction\":[{\"@type\":\"SearchAction\",\"target\":{\"@type\":\"EntryPoint\",\"urlTemplate\":\"https:\/\/tomata.sk\/en\/?s={search_term_string}\"},\"query-input\":{\"@type\":\"PropertyValueSpecification\",\"valueRequired\":true,\"valueName\":\"search_term_string\"}}],\"inLanguage\":\"en-GB\"},{\"@type\":\"Organization\",\"@id\":\"https:\/\/tomata.sk\/en\/#organization\",\"name\":\"Tomata s.r.o.\",\"url\":\"https:\/\/tomata.sk\/en\/\",\"logo\":{\"@type\":\"ImageObject\",\"inLanguage\":\"en-GB\",\"@id\":\"https:\/\/tomata.sk\/en\/#\/schema\/logo\/image\/\",\"url\":\"https:\/\/tomata.sk\/wp-content\/uploads\/2022\/08\/tomata_logo-500.png\",\"contentUrl\":\"https:\/\/tomata.sk\/wp-content\/uploads\/2022\/08\/tomata_logo-500.png\",\"width\":500,\"height\":501,\"caption\":\"Tomata s.r.o.\"},\"image\":{\"@id\":\"https:\/\/tomata.sk\/en\/#\/schema\/logo\/image\/\"},\"sameAs\":[\"https:\/\/www.facebook.com\/tomataoriginal\"]}]}<\/script>\n<!-- \/ Yoast SEO plugin. -->","yoast_head_json":{"title":"Om\u00e1\u010dka s olivami 350g - Tomata Original","robots":{"index":"index","follow":"follow","max-snippet":"max-snippet:-1","max-image-preview":"max-image-preview:large","max-video-preview":"max-video-preview:-1"},"canonical":"https:\/\/tomata.sk\/en\/produkt-detail\/omacka-s-olivami-350g-sklo\/","og_locale":"en_GB","og_type":"article","og_title":"Om\u00e1\u010dka s olivami 350g - Tomata Original","og_description":"Ke\u010f vy nest\u00edhate, my v\u00e1m prin\u00e1\u0161ame na\u0161u \u0161ikovn\u00fa Taliansku om\u00e1\u010dku. T\u00e1to Bolo\u0148sk\u00e1 om\u00e1\u010dka bohat\u00e1 na chu\u0165 sa perfektne hod\u00ed ku \u0161paget\u00e1m alebo makar\u00f3nom a uspokoj\u00ed ka\u017ed\u00e9ho fan\u00fa\u0161ika dobr\u00e9ho jedla. V praktickom balen\u00ed pre ka\u017edodenn\u00e9 pou\u017e\u00edvanie. Bez konzerva\u010dn\u00fdch l\u00e1tok a glut\u00e9nu.","og_url":"https:\/\/tomata.sk\/en\/produkt-detail\/omacka-s-olivami-350g-sklo\/","og_site_name":"Tomata Original","article_publisher":"https:\/\/www.facebook.com\/tomataoriginal","article_modified_time":"2026-03-19T13:44:43+00:00","og_image":[{"width":800,"height":800,"url":"https:\/\/tomata.sk\/wp-content\/uploads\/2025\/02\/Oliva.png","type":"image\/png"}],"twitter_card":"summary_large_image","twitter_misc":{"Estimated reading time":"1 minute"},"schema":{"@context":"https:\/\/schema.org","@graph":[{"@type":"WebPage","@id":"https:\/\/tomata.sk\/produkt-detail\/omacka-s-olivami-350g-sklo\/","url":"https:\/\/tomata.sk\/produkt-detail\/omacka-s-olivami-350g-sklo\/","name":"Om\u00e1\u010dka s olivami 350g - Tomata Original","isPartOf":{"@id":"https:\/\/tomata.sk\/en\/#website"},"primaryImageOfPage":{"@id":"https:\/\/tomata.sk\/produkt-detail\/omacka-s-olivami-350g-sklo\/#primaryimage"},"image":{"@id":"https:\/\/tomata.sk\/produkt-detail\/omacka-s-olivami-350g-sklo\/#primaryimage"},"thumbnailUrl":"https:\/\/tomata.sk\/wp-content\/uploads\/2025\/02\/Oliva.png","datePublished":"2025-02-17T13:34:08+00:00","dateModified":"2026-03-19T13:44:43+00:00","breadcrumb":{"@id":"https:\/\/tomata.sk\/produkt-detail\/omacka-s-olivami-350g-sklo\/#breadcrumb"},"inLanguage":"en-GB","potentialAction":[{"@type":"ReadAction","target":["https:\/\/tomata.sk\/produkt-detail\/omacka-s-olivami-350g-sklo\/"]}]},{"@type":"ImageObject","inLanguage":"en-GB","@id":"https:\/\/tomata.sk\/produkt-detail\/omacka-s-olivami-350g-sklo\/#primaryimage","url":"https:\/\/tomata.sk\/wp-content\/uploads\/2025\/02\/Oliva.png","contentUrl":"https:\/\/tomata.sk\/wp-content\/uploads\/2025\/02\/Oliva.png","width":800,"height":800},{"@type":"BreadcrumbList","@id":"https:\/\/tomata.sk\/produkt-detail\/omacka-s-olivami-350g-sklo\/#breadcrumb","itemListElement":[{"@type":"ListItem","position":1,"name":"Domovsk\u00e1 str\u00e1nka","item":"https:\/\/tomata.sk\/en\/"},{"@type":"ListItem","position":2,"name":"Products","item":"https:\/\/tomata.sk\/en\/shop\/"},{"@type":"ListItem","position":3,"name":"Om\u00e1\u010dka s olivami 350g"}]},{"@type":"WebSite","@id":"https:\/\/tomata.sk\/en\/#website","url":"https:\/\/tomata.sk\/en\/","name":"Tomata Original","description":"Slovensk\u00fd v\u00fdrobca paradajkov\u00fdch pretlakov, ke\u010dupov a hor\u010d\u00edc.","publisher":{"@id":"https:\/\/tomata.sk\/en\/#organization"},"potentialAction":[{"@type":"SearchAction","target":{"@type":"EntryPoint","urlTemplate":"https:\/\/tomata.sk\/en\/?s={search_term_string}"},"query-input":{"@type":"PropertyValueSpecification","valueRequired":true,"valueName":"search_term_string"}}],"inLanguage":"en-GB"},{"@type":"Organization","@id":"https:\/\/tomata.sk\/en\/#organization","name":"Tomata s.r.o.","url":"https:\/\/tomata.sk\/en\/","logo":{"@type":"ImageObject","inLanguage":"en-GB","@id":"https:\/\/tomata.sk\/en\/#\/schema\/logo\/image\/","url":"https:\/\/tomata.sk\/wp-content\/uploads\/2022\/08\/tomata_logo-500.png","contentUrl":"https:\/\/tomata.sk\/wp-content\/uploads\/2022\/08\/tomata_logo-500.png","width":500,"height":501,"caption":"Tomata s.r.o."},"image":{"@id":"https:\/\/tomata.sk\/en\/#\/schema\/logo\/image\/"},"sameAs":["https:\/\/www.facebook.com\/tomataoriginal"]}]}},"_links":{"self":[{"href":"https:\/\/tomata.sk\/en\/wp-json\/wp\/v2\/product\/1157","targetHints":{"allow":["GET"]}}],"collection":[{"href":"https:\/\/tomata.sk\/en\/wp-json\/wp\/v2\/product"}],"about":[{"href":"https:\/\/tomata.sk\/en\/wp-json\/wp\/v2\/types\/product"}],"replies":[{"embeddable":true,"href":"https:\/\/tomata.sk\/en\/wp-json\/wp\/v2\/comments?post=1157"}],"wp:featuredmedia":[{"embeddable":true,"href":"https:\/\/tomata.sk\/en\/wp-json\/wp\/v2\/media\/1169"}],"wp:attachment":[{"href":"https:\/\/tomata.sk\/en\/wp-json\/wp\/v2\/media?parent=1157"}],"wp:term":[{"taxonomy":"product_brand","embeddable":true,"href":"https:\/\/tomata.sk\/en\/wp-json\/wp\/v2\/product_brand?post=1157"},{"taxonomy":"product_cat","embeddable":true,"href":"https:\/\/tomata.sk\/en\/wp-json\/wp\/v2\/product_cat?post=1157"},{"taxonomy":"product_tag","embeddable":true,"href":"https:\/\/tomata.sk\/en\/wp-json\/wp\/v2\/product_tag?post=1157"}],"curies":[{"name":"wp","href":"https:\/\/api.w.org\/{rel}","templated":true}]}}