{"id":773,"date":"2023-01-13T09:22:03","date_gmt":"2023-01-13T08:22:03","guid":{"rendered":"https:\/\/www.tomata.sk\/?page_id=773"},"modified":"2026-03-23T15:18:52","modified_gmt":"2026-03-23T15:18:52","slug":"katalogy","status":"publish","type":"page","link":"https:\/\/tomata.sk\/en\/katalogy\/","title":{"rendered":"CATALOGUES"},"content":{"rendered":"<p><\/p><p><h5>Tomata since 1991<\/h5>\r<br><h1>Product catalogues<\/h1><br>center<br>no-repeat;left top;;<br>auto<br>historia<br><br><img decoding=\"async\" data-src=\"https:\/\/tomata.sk\/wp-content\/smush-webp\/2023\/01\/Tomata-Listovka-A3-na-A4-Premium-2021-SK.jpg.webp\" alt=\"\" src=\"data:image\/gif;base64,R0lGODlhAQABAAAAACH5BAEKAAEALAAAAAABAAEAAAICTAEAOw==\" class=\"lazyload\" style=\"--smush-placeholder-width: 565px; --smush-placeholder-aspect-ratio: 565\/800;\" \/><noscript><img decoding=\"async\" src=\"https:\/\/tomata.sk\/wp-content\/uploads\/2023\/01\/Tomata-Listovka-A3-na-A4-Premium-2021-SK.jpg\" alt=\"\" \/><\/noscript><br>large<br><a href=\"https:\/\/tomata.sk\/wp-content\/uploads\/2023\/01\/Product-list-Premium.pdf\">https:\/\/tomata.sk\/wp-content\/uploads\/2023\/01\/Product-list-Premium.pdf<\/a><br>disable<br>cover<br>center center<br>hide<br>hover-shadow zoom-effect<br><br><h5>PRODUCT LIST<\/h5>\r<br>PREMIUM<br>hide<br><br><img decoding=\"async\" data-src=\"https:\/\/tomata.sk\/wp-content\/smush-webp\/2023\/01\/Tomata-Listovka-A3-na-A4-Kecupy-2021-SK.jpg.webp\" alt=\"\" src=\"data:image\/gif;base64,R0lGODlhAQABAAAAACH5BAEKAAEALAAAAAABAAEAAAICTAEAOw==\" class=\"lazyload\" style=\"--smush-placeholder-width: 566px; --smush-placeholder-aspect-ratio: 566\/800;\" \/><noscript><img decoding=\"async\" src=\"https:\/\/tomata.sk\/wp-content\/uploads\/2023\/01\/Tomata-Listovka-A3-na-A4-Kecupy-2021-SK.jpg\" alt=\"\" \/><\/noscript><br>large<br><a href=\"https:\/\/tomata.sk\/wp-content\/uploads\/2023\/01\/Product-list-Ketchup.pdf\">https:\/\/tomata.sk\/wp-content\/uploads\/2023\/01\/Product-list-Ketchup.pdf<\/a><br>disable<br>contain<br>center center<br>hide<br>hover-shadow zoom-effect<br><br><h5>PRODUCT LIST<\/h5>\r<br>KETCHUPS<br>hide<br><br><img decoding=\"async\" data-src=\"https:\/\/www.tomata.sk\/wp-content\/uploads\/2023\/01\/Tomata-Listovka-A3-na-A4-Horcice-2021-SK.jpg\" alt=\"\" src=\"data:image\/gif;base64,R0lGODlhAQABAAAAACH5BAEKAAEALAAAAAABAAEAAAICTAEAOw==\" class=\"lazyload\" \/><noscript><img decoding=\"async\" src=\"https:\/\/www.tomata.sk\/wp-content\/uploads\/2023\/01\/Tomata-Listovka-A3-na-A4-Horcice-2021-SK.jpg\" alt=\"\" \/><\/noscript><br>large<br><a href=\"https:\/\/tomata.sk\/wp-content\/uploads\/2023\/01\/Product-list-Mustard.pdf\">https:\/\/tomata.sk\/wp-content\/uploads\/2023\/01\/Product-list-Mustard.pdf<\/a><br>disable<br>contain<br>center center<br>hide<br>hover-shadow zoom-effect<br><br><h5>PRODUCT LIST<\/h5>\r<br>MUSTARDS<br>hide<br><br><img decoding=\"async\" data-src=\"https:\/\/www.tomata.sk\/wp-content\/uploads\/2023\/01\/Tomata-Listovka-A3-na-A4-Horcice-plus-2021-SK.jpg\" alt=\"\" src=\"data:image\/gif;base64,R0lGODlhAQABAAAAACH5BAEKAAEALAAAAAABAAEAAAICTAEAOw==\" class=\"lazyload\" \/><noscript><img decoding=\"async\" src=\"https:\/\/www.tomata.sk\/wp-content\/uploads\/2023\/01\/Tomata-Listovka-A3-na-A4-Horcice-plus-2021-SK.jpg\" alt=\"\" \/><\/noscript><br>large<br><a href=\"https:\/\/tomata.sk\/wp-content\/uploads\/2023\/01\/Product-list-Mustard-gastro.pdf\">https:\/\/tomata.sk\/wp-content\/uploads\/2023\/01\/Product-list-Mustard-gastro.pdf<\/a><br>disable<br>contain<br>center center<br>hide<br>hover-shadow zoom-effect<br><br><h5>PRODUCT LIST<\/h5>\r<br>MUSTARDS PLUS<br>hide<br><br><img decoding=\"async\" data-src=\"https:\/\/www.tomata.sk\/wp-content\/uploads\/2023\/01\/Tomata-Listovka-A3-na-A4-Omacky-2021-SK.jpg\" alt=\"\" src=\"data:image\/gif;base64,R0lGODlhAQABAAAAACH5BAEKAAEALAAAAAABAAEAAAICTAEAOw==\" class=\"lazyload\" \/><noscript><img decoding=\"async\" src=\"https:\/\/www.tomata.sk\/wp-content\/uploads\/2023\/01\/Tomata-Listovka-A3-na-A4-Omacky-2021-SK.jpg\" alt=\"\" \/><\/noscript><br>large<br><a href=\"https:\/\/tomata.sk\/wp-content\/uploads\/2023\/01\/Product-list-Sauces-and-spreads.pdf\">https:\/\/tomata.sk\/wp-content\/uploads\/2023\/01\/Product-list-Sauces-and-spreads.pdf<\/a><br>disable<br>contain<br>center center<br>hide<br>hover-shadow zoom-effect<br><br><h5>PRODUCT LIST<\/h5>\r<br>SAUCES AND DELICACIES<br>hide<br><br><img decoding=\"async\" data-src=\"https:\/\/www.tomata.sk\/wp-content\/uploads\/2023\/01\/Tomata-Listovka-A3-na-A4-Pretlaky-2021-SK.jpg\" alt=\"\" src=\"data:image\/gif;base64,R0lGODlhAQABAAAAACH5BAEKAAEALAAAAAABAAEAAAICTAEAOw==\" class=\"lazyload\" \/><noscript><img decoding=\"async\" src=\"https:\/\/www.tomata.sk\/wp-content\/uploads\/2023\/01\/Tomata-Listovka-A3-na-A4-Pretlaky-2021-SK.jpg\" alt=\"\" \/><\/noscript><br>large<br><a href=\"https:\/\/tomata.sk\/wp-content\/uploads\/2023\/01\/Product-list-Tomato-puree.pdf\">https:\/\/tomata.sk\/wp-content\/uploads\/2023\/01\/Product-list-Tomato-puree.pdf<\/a><br>disable<br>contain<br>center center<br>hide<br>hover-shadow zoom-effect<br><br><h5>PRODUCT LIST<\/h5>\r<br>TOMATO PUREE<br>hide<br><br><\/p>","protected":false},"excerpt":{"rendered":"<p>Tomata od 1991 Produktov\u00e9 katal\u00f3gy centerno-repeat;left top;;autohistoria large\/wp-content\/uploads\/2023\/01\/Tomata-Listovka-A3-na-A4-Premium-2021-SK.pdfdisablecovercenter centerhidehover-shadow zoom-effect PRODUKTOV\u00c9 LISTY PR\u00c9MIUMhide large\/wp-content\/uploads\/2023\/01\/Tomata-Listovka-A3-na-A4-Kecupy-2021-SK.pdfdisablecontaincenter centerhidehover-shadow zoom-effect PRODUKTOV\u00c9 LISTY KE\u010cUPYhide large\/wp-content\/uploads\/2023\/01\/Tomata-Listovka-A3-na-A4-Horcice-2021-SK.pdfdisablecontaincenter centerhidehover-shadow zoom-effect PRODUKTOV\u00c9 LISTY HOR\u010cICEhide large\/wp-content\/uploads\/2023\/01\/Tomata-Listovka-A3-na-A4-Horcice-plus-2021-SK.pdfdisablecontaincenter<span class=\"excerpt-hellip\"> [\u2026]<\/span><\/p>","protected":false},"author":1,"featured_media":0,"parent":0,"menu_order":0,"comment_status":"closed","ping_status":"closed","template":"","meta":{"footnotes":""},"class_list":["post-773","page","type-page","status-publish","hentry"],"yoast_head":"<!-- This site is optimized with the Yoast SEO plugin v25.1 - https:\/\/yoast.com\/wordpress\/plugins\/seo\/ -->\n<title>KATAL\u00d3GY - Tomata Original<\/title>\n<meta name=\"description\" content=\"Stiahnite si na\u0161e produktov\u00e9 katal\u00f3gy. V\u00fdroba paradajkov\u00e9ho pretlaku, ke\u010dupu, hor\u010dice, zeleninov\u00fdch om\u00e1\u010dok a paprikov\u00fdch pomaz\u00e1nok.\" \/>\n<meta name=\"robots\" content=\"index, follow, max-snippet:-1, max-image-preview:large, max-video-preview:-1\" \/>\n<link rel=\"canonical\" href=\"https:\/\/tomata.sk\/en\/katalogy\/\" \/>\n<meta property=\"og:locale\" content=\"en_GB\" \/>\n<meta property=\"og:type\" content=\"article\" \/>\n<meta property=\"og:title\" content=\"KATAL\u00d3GY - Tomata Original\" \/>\n<meta property=\"og:description\" content=\"Stiahnite si na\u0161e produktov\u00e9 katal\u00f3gy. V\u00fdroba paradajkov\u00e9ho pretlaku, ke\u010dupu, hor\u010dice, zeleninov\u00fdch om\u00e1\u010dok a paprikov\u00fdch pomaz\u00e1nok.\" \/>\n<meta property=\"og:url\" content=\"https:\/\/tomata.sk\/en\/katalogy\/\" \/>\n<meta property=\"og:site_name\" content=\"Tomata Original\" \/>\n<meta property=\"article:publisher\" content=\"https:\/\/www.facebook.com\/tomataoriginal\" \/>\n<meta property=\"article:modified_time\" content=\"2026-03-23T15:18:52+00:00\" \/>\n<meta property=\"og:image\" content=\"https:\/\/www.tomata.sk\/wp-content\/uploads\/2023\/01\/Tomata-Listovka-A3-na-A4-Premium-2021-SK.jpg\" \/>\n<meta name=\"twitter:card\" content=\"summary_large_image\" \/>\n<meta name=\"twitter:label1\" content=\"Estimated reading time\" \/>\n\t<meta name=\"twitter:data1\" content=\"2 minutes\" \/>\n<script type=\"application\/ld+json\" class=\"yoast-schema-graph\">{\"@context\":\"https:\/\/schema.org\",\"@graph\":[{\"@type\":\"WebPage\",\"@id\":\"https:\/\/tomata.sk\/katalogy\/\",\"url\":\"https:\/\/tomata.sk\/katalogy\/\",\"name\":\"KATAL\u00d3GY - Tomata Original\",\"isPartOf\":{\"@id\":\"https:\/\/tomata.sk\/en\/#website\"},\"primaryImageOfPage\":{\"@id\":\"https:\/\/tomata.sk\/katalogy\/#primaryimage\"},\"image\":{\"@id\":\"https:\/\/tomata.sk\/katalogy\/#primaryimage\"},\"thumbnailUrl\":\"https:\/\/www.tomata.sk\/wp-content\/uploads\/2023\/01\/Tomata-Listovka-A3-na-A4-Premium-2021-SK.jpg\",\"datePublished\":\"2023-01-13T08:22:03+00:00\",\"dateModified\":\"2026-03-23T15:18:52+00:00\",\"description\":\"Stiahnite si na\u0161e produktov\u00e9 katal\u00f3gy. V\u00fdroba paradajkov\u00e9ho pretlaku, ke\u010dupu, hor\u010dice, zeleninov\u00fdch om\u00e1\u010dok a paprikov\u00fdch pomaz\u00e1nok.\",\"breadcrumb\":{\"@id\":\"https:\/\/tomata.sk\/katalogy\/#breadcrumb\"},\"inLanguage\":\"en-GB\",\"potentialAction\":[{\"@type\":\"ReadAction\",\"target\":[\"https:\/\/tomata.sk\/katalogy\/\"]}]},{\"@type\":\"ImageObject\",\"inLanguage\":\"en-GB\",\"@id\":\"https:\/\/tomata.sk\/katalogy\/#primaryimage\",\"url\":\"https:\/\/www.tomata.sk\/wp-content\/uploads\/2023\/01\/Tomata-Listovka-A3-na-A4-Premium-2021-SK.jpg\",\"contentUrl\":\"https:\/\/www.tomata.sk\/wp-content\/uploads\/2023\/01\/Tomata-Listovka-A3-na-A4-Premium-2021-SK.jpg\"},{\"@type\":\"BreadcrumbList\",\"@id\":\"https:\/\/tomata.sk\/katalogy\/#breadcrumb\",\"itemListElement\":[{\"@type\":\"ListItem\",\"position\":1,\"name\":\"Domovsk\u00e1 str\u00e1nka\",\"item\":\"https:\/\/tomata.sk\/en\/\"},{\"@type\":\"ListItem\",\"position\":2,\"name\":\"KATAL\u00d3GY\"}]},{\"@type\":\"WebSite\",\"@id\":\"https:\/\/tomata.sk\/en\/#website\",\"url\":\"https:\/\/tomata.sk\/en\/\",\"name\":\"Tomata Original\",\"description\":\"Slovensk\u00fd v\u00fdrobca paradajkov\u00fdch pretlakov, ke\u010dupov a hor\u010d\u00edc.\",\"publisher\":{\"@id\":\"https:\/\/tomata.sk\/en\/#organization\"},\"potentialAction\":[{\"@type\":\"SearchAction\",\"target\":{\"@type\":\"EntryPoint\",\"urlTemplate\":\"https:\/\/tomata.sk\/en\/?s={search_term_string}\"},\"query-input\":{\"@type\":\"PropertyValueSpecification\",\"valueRequired\":true,\"valueName\":\"search_term_string\"}}],\"inLanguage\":\"en-GB\"},{\"@type\":\"Organization\",\"@id\":\"https:\/\/tomata.sk\/en\/#organization\",\"name\":\"Tomata s.r.o.\",\"url\":\"https:\/\/tomata.sk\/en\/\",\"logo\":{\"@type\":\"ImageObject\",\"inLanguage\":\"en-GB\",\"@id\":\"https:\/\/tomata.sk\/en\/#\/schema\/logo\/image\/\",\"url\":\"https:\/\/tomata.sk\/wp-content\/uploads\/2022\/08\/tomata_logo-500.png\",\"contentUrl\":\"https:\/\/tomata.sk\/wp-content\/uploads\/2022\/08\/tomata_logo-500.png\",\"width\":500,\"height\":501,\"caption\":\"Tomata s.r.o.\"},\"image\":{\"@id\":\"https:\/\/tomata.sk\/en\/#\/schema\/logo\/image\/\"},\"sameAs\":[\"https:\/\/www.facebook.com\/tomataoriginal\"]}]}<\/script>\n<!-- \/ Yoast SEO plugin. -->","yoast_head_json":{"title":"KATAL\u00d3GY - Tomata Original","description":"Stiahnite si na\u0161e produktov\u00e9 katal\u00f3gy. V\u00fdroba paradajkov\u00e9ho pretlaku, ke\u010dupu, hor\u010dice, zeleninov\u00fdch om\u00e1\u010dok a paprikov\u00fdch pomaz\u00e1nok.","robots":{"index":"index","follow":"follow","max-snippet":"max-snippet:-1","max-image-preview":"max-image-preview:large","max-video-preview":"max-video-preview:-1"},"canonical":"https:\/\/tomata.sk\/en\/katalogy\/","og_locale":"en_GB","og_type":"article","og_title":"KATAL\u00d3GY - Tomata Original","og_description":"Stiahnite si na\u0161e produktov\u00e9 katal\u00f3gy. V\u00fdroba paradajkov\u00e9ho pretlaku, ke\u010dupu, hor\u010dice, zeleninov\u00fdch om\u00e1\u010dok a paprikov\u00fdch pomaz\u00e1nok.","og_url":"https:\/\/tomata.sk\/en\/katalogy\/","og_site_name":"Tomata Original","article_publisher":"https:\/\/www.facebook.com\/tomataoriginal","article_modified_time":"2026-03-23T15:18:52+00:00","og_image":[{"url":"https:\/\/www.tomata.sk\/wp-content\/uploads\/2023\/01\/Tomata-Listovka-A3-na-A4-Premium-2021-SK.jpg","type":"","width":"","height":""}],"twitter_card":"summary_large_image","twitter_misc":{"Estimated reading time":"2 minutes"},"schema":{"@context":"https:\/\/schema.org","@graph":[{"@type":"WebPage","@id":"https:\/\/tomata.sk\/katalogy\/","url":"https:\/\/tomata.sk\/katalogy\/","name":"KATAL\u00d3GY - Tomata Original","isPartOf":{"@id":"https:\/\/tomata.sk\/en\/#website"},"primaryImageOfPage":{"@id":"https:\/\/tomata.sk\/katalogy\/#primaryimage"},"image":{"@id":"https:\/\/tomata.sk\/katalogy\/#primaryimage"},"thumbnailUrl":"https:\/\/www.tomata.sk\/wp-content\/uploads\/2023\/01\/Tomata-Listovka-A3-na-A4-Premium-2021-SK.jpg","datePublished":"2023-01-13T08:22:03+00:00","dateModified":"2026-03-23T15:18:52+00:00","description":"Stiahnite si na\u0161e produktov\u00e9 katal\u00f3gy. V\u00fdroba paradajkov\u00e9ho pretlaku, ke\u010dupu, hor\u010dice, zeleninov\u00fdch om\u00e1\u010dok a paprikov\u00fdch pomaz\u00e1nok.","breadcrumb":{"@id":"https:\/\/tomata.sk\/katalogy\/#breadcrumb"},"inLanguage":"en-GB","potentialAction":[{"@type":"ReadAction","target":["https:\/\/tomata.sk\/katalogy\/"]}]},{"@type":"ImageObject","inLanguage":"en-GB","@id":"https:\/\/tomata.sk\/katalogy\/#primaryimage","url":"https:\/\/www.tomata.sk\/wp-content\/uploads\/2023\/01\/Tomata-Listovka-A3-na-A4-Premium-2021-SK.jpg","contentUrl":"https:\/\/www.tomata.sk\/wp-content\/uploads\/2023\/01\/Tomata-Listovka-A3-na-A4-Premium-2021-SK.jpg"},{"@type":"BreadcrumbList","@id":"https:\/\/tomata.sk\/katalogy\/#breadcrumb","itemListElement":[{"@type":"ListItem","position":1,"name":"Domovsk\u00e1 str\u00e1nka","item":"https:\/\/tomata.sk\/en\/"},{"@type":"ListItem","position":2,"name":"KATAL\u00d3GY"}]},{"@type":"WebSite","@id":"https:\/\/tomata.sk\/en\/#website","url":"https:\/\/tomata.sk\/en\/","name":"Tomata Original","description":"Slovensk\u00fd v\u00fdrobca paradajkov\u00fdch pretlakov, ke\u010dupov a hor\u010d\u00edc.","publisher":{"@id":"https:\/\/tomata.sk\/en\/#organization"},"potentialAction":[{"@type":"SearchAction","target":{"@type":"EntryPoint","urlTemplate":"https:\/\/tomata.sk\/en\/?s={search_term_string}"},"query-input":{"@type":"PropertyValueSpecification","valueRequired":true,"valueName":"search_term_string"}}],"inLanguage":"en-GB"},{"@type":"Organization","@id":"https:\/\/tomata.sk\/en\/#organization","name":"Tomata s.r.o.","url":"https:\/\/tomata.sk\/en\/","logo":{"@type":"ImageObject","inLanguage":"en-GB","@id":"https:\/\/tomata.sk\/en\/#\/schema\/logo\/image\/","url":"https:\/\/tomata.sk\/wp-content\/uploads\/2022\/08\/tomata_logo-500.png","contentUrl":"https:\/\/tomata.sk\/wp-content\/uploads\/2022\/08\/tomata_logo-500.png","width":500,"height":501,"caption":"Tomata s.r.o."},"image":{"@id":"https:\/\/tomata.sk\/en\/#\/schema\/logo\/image\/"},"sameAs":["https:\/\/www.facebook.com\/tomataoriginal"]}]}},"_links":{"self":[{"href":"https:\/\/tomata.sk\/en\/wp-json\/wp\/v2\/pages\/773","targetHints":{"allow":["GET"]}}],"collection":[{"href":"https:\/\/tomata.sk\/en\/wp-json\/wp\/v2\/pages"}],"about":[{"href":"https:\/\/tomata.sk\/en\/wp-json\/wp\/v2\/types\/page"}],"author":[{"embeddable":true,"href":"https:\/\/tomata.sk\/en\/wp-json\/wp\/v2\/users\/1"}],"replies":[{"embeddable":true,"href":"https:\/\/tomata.sk\/en\/wp-json\/wp\/v2\/comments?post=773"}],"version-history":[{"count":2,"href":"https:\/\/tomata.sk\/en\/wp-json\/wp\/v2\/pages\/773\/revisions"}],"predecessor-version":[{"id":861,"href":"https:\/\/tomata.sk\/en\/wp-json\/wp\/v2\/pages\/773\/revisions\/861"}],"wp:attachment":[{"href":"https:\/\/tomata.sk\/en\/wp-json\/wp\/v2\/media?parent=773"}],"curies":[{"name":"wp","href":"https:\/\/api.w.org\/{rel}","templated":true}]}}