{"id":35,"date":"2019-02-13T10:47:39","date_gmt":"2019-02-13T09:47:39","guid":{"rendered":"https:\/\/themes.muffingroup.com\/be\/whiskey\/?page_id=35"},"modified":"2023-01-25T11:01:38","modified_gmt":"2023-01-25T10:01:38","slug":"kontakt","status":"publish","type":"page","link":"https:\/\/tomata.sk\/en\/kontakt\/","title":{"rendered":"CONTACTS"},"content":{"rendered":"<p><br>Tomata s.r.o.<br>14<br>500<br>hide<br><br><\/p><p><br>Tomata s.r.o.<br>14<br>500<br>hide<br><br><h5>TOMATA s.r.o.<\/h5>\r<br><h2>\u017delezni\u010dn\u00fd rad 3154946 03 Kol\u00e1rovo<\/h2><br>no-repeat;left top;;<br>auto<br><br><img decoding=\"async\" data-src=\"https:\/\/www.tomata.sk\/wp-content\/uploads\/2022\/08\/TE-FOOD-Image-Tomata-Budova.jpg\" alt=\"\" src=\"data:image\/gif;base64,R0lGODlhAQABAAAAACH5BAEKAAEALAAAAAABAAEAAAICTAEAOw==\" class=\"lazyload\" \/><noscript><img decoding=\"async\" src=\"https:\/\/www.tomata.sk\/wp-content\/uploads\/2022\/08\/TE-FOOD-Image-Tomata-Budova.jpg\" alt=\"\" \/><\/noscript><br><br>I\u010cO: 31 384 358I\u010c DPH: SK 2020305265\r<br><hr class=\"no_line\" style=\"margin: 0 auto 0px auto\"\/>\n\r<br><h5>PHONE<\/h5>\r<br><h3>+421 35 777 1895<\/h3>\r<br><h3>+421 35 777 5090<\/h3>\r<br><hr class=\"no_line\" style=\"margin: 0 auto 0px auto\"\/>\n\r<br><h5>E-MAIL<\/h5>\r<br><h3>tomata@tomata.sk<\/h3><br>no-repeat;left top;;<br>auto<br><br><h2>Nap\u00ed\u0161te n\u00e1mspr\u00e1vu<\/h2><br>no-repeat;left top;;<br>auto<br><br><p class=\"wpcf7-contact-form-not-found\"><strong>Error:<\/strong> Contact form not found.<\/p><br>no-repeat;left top;;<br>auto<br><br><\/p>","protected":false},"excerpt":{"rendered":"<p>Tomata s.r.o.14500hide Tomata s.r.o.14500hide TOMATA s.r.o. \u017delezni\u010dn\u00fd rad 3154946 03 Kol\u00e1rovo no-repeat;left top;;auto I\u010cO: 31 384 358I\u010c DPH: SK 2020305265 TELEF\u00d3N +421 35 777 1895 +421<span class=\"excerpt-hellip\"> [\u2026]<\/span><\/p>","protected":false},"author":1,"featured_media":0,"parent":0,"menu_order":0,"comment_status":"closed","ping_status":"closed","template":"","meta":{"footnotes":""},"class_list":["post-35","page","type-page","status-publish","hentry"],"yoast_head":"<!-- This site is optimized with the Yoast SEO plugin v25.1 - https:\/\/yoast.com\/wordpress\/plugins\/seo\/ -->\n<title>KONTAKT - Tomata Original<\/title>\n<meta name=\"description\" content=\"TOMATA s.r.o.. \u017delezni\u010dn\u00fd rad 3154 946 03 Kol\u00e1rovo. I\u010cO: 31 384 358. I\u010c DPH: SK 2020305265. Tel.: +421 35 777 1895. Tel.: +421 35 777 5090\" \/>\n<meta name=\"robots\" content=\"index, follow, max-snippet:-1, max-image-preview:large, max-video-preview:-1\" \/>\n<link rel=\"canonical\" href=\"https:\/\/tomata.sk\/en\/kontakt\/\" \/>\n<meta property=\"og:locale\" content=\"en_GB\" \/>\n<meta property=\"og:type\" content=\"article\" \/>\n<meta property=\"og:title\" content=\"KONTAKT - Tomata Original\" \/>\n<meta property=\"og:description\" content=\"TOMATA s.r.o.. \u017delezni\u010dn\u00fd rad 3154 946 03 Kol\u00e1rovo. I\u010cO: 31 384 358. I\u010c DPH: SK 2020305265. Tel.: +421 35 777 1895. Tel.: +421 35 777 5090\" \/>\n<meta property=\"og:url\" content=\"https:\/\/tomata.sk\/en\/kontakt\/\" \/>\n<meta property=\"og:site_name\" content=\"Tomata Original\" \/>\n<meta property=\"article:publisher\" content=\"https:\/\/www.facebook.com\/tomataoriginal\" \/>\n<meta property=\"article:modified_time\" content=\"2023-01-25T10:01:38+00:00\" \/>\n<meta property=\"og:image\" content=\"https:\/\/www.tomata.sk\/wp-content\/uploads\/2022\/08\/TE-FOOD-Image-Tomata-Budova.jpg\" \/>\n<meta name=\"twitter:card\" content=\"summary_large_image\" \/>\n<meta name=\"twitter:label1\" content=\"Estimated reading time\" \/>\n\t<meta name=\"twitter:data1\" content=\"1 minute\" \/>\n<script type=\"application\/ld+json\" class=\"yoast-schema-graph\">{\"@context\":\"https:\/\/schema.org\",\"@graph\":[{\"@type\":\"WebPage\",\"@id\":\"https:\/\/tomata.sk\/kontakt\/\",\"url\":\"https:\/\/tomata.sk\/kontakt\/\",\"name\":\"KONTAKT - Tomata Original\",\"isPartOf\":{\"@id\":\"https:\/\/tomata.sk\/en\/#website\"},\"primaryImageOfPage\":{\"@id\":\"https:\/\/tomata.sk\/kontakt\/#primaryimage\"},\"image\":{\"@id\":\"https:\/\/tomata.sk\/kontakt\/#primaryimage\"},\"thumbnailUrl\":\"https:\/\/www.tomata.sk\/wp-content\/uploads\/2022\/08\/TE-FOOD-Image-Tomata-Budova.jpg\",\"datePublished\":\"2019-02-13T09:47:39+00:00\",\"dateModified\":\"2023-01-25T10:01:38+00:00\",\"description\":\"TOMATA s.r.o.. \u017delezni\u010dn\u00fd rad 3154 946 03 Kol\u00e1rovo. I\u010cO: 31 384 358. I\u010c DPH: SK 2020305265. Tel.: +421 35 777 1895. Tel.: +421 35 777 5090\",\"breadcrumb\":{\"@id\":\"https:\/\/tomata.sk\/kontakt\/#breadcrumb\"},\"inLanguage\":\"en-GB\",\"potentialAction\":[{\"@type\":\"ReadAction\",\"target\":[\"https:\/\/tomata.sk\/kontakt\/\"]}]},{\"@type\":\"ImageObject\",\"inLanguage\":\"en-GB\",\"@id\":\"https:\/\/tomata.sk\/kontakt\/#primaryimage\",\"url\":\"https:\/\/www.tomata.sk\/wp-content\/uploads\/2022\/08\/TE-FOOD-Image-Tomata-Budova.jpg\",\"contentUrl\":\"https:\/\/www.tomata.sk\/wp-content\/uploads\/2022\/08\/TE-FOOD-Image-Tomata-Budova.jpg\"},{\"@type\":\"BreadcrumbList\",\"@id\":\"https:\/\/tomata.sk\/kontakt\/#breadcrumb\",\"itemListElement\":[{\"@type\":\"ListItem\",\"position\":1,\"name\":\"Domovsk\u00e1 str\u00e1nka\",\"item\":\"https:\/\/tomata.sk\/en\/\"},{\"@type\":\"ListItem\",\"position\":2,\"name\":\"KONTAKT\"}]},{\"@type\":\"WebSite\",\"@id\":\"https:\/\/tomata.sk\/en\/#website\",\"url\":\"https:\/\/tomata.sk\/en\/\",\"name\":\"Tomata Original\",\"description\":\"Slovensk\u00fd v\u00fdrobca paradajkov\u00fdch pretlakov, ke\u010dupov a hor\u010d\u00edc.\",\"publisher\":{\"@id\":\"https:\/\/tomata.sk\/en\/#organization\"},\"potentialAction\":[{\"@type\":\"SearchAction\",\"target\":{\"@type\":\"EntryPoint\",\"urlTemplate\":\"https:\/\/tomata.sk\/en\/?s={search_term_string}\"},\"query-input\":{\"@type\":\"PropertyValueSpecification\",\"valueRequired\":true,\"valueName\":\"search_term_string\"}}],\"inLanguage\":\"en-GB\"},{\"@type\":\"Organization\",\"@id\":\"https:\/\/tomata.sk\/en\/#organization\",\"name\":\"Tomata s.r.o.\",\"url\":\"https:\/\/tomata.sk\/en\/\",\"logo\":{\"@type\":\"ImageObject\",\"inLanguage\":\"en-GB\",\"@id\":\"https:\/\/tomata.sk\/en\/#\/schema\/logo\/image\/\",\"url\":\"https:\/\/tomata.sk\/wp-content\/uploads\/2022\/08\/tomata_logo-500.png\",\"contentUrl\":\"https:\/\/tomata.sk\/wp-content\/uploads\/2022\/08\/tomata_logo-500.png\",\"width\":500,\"height\":501,\"caption\":\"Tomata s.r.o.\"},\"image\":{\"@id\":\"https:\/\/tomata.sk\/en\/#\/schema\/logo\/image\/\"},\"sameAs\":[\"https:\/\/www.facebook.com\/tomataoriginal\"]}]}<\/script>\n<!-- \/ Yoast SEO plugin. -->","yoast_head_json":{"title":"KONTAKT - Tomata Original","description":"TOMATA s.r.o.. \u017delezni\u010dn\u00fd rad 3154 946 03 Kol\u00e1rovo. I\u010cO: 31 384 358. I\u010c DPH: SK 2020305265. Tel.: +421 35 777 1895. Tel.: +421 35 777 5090","robots":{"index":"index","follow":"follow","max-snippet":"max-snippet:-1","max-image-preview":"max-image-preview:large","max-video-preview":"max-video-preview:-1"},"canonical":"https:\/\/tomata.sk\/en\/kontakt\/","og_locale":"en_GB","og_type":"article","og_title":"KONTAKT - Tomata Original","og_description":"TOMATA s.r.o.. \u017delezni\u010dn\u00fd rad 3154 946 03 Kol\u00e1rovo. I\u010cO: 31 384 358. I\u010c DPH: SK 2020305265. Tel.: +421 35 777 1895. Tel.: +421 35 777 5090","og_url":"https:\/\/tomata.sk\/en\/kontakt\/","og_site_name":"Tomata Original","article_publisher":"https:\/\/www.facebook.com\/tomataoriginal","article_modified_time":"2023-01-25T10:01:38+00:00","og_image":[{"url":"https:\/\/www.tomata.sk\/wp-content\/uploads\/2022\/08\/TE-FOOD-Image-Tomata-Budova.jpg","type":"","width":"","height":""}],"twitter_card":"summary_large_image","twitter_misc":{"Estimated reading time":"1 minute"},"schema":{"@context":"https:\/\/schema.org","@graph":[{"@type":"WebPage","@id":"https:\/\/tomata.sk\/kontakt\/","url":"https:\/\/tomata.sk\/kontakt\/","name":"KONTAKT - Tomata Original","isPartOf":{"@id":"https:\/\/tomata.sk\/en\/#website"},"primaryImageOfPage":{"@id":"https:\/\/tomata.sk\/kontakt\/#primaryimage"},"image":{"@id":"https:\/\/tomata.sk\/kontakt\/#primaryimage"},"thumbnailUrl":"https:\/\/www.tomata.sk\/wp-content\/uploads\/2022\/08\/TE-FOOD-Image-Tomata-Budova.jpg","datePublished":"2019-02-13T09:47:39+00:00","dateModified":"2023-01-25T10:01:38+00:00","description":"TOMATA s.r.o.. \u017delezni\u010dn\u00fd rad 3154 946 03 Kol\u00e1rovo. I\u010cO: 31 384 358. I\u010c DPH: SK 2020305265. Tel.: +421 35 777 1895. Tel.: +421 35 777 5090","breadcrumb":{"@id":"https:\/\/tomata.sk\/kontakt\/#breadcrumb"},"inLanguage":"en-GB","potentialAction":[{"@type":"ReadAction","target":["https:\/\/tomata.sk\/kontakt\/"]}]},{"@type":"ImageObject","inLanguage":"en-GB","@id":"https:\/\/tomata.sk\/kontakt\/#primaryimage","url":"https:\/\/www.tomata.sk\/wp-content\/uploads\/2022\/08\/TE-FOOD-Image-Tomata-Budova.jpg","contentUrl":"https:\/\/www.tomata.sk\/wp-content\/uploads\/2022\/08\/TE-FOOD-Image-Tomata-Budova.jpg"},{"@type":"BreadcrumbList","@id":"https:\/\/tomata.sk\/kontakt\/#breadcrumb","itemListElement":[{"@type":"ListItem","position":1,"name":"Domovsk\u00e1 str\u00e1nka","item":"https:\/\/tomata.sk\/en\/"},{"@type":"ListItem","position":2,"name":"KONTAKT"}]},{"@type":"WebSite","@id":"https:\/\/tomata.sk\/en\/#website","url":"https:\/\/tomata.sk\/en\/","name":"Tomata Original","description":"Slovensk\u00fd v\u00fdrobca paradajkov\u00fdch pretlakov, ke\u010dupov a hor\u010d\u00edc.","publisher":{"@id":"https:\/\/tomata.sk\/en\/#organization"},"potentialAction":[{"@type":"SearchAction","target":{"@type":"EntryPoint","urlTemplate":"https:\/\/tomata.sk\/en\/?s={search_term_string}"},"query-input":{"@type":"PropertyValueSpecification","valueRequired":true,"valueName":"search_term_string"}}],"inLanguage":"en-GB"},{"@type":"Organization","@id":"https:\/\/tomata.sk\/en\/#organization","name":"Tomata s.r.o.","url":"https:\/\/tomata.sk\/en\/","logo":{"@type":"ImageObject","inLanguage":"en-GB","@id":"https:\/\/tomata.sk\/en\/#\/schema\/logo\/image\/","url":"https:\/\/tomata.sk\/wp-content\/uploads\/2022\/08\/tomata_logo-500.png","contentUrl":"https:\/\/tomata.sk\/wp-content\/uploads\/2022\/08\/tomata_logo-500.png","width":500,"height":501,"caption":"Tomata s.r.o."},"image":{"@id":"https:\/\/tomata.sk\/en\/#\/schema\/logo\/image\/"},"sameAs":["https:\/\/www.facebook.com\/tomataoriginal"]}]}},"_links":{"self":[{"href":"https:\/\/tomata.sk\/en\/wp-json\/wp\/v2\/pages\/35","targetHints":{"allow":["GET"]}}],"collection":[{"href":"https:\/\/tomata.sk\/en\/wp-json\/wp\/v2\/pages"}],"about":[{"href":"https:\/\/tomata.sk\/en\/wp-json\/wp\/v2\/types\/page"}],"author":[{"embeddable":true,"href":"https:\/\/tomata.sk\/en\/wp-json\/wp\/v2\/users\/1"}],"replies":[{"embeddable":true,"href":"https:\/\/tomata.sk\/en\/wp-json\/wp\/v2\/comments?post=35"}],"version-history":[{"count":1,"href":"https:\/\/tomata.sk\/en\/wp-json\/wp\/v2\/pages\/35\/revisions"}],"predecessor-version":[{"id":859,"href":"https:\/\/tomata.sk\/en\/wp-json\/wp\/v2\/pages\/35\/revisions\/859"}],"wp:attachment":[{"href":"https:\/\/tomata.sk\/en\/wp-json\/wp\/v2\/media?parent=35"}],"curies":[{"name":"wp","href":"https:\/\/api.w.org\/{rel}","templated":true}]}}