{"id":313,"date":"2022-09-13T10:36:43","date_gmt":"2022-09-13T08:36:43","guid":{"rendered":"https:\/\/www.tomata.sk\/?page_id=313"},"modified":"2022-09-13T10:36:45","modified_gmt":"2022-09-13T08:36:45","slug":"gdpr","status":"publish","type":"page","link":"https:\/\/tomata.sk\/en\/gdpr\/","title":{"rendered":"GDPR"},"content":{"rendered":"<p><strong>Z\u00e1sady spracovania osobn\u00fdch \u00fadajov a&nbsp;syst\u00e9m ochrany osobn\u00fdch \u00fadajov pod\u013ea nariadenia GDPR<\/strong><\/p><p>Prev\u00e1dzkovate\u013e (spr\u00e1vca) Va\u0161ich osobn\u00fdch \u00fadajov pod\u013ea \u010dl\u00e1nku 4 bod 7. Nariadenia Eur\u00f3pskeho parlamentu a&nbsp;rady (E\u00da) 2016\/679 o&nbsp;ochrane fyzick\u00fdch os\u00f4b v&nbsp;s\u00favislosti so spracovan\u00edm osobn\u00fdch \u00fadajov a&nbsp;o&nbsp;vo\u013enom pohybe tak\u00fdchto \u00fadajov (\u010falej len GDPR)&nbsp; je spolo\u010dnos\u0165:&nbsp;<strong>TOMATA s.r.o., \u017delezni\u010dn\u00fd rad 3154, 946 03 Kol\u00e1rovo, I\u010cO: 31 384 358<\/strong><\/p><p><strong>Kontaktn\u00e9 \u00fadaje prev\u00e1dzkovate\u013ea s\u00fa :<br><\/strong><strong>Tel. \u010d.:&nbsp;<\/strong><strong>0905 741&nbsp;946<br><\/strong><strong>e-mail:&nbsp;<\/strong><a href=\"mailto:zs@tomata.sk\"><strong>zs@tomata.sk<\/strong><\/a><strong>&nbsp;&nbsp;<\/strong><strong>&nbsp;&nbsp;<\/strong><\/p><p>(\u010falej len ako \u201e<strong>Prev\u00e1dzkovate\u013e<\/strong>\u201c)<\/p><p><strong>\u010co je osobn\u00fd \u00fadaj?<\/strong><\/p><p>Osobn\u00fdmi \u00fadajmi s\u00fa \u00fadaje t\u00fdkaj\u00face sa identifikovanej fyzickej osoby, alebo identifikovate\u013enej fyzickej osoby,&nbsp;<strong>ktor\u00fa mo\u017eno identifikova\u0165 priamo alebo nepriamo, najm\u00e4 na z\u00e1klade v\u0161eobecne pou\u017eite\u013en\u00e9ho identifik\u00e1tora<\/strong>, in\u00e9ho identifik\u00e1tora ako je napr\u00edklad meno, priezvisko, identifika\u010dn\u00e9 \u010d\u00edslo, lokaliza\u010dn\u00e9 \u00fadaje, alebo online identifik\u00e1tor, alebo na z\u00e1klade jednej alebo viacer\u00fdch charakterist\u00edk alebo znakov, ktor\u00e9 tvoria jej fyzick\u00fa identitu, fyziologick\u00fa identitu, genetick\u00fa identitu, psychick\u00fa identitu, ment\u00e1lnu identitu, ekonomick\u00fa identitu, kult\u00farnu identitu alebo soci\u00e1lnu identitu.<\/p><p><strong>\u010co je sprac\u00favanie osobn\u00fdch \u00fadajov?<\/strong><\/p><p>Sprac\u00favan\u00edm osobn\u00fdch \u00fadajov je spracovate\u013esk\u00e1 oper\u00e1cia alebo s\u00fabor spracovate\u013esk\u00fdch oper\u00e1ci\u00ed s osobn\u00fdmi \u00fadajmi alebo s\u00fabormi osobn\u00fdch \u00fadajov, najm\u00e4 z\u00edskavanie, zaznamen\u00e1vanie, usporad\u00favanie, \u0161trukt\u00farovanie, uchov\u00e1vanie, zmena, vyh\u013ead\u00e1vanie, prehliadanie, vyu\u017e\u00edvanie, poskytovanie prenosom, \u0161\u00edren\u00edm alebo in\u00fdm sp\u00f4sobom, preskupovanie alebo kombinovanie, obmedzenie, vymazanie, bez oh\u013eadu na to, \u010di sa vykon\u00e1va automatizovan\u00fdmi prostriedkami alebo neautomatizovan\u00fdmi prostriedkami.<\/p><p>Prev\u00e1dzkovate\u013e&nbsp; (Spr\u00e1vca)&nbsp; nem\u00e1 povinnos\u0165 vymenova\u0165\/ur\u010di\u0165&nbsp; Zodpovedn\u00fa Osobu.<\/p><p><strong><u>Zdroje a&nbsp;kateg\u00f3rie osobn\u00fdch \u00fadajov:<\/u><\/strong><\/p><p>Prev\u00e1dzkovate\u013e spracov\u00e1va osobn\u00e9 \u00fadaje (priamo od v\u00e1s) ktor\u00e9 ste mu poskytli, alebo osobn\u00e9 \u00fadaje ktor\u00e9 z\u00edskal na z\u00e1klade plnenia Va\u0161ej objedn\u00e1vky.<br>Va\u0161e identifika\u010dn\u00e9 a&nbsp;kontaktn\u00e9 \u00fadaje&nbsp; a&nbsp;\u00fadaje nevyhnutn\u00e9 na plnenie zmluvy.<\/p><p><strong><u>Z\u00e1konn\u00fd d\u00f4vod a&nbsp;\u00fa\u010del spracovania :<\/u><\/strong><\/p><p><strong>Z\u00e1konn\u00fdm d\u00f4vodom spracovania je:<\/strong><\/p><p>Plnenie zmluvy medzi Vami a&nbsp;prev\u00e1dzkovate\u013eom pod\u013ea \u010dl\u00e1nku 6 ods.1 p\u00edsmeno b) GDPR<br>Opr\u00e1vnen\u00fd z\u00e1ujem prev\u00e1dzkovate\u013ea na poskytovanie priameho marketingu pod\u013ea \u010dl\u00e1nku 6 ods.1 p\u00edsmeno f) GDPR<br>V\u00e1\u0161 s\u00fahlas so spracovan\u00edm osobn\u00fdch \u00fadajov na \u00fa\u010dely poskytovania priameho marketingu pod\u013ea \u010dl\u00e1nku 6 ods.1 p\u00edsmeno a) GDPR<\/p><p><strong>\u00da\u010delom spracovania osobn\u00fdch \u00fadajov je:<\/strong><\/p><p>Vybavenie Va\u0161ej objedn\u00e1vky a&nbsp;v\u00fdkon pr\u00e1v a&nbsp;povinnost\u00ed vypl\u00fdvaj\u00facich zo zmluvn\u00e9ho vz\u0165ahu medzi Vami a&nbsp;prev\u00e1dzkovate\u013eom. Pri objedn\u00e1vke s\u00fa vy\u017eadovan\u00e9 osobn\u00e9 \u00fadaje nevyhnutn\u00e9 pre \u00faspe\u0161n\u00e9 vybavenie objedn\u00e1vky (meno, adresa &#8211; miesto v\u00fdkonu pr\u00e1ce, kontakt), pod\u013ea \u010dl. 6 ods. 1 p\u00edsm. b) Nariadenia (s t\u00fdm s\u00favis\u00ed aj n\u00e1sledn\u00e9 uskuto\u010dnenie platby, dodanie tovaru alebo slu\u017eby, vybavovanie reklam\u00e1cie a pod.); sprac\u00favanie osobn\u00fdch \u00fadajov z\u00e1kazn\u00edka prebieha&nbsp;<strong><em>bez s\u00fahlasu z\u00e1kazn\u00edka<\/em>,<\/strong>&nbsp;nako\u013eko pr\u00e1vnym z\u00e1kladom sprac\u00favania jeho osobn\u00fdch \u00fadajov na \u00fa\u010dely plnenia zmluvy je konkr\u00e9tna zmluva uzavret\u00e1 na dia\u013eku medzi z\u00e1kazn\u00edkom a&nbsp;prev\u00e1dzkovate\u013eom.&nbsp;<strong>Poskytnutie osobn\u00fdch \u00fadajov je nevyhnutn\u00e1 po\u017eiadavka na uzatvorenie a&nbsp;plnenie zmluvy<\/strong>, bez poskytnutia osobn\u00fdch \u00fadajov nie je mo\u017en\u00e9 uzavrie\u0165 zmluvu \u010di zo strany prev\u00e1dzkovate\u013ea plni\u0165 jej podmienky.<\/p><p><strong>Soci\u00e1lne siete:<\/strong><\/p><p>Propag\u00e1cia spolo\u010dnosti prostredn\u00edctvom soci\u00e1lnej siete<br>Zasielanie marketingov\u00fdch pon\u00fak a&nbsp;\u010dinenie \u010fal\u0161\u00edch marketingov\u00fdch aktiv\u00edt.<br>Zo strany prev\u00e1dzkovate\u013ea nedoch\u00e1dza k&nbsp;automatizovan\u00e9mu individu\u00e1lnemu rozhodovaniu v zmysle \u010dl\u00e1nku 22 GDPR<\/p><p><strong>Kamerov\u00fd syst\u00e9m:<\/strong><\/p><p>Prev\u00e1dzkovate\u013e vyu\u017e\u00edva k prevencii a ochrane svojich z\u00e1kazn\u00edkov, svojho aj ich majetku kamerov\u00fd syst\u00e9m.<br>Prev\u00e1dzkovate\u013e prehlasuje, \u017ee so z\u00e1znamami \u017eiadnym sp\u00f4sobom nepracuje a neposkytuje ich tret\u00edm osob\u00e1m \u010di subjektom<\/p><p><strong>GPS:<\/strong><\/p><p>Prev\u00e1dzkovate\u013e vyu\u017e\u00edva syst\u00e9m GPS k optimaliz\u00e1cia firemn\u00fdch n\u00e1kladov na PHM, preh\u013eadn\u00e9 \u00fa\u010dtovanie PHM, automatick\u00e9 generovanie knihy j\u00e1zd, vykazovanie slu\u017eobn\u00fdch ciest, vyp\u00e1tranie vozidla v pr\u00edpade jeho odcudzenia, kontroly dodr\u017eiavania pracovnopr\u00e1vnych povinnost\u00ed zamestnancov pri veden\u00ed slu\u017eobn\u00e9ho vozidla, ochrana majetku zamestn\u00e1vate\u013ea \u2013 slu\u017eobn\u00fdch vozidiel pred kr\u00e1de\u017eou, po\u0161koden\u00edm<\/p><p>Prev\u00e1dzkovate\u013e prehlasuje, \u017ee so z\u00e1znamami \u017eiadnym sp\u00f4sobom nepracuje a neposkytuje ich tret\u00edm osob\u00e1m \u010di subjektom<\/p><p><strong><u>Doba uchov\u00e1vania:<\/u><\/strong><\/p><p>Prev\u00e1dzkovate\u013e uchov\u00e1va osobn\u00e9 \u00fadaje<br>Po dobu nevyhnutn\u00fa k&nbsp;v\u00fdkonu pr\u00e1v a&nbsp;povinnost\u00ed vypl\u00fdvaj\u00facich so zmluvn\u00e9ho vz\u0165ahu medzi Vami a&nbsp;prev\u00e1dzkovate\u013eom a&nbsp;uplat\u0148ovania n\u00e1roku vypl\u00fdvaj\u00faceho&nbsp; z&nbsp;t\u00fdchto zmluvn\u00fdch vz\u0165ahov.<br>Po dobu ne\u017e je odvolan\u00fd s\u00fahlas so spracovan\u00edm osobn\u00fdch \u00fadajov pre \u00fa\u010dely marketingu<br>Po uplynut\u00ed doby uchov\u00e1vania osobn\u00fdch \u00fadajov ktor\u00e1 vypl\u00fdva zo z\u00e1kona \u010d. 395\/2002 Z. z. Z\u00e1kon o arch\u00edvoch a registrat\u00farach a o doplnen\u00ed niektor\u00fdch z\u00e1konov prev\u00e1dzkovate\u013e osobn\u00e9 \u00fadaje vyma\u017ee.<\/p><p><strong>Pr\u00edjemcovia osobn\u00fdch \u00fadajov<\/strong><\/p><p><strong>Kto je pr\u00edjemca?<\/strong><\/p><p>Pr\u00edjemcom&nbsp;<strong>je ka\u017ed\u00fd,<\/strong>&nbsp;komu sa&nbsp;<strong>osobn\u00e9 \u00fadaje poskytn\u00fa<\/strong>&nbsp;bez oh\u013eadu na to, \u010di je tre\u0165ou stranou. Za pr\u00edjemcu sa nepova\u017euje org\u00e1n verejnej moci, ktor\u00fd sprac\u00fava osobn\u00e9 \u00fadaje na z\u00e1klade osobitn\u00e9ho predpisu.<br>S\u00fa osoby ktor\u00e9 sa&nbsp; podie\u013eaj\u00fa na dodan\u00ed tovaru, slu\u017eieb, realiz\u00e1cii platieb na z\u00e1klade zmluvy.<br>Prev\u00e1dzkovate\u013e neposkytuje, nezverej\u0148uje&nbsp; a&nbsp;nespr\u00edstup\u0148uje osobn\u00e9 \u00fadaje do tret\u00edch kraj\u00edn.<\/p><p><strong>Podmienky zabezpe\u010denia osobn\u00fdch \u00fadajov<\/strong><\/p><p><strong>Prev\u00e1dzkovate\u013e prehlasuje, \u017ee prijal vhodn\u00e9 person\u00e1lne, technick\u00e9 a&nbsp;organiza\u010dn\u00e9 opatrenia k&nbsp;zabezpe\u010deniu ochrany osobn\u00fdch \u00fadajov.<br><\/strong><strong>Prev\u00e1dzkovate\u013e prijal technick\u00e9 opatrenia na zabezpe\u010denie d\u00e1tov\u00fdch \u00falo\u017e\u00edsk a&nbsp;\u00falo\u017e\u00edsk osobn\u00fdch \u00fadajov v&nbsp;spisovej podobe.<br><\/strong><strong>Prev\u00e1dzkovate\u013e prehlasuje , \u017ee k&nbsp;osobn\u00fdm \u00fadajom maj\u00fa pr\u00edstup v\u00fdlu\u010dne n\u00edm poveren\u00e9 osoby.<\/strong><\/p><p><strong>Va\u0161e pr\u00e1va :<\/strong><\/p><p>Za podmienok stanoven\u00fdch v&nbsp;GDPR m\u00e1te:<\/p><p>Pr\u00e1vo na pr\u00edstup k&nbsp;svojim osobn\u00fdm \u00fadajom pod\u013ea \u010dl. 15 GDPR<br>Pr\u00e1vo na opravu osobn\u00fdch \u00fadajov pod\u013ea \u010dl.16 GDPR<br>Pr\u00e1vo na obmedzenie sprac\u00favania<br>Pr\u00e1vo na v\u00fdmaz pod\u013ea \u010dl.17 GDPR<br>Pr\u00e1vo namieta\u0165 pod\u013ea \u010dl\u00e1nku 21 GDPR<br>Pr\u00e1vo na prenesenie osobn\u00fdch \u00fadajov pod\u013ea \u010dl\u00e1nku 21 GDPR<br>Pr\u00e1vo odvola\u0165 s\u00fahlas (elektronicky, alebo na kore\u0161ponden\u010dn\u00fa adresu)<br>Pr\u00e1vo poda\u0165 s\u0165a\u017enos\u0165 \u00faradu na ochranu osobn\u00fdch \u00fadajov v&nbsp;pr\u00edpade, \u017ee sa domnievate ,\u017ee do\u0161lo k&nbsp;poru\u0161eniu va\u0161ich pr\u00e1v na ochranu osobn\u00fdch \u00fadajov.<\/p><p><strong>\u010ealej m\u00e1te pr\u00e1vo poda\u0165 s\u0165a\u017enos\u0165 \u00faradu na ochranu osobn\u00fdch \u00fadajov v&nbsp;pr\u00edpade, \u017ee sa domnievate ,\u017ee do\u0161lo k&nbsp;poru\u0161eniu va\u0161ich pr\u00e1v na ochranu osobn\u00fdch \u00fadajov.<\/strong><\/p><p><strong><u>Ako m\u00f4\u017eete naplni\u0165 svoje pr\u00e1va?<\/u><\/strong><\/p><ol class=\"wp-block-list\"><li><strong>Pr\u00e1vo na pr\u00edstup k \u00fadajom<\/strong><\/li><\/ol><p>M\u00e1te pr\u00e1vo vedie\u0165, \u010di sprac\u00favame Va\u0161e osobn\u00e9 \u00fadaje. Pokia\u013e ich sprac\u00favame, m\u00f4\u017eete n\u00e1s po\u017eiada\u0165 o pr\u00edstup k nim. Na z\u00e1klade Va\u0161ej \u017eiadosti vyd\u00e1me potvrdenie s inform\u00e1ciami o sprac\u00favan\u00ed Va\u0161ich osobn\u00fdch \u00fadajov. \u017diados\u0165 m\u00f4\u017eete poda\u0165 elektronicky, na emailov\u00fa adresu&nbsp;<a href=\"mailto:zs@tomata.sk\"><strong>zs@tomata.sk<\/strong><\/a>, alebo po\u0161tou na kore\u0161ponden\u010dn\u00fa adresu<strong>: TOMATA s.r.o., \u017delezni\u010dn\u00fd rad 3154, 946 03 Kol\u00e1rovo<\/strong><\/p><p><strong>Pr\u00e1vo na opravu<\/strong><\/p><p>M\u00e1te pr\u00e1vo na to, aby Va\u0161e osobn\u00e9 \u00fadaje, ktor\u00e9 sprac\u00favame, boli spr\u00e1vne, \u00fapln\u00e9 a aktu\u00e1lne. Pokia\u013e s\u00fa Va\u0161e osobn\u00e9 \u00fadaje nespr\u00e1vne alebo neaktu\u00e1lne, m\u00f4\u017eete n\u00e1s po\u017eiada\u0165 o opravu alebo doplnenie a&nbsp;to elektronickou formou na emailov\u00fa adresu&nbsp;<a href=\"mailto:zs@tomata.sk\"><strong>zs@tomata.sk<\/strong><\/a>, alebo po\u0161tou na kore\u0161ponden\u010dn\u00fa adresu<strong>: TOMATA s.r.o., \u017delezni\u010dn\u00fd rad 3154, 946 03 Kol\u00e1rovo<\/strong><\/p><p><strong>Pr\u00e1vo na vymazanie<\/strong><\/p><p>Za ur\u010dit\u00fdch okolnost\u00ed m\u00e1te pr\u00e1vo, aby sme Va\u0161e osobn\u00e9 \u00fadaje vymazali. O vymazanie Va\u0161ich \u00fadajov n\u00e1s m\u00f4\u017eete po\u017eiada\u0165 kedyko\u013evek. Va\u0161e osobn\u00e9 \u00fadaje vyma\u017eeme, ak:<\/p><p>-u\u017e va\u0161e osobn\u00e9 \u00fadaje nepotrebujeme pre \u00fa\u010del, na ktor\u00fd ste n\u00e1m ich poskytli,<br>-odvol\u00e1te svoj s\u00fahlas,<br>-namietate vo\u010di sprac\u00favaniu va\u0161ich osobn\u00fdch \u00fadajov,<br>-sprac\u00favame Va\u0161e osobn\u00e9 \u00fadaje nez\u00e1konne,<br>-osobn\u00e9 \u00fadaje musia by\u0165 vymazan\u00e9, aby sa t\u00fdm splnila z\u00e1konn\u00e1 povinnos\u0165,<br>-ak ste die\u0165a, pr\u00edp. rodi\u010d die\u0165a\u0165a, ktor\u00e9 s\u00fahlasilo so sprac\u00favan\u00edm osobn\u00fdch \u00fadajov cez internet.<\/p><p><strong>Pr\u00e1vo na obmedzenie sprac\u00favania<\/strong><\/p><p>M\u00f4\u017eete n\u00e1s po\u017eiada\u0165, aby sme obmedzili sprac\u00favanie va\u0161ich osobn\u00fdch \u00fadajov. Pokia\u013e Va\u0161ej \u017eiadosti vyhovieme, Va\u0161e osobn\u00e9 \u00fadaje budeme iba uchov\u00e1va\u0165 a \u010falej s nimi pracova\u0165 nebudeme. K obmedzeniu sprac\u00favania Va\u0161ich \u00fadajov d\u00f4jde, ak<\/p><p>-n\u00e1m ozn\u00e1mite, \u017ee Va\u0161e osobn\u00e9 \u00fadaje s\u00fa nespr\u00e1vne, a to a\u017e dok\u00fdm neover\u00edme ich spr\u00e1vnos\u0165,<br>-sprac\u00favame Va\u0161e osobn\u00e9 \u00fadaje nez\u00e1konne, av\u0161ak Vy nes\u00fahlas\u00edte s ich vymazan\u00edm a na miesto toho \u017eiadate, aby sme sprac\u00favanie Va\u0161ich osobn\u00fdch \u00fadajov len obmedzili,<br>-Va\u0161e \u00fadaje u\u017e nepotrebujeme, ale potrebujete ich Vy na preuk\u00e1zanie, uplat\u0148ovanie alebo obhajovanie svojich pr\u00e1v<br>-namietate vo\u010di sprac\u00favaniu Va\u0161ich osobn\u00fdch \u00fadajov, a to a\u017e k\u00fdm neover\u00edme, \u010di na\u0161e opr\u00e1vnen\u00e9 z\u00e1ujmy preva\u017euj\u00fa nad va\u0161imi d\u00f4vodmi.<\/p><p><strong>Pr\u00e1vo na prenosnos\u0165 \u00fadajov<\/strong><\/p><p>M\u00e1te pr\u00e1vo \u017eiada\u0165, aby sme V\u00e1m poskytli Va\u0161e osobn\u00e9 \u00fadaje v elektronickej forme (napr. s\u00fabor XML alebo CSV), ktor\u00e1 V\u00e1m umo\u017en\u00ed \u013eahko si prenies\u0165 \u00fadaje do inej spolo\u010dnosti. Tie\u017e n\u00e1s m\u00f4\u017eete po\u017eiada\u0165, aby sme Va\u0161e osobn\u00e9 \u00fadaje preniesli vybranej spolo\u010dnosti priamo my. Va\u0161ej \u017eiadosti vyhovieme v pr\u00edpade, \u017ee ste n\u00e1m poskytli osobn\u00e9 \u00fadaje priamo Vy a dali ste n\u00e1m na ich sprac\u00favanie s\u00fahlas.<\/p><p><strong>Pr\u00e1vo namieta\u0165<\/strong><\/p><p><strong>M\u00e1te pr\u00e1vo namieta\u0165, \u017ee sprac\u00favame Va\u0161e osobn\u00e9 \u00fadaje. Ak Va\u0161e osobn\u00e9 \u00fadaje sprac\u00favame v nasledovn\u00fdch pr\u00edpadoch:<\/strong><\/p><p>-z d\u00f4vodu n\u00e1\u0161ho opr\u00e1vnen\u00e9ho z\u00e1ujmu,<br>-vytv\u00e1rania z\u00e1kazn\u00edckeho profilu,<br>-m\u00f4\u017eete namieta\u0165 ich sprac\u00favanie, ak m\u00e1te na to osobn\u00e9 d\u00f4vody.<\/p><p><strong>Ako m\u00f4\u017eete tieto pr\u00e1va vykon\u00e1va\u0165?<\/strong><\/p><p><strong>S Va\u0161ou \u017eiados\u0165ou sa m\u00f4\u017eete na n\u00e1s obr\u00e1ti\u0165 niektor\u00fdm z t\u00fdchto sp\u00f4sobov:&nbsp;<\/strong><strong>p\u00edsomne mailom:&nbsp;<\/strong><a href=\"mailto:zs@tomata.sk\"><strong>zs@tomata.sk<\/strong><\/a><strong>,&nbsp;<\/strong><strong>alebo po\u0161tou na kore\u0161ponden\u010dn\u00fa adresu: TOMATA s.r.o., \u017delezni\u010dn\u00fd rad 3154, 946 03 Kol\u00e1rovo, I\u010cO: 31 384 358<\/strong><\/p><p><strong>V&nbsp;pr\u00edpade, \u017ee sa domnievate ,\u017ee do\u0161lo k&nbsp;poru\u0161eniu Va\u0161ich pr\u00e1v na ochranu osobn\u00fdch \u00fadajov m\u00e1te pr\u00e1vo poda\u0165 s\u0165a\u017enos\u0165 dozorn\u00e9mu org\u00e1nu ktor\u00fdm je \u00darad na ochranu osobn\u00fdch \u00fadajov na adrese<\/strong><\/p><p>Hrani\u010dn\u00e1 12<br>820 07 Bratislava 27<br>Slovensk\u00e1 republika<\/p><p><strong>Identifika\u010dn\u00e9 \u00fadaje:<\/strong><\/p><p>I\u010cO: 36064220<br>DI\u010c: 2021685985<\/p><p><strong>Sekretari\u00e1t \u00faradu:<\/strong><\/p><p>+421 \/2 3231 3214<\/p><p><strong>E-mail:&nbsp;&nbsp;<\/strong><a href=\"mailto:statny.dozor@pdp.gov.sk\">statny.dozor@pdp.gov.sk<br><\/a><strong>Podate\u013e\u0148a<\/strong>: pondelok \u2013 \u0161tvrtok: 8:00 &#8211; 15:00<br>piatok: 8:00 &#8211; 14:00<\/p>","protected":false},"excerpt":{"rendered":"<p>Z\u00e1sady spracovania osobn\u00fdch \u00fadajov a&nbsp;syst\u00e9m ochrany osobn\u00fdch \u00fadajov pod\u013ea nariadenia GDPR Prev\u00e1dzkovate\u013e (spr\u00e1vca) Va\u0161ich osobn\u00fdch \u00fadajov pod\u013ea \u010dl\u00e1nku 4 bod 7. Nariadenia Eur\u00f3pskeho parlamentu a&nbsp;rady (E\u00da)<span class=\"excerpt-hellip\"> [\u2026]<\/span><\/p>","protected":false},"author":1,"featured_media":0,"parent":0,"menu_order":0,"comment_status":"closed","ping_status":"closed","template":"","meta":{"footnotes":""},"class_list":["post-313","page","type-page","status-publish","hentry"],"yoast_head":"<!-- This site is optimized with the Yoast SEO plugin v25.1 - https:\/\/yoast.com\/wordpress\/plugins\/seo\/ -->\n<title>GDPR - Tomata Original<\/title>\n<meta name=\"robots\" content=\"index, follow, max-snippet:-1, max-image-preview:large, max-video-preview:-1\" \/>\n<link rel=\"canonical\" href=\"https:\/\/tomata.sk\/en\/gdpr\/\" \/>\n<meta property=\"og:locale\" content=\"en_GB\" \/>\n<meta property=\"og:type\" content=\"article\" \/>\n<meta property=\"og:title\" content=\"GDPR - Tomata Original\" \/>\n<meta property=\"og:description\" content=\"Z\u00e1sady spracovania osobn\u00fdch \u00fadajov a&nbsp;syst\u00e9m ochrany osobn\u00fdch \u00fadajov pod\u013ea nariadenia GDPR Prev\u00e1dzkovate\u013e (spr\u00e1vca) Va\u0161ich osobn\u00fdch \u00fadajov pod\u013ea \u010dl\u00e1nku 4 bod 7. Nariadenia Eur\u00f3pskeho parlamentu a&nbsp;rady (E\u00da) [\u2026]\" \/>\n<meta property=\"og:url\" content=\"https:\/\/tomata.sk\/en\/gdpr\/\" \/>\n<meta property=\"og:site_name\" content=\"Tomata Original\" \/>\n<meta property=\"article:publisher\" content=\"https:\/\/www.facebook.com\/tomataoriginal\" \/>\n<meta property=\"article:modified_time\" content=\"2022-09-13T08:36:45+00:00\" \/>\n<meta name=\"twitter:card\" content=\"summary_large_image\" \/>\n<meta name=\"twitter:label1\" content=\"Estimated reading time\" \/>\n\t<meta name=\"twitter:data1\" content=\"10 minutes\" \/>\n<script type=\"application\/ld+json\" class=\"yoast-schema-graph\">{\"@context\":\"https:\/\/schema.org\",\"@graph\":[{\"@type\":\"WebPage\",\"@id\":\"https:\/\/tomata.sk\/gdpr\/\",\"url\":\"https:\/\/tomata.sk\/gdpr\/\",\"name\":\"GDPR - Tomata Original\",\"isPartOf\":{\"@id\":\"https:\/\/tomata.sk\/en\/#website\"},\"datePublished\":\"2022-09-13T08:36:43+00:00\",\"dateModified\":\"2022-09-13T08:36:45+00:00\",\"breadcrumb\":{\"@id\":\"https:\/\/tomata.sk\/gdpr\/#breadcrumb\"},\"inLanguage\":\"en-GB\",\"potentialAction\":[{\"@type\":\"ReadAction\",\"target\":[\"https:\/\/tomata.sk\/gdpr\/\"]}]},{\"@type\":\"BreadcrumbList\",\"@id\":\"https:\/\/tomata.sk\/gdpr\/#breadcrumb\",\"itemListElement\":[{\"@type\":\"ListItem\",\"position\":1,\"name\":\"Domovsk\u00e1 str\u00e1nka\",\"item\":\"https:\/\/tomata.sk\/en\/\"},{\"@type\":\"ListItem\",\"position\":2,\"name\":\"GDPR\"}]},{\"@type\":\"WebSite\",\"@id\":\"https:\/\/tomata.sk\/en\/#website\",\"url\":\"https:\/\/tomata.sk\/en\/\",\"name\":\"Tomata Original\",\"description\":\"Slovensk\u00fd v\u00fdrobca paradajkov\u00fdch pretlakov, ke\u010dupov a hor\u010d\u00edc.\",\"publisher\":{\"@id\":\"https:\/\/tomata.sk\/en\/#organization\"},\"potentialAction\":[{\"@type\":\"SearchAction\",\"target\":{\"@type\":\"EntryPoint\",\"urlTemplate\":\"https:\/\/tomata.sk\/en\/?s={search_term_string}\"},\"query-input\":{\"@type\":\"PropertyValueSpecification\",\"valueRequired\":true,\"valueName\":\"search_term_string\"}}],\"inLanguage\":\"en-GB\"},{\"@type\":\"Organization\",\"@id\":\"https:\/\/tomata.sk\/en\/#organization\",\"name\":\"Tomata s.r.o.\",\"url\":\"https:\/\/tomata.sk\/en\/\",\"logo\":{\"@type\":\"ImageObject\",\"inLanguage\":\"en-GB\",\"@id\":\"https:\/\/tomata.sk\/en\/#\/schema\/logo\/image\/\",\"url\":\"https:\/\/tomata.sk\/wp-content\/uploads\/2022\/08\/tomata_logo-500.png\",\"contentUrl\":\"https:\/\/tomata.sk\/wp-content\/uploads\/2022\/08\/tomata_logo-500.png\",\"width\":500,\"height\":501,\"caption\":\"Tomata s.r.o.\"},\"image\":{\"@id\":\"https:\/\/tomata.sk\/en\/#\/schema\/logo\/image\/\"},\"sameAs\":[\"https:\/\/www.facebook.com\/tomataoriginal\"]}]}<\/script>\n<!-- \/ Yoast SEO plugin. -->","yoast_head_json":{"title":"GDPR - Tomata Original","robots":{"index":"index","follow":"follow","max-snippet":"max-snippet:-1","max-image-preview":"max-image-preview:large","max-video-preview":"max-video-preview:-1"},"canonical":"https:\/\/tomata.sk\/en\/gdpr\/","og_locale":"en_GB","og_type":"article","og_title":"GDPR - Tomata Original","og_description":"Z\u00e1sady spracovania osobn\u00fdch \u00fadajov a&nbsp;syst\u00e9m ochrany osobn\u00fdch \u00fadajov pod\u013ea nariadenia GDPR Prev\u00e1dzkovate\u013e (spr\u00e1vca) Va\u0161ich osobn\u00fdch \u00fadajov pod\u013ea \u010dl\u00e1nku 4 bod 7. Nariadenia Eur\u00f3pskeho parlamentu a&nbsp;rady (E\u00da) [\u2026]","og_url":"https:\/\/tomata.sk\/en\/gdpr\/","og_site_name":"Tomata Original","article_publisher":"https:\/\/www.facebook.com\/tomataoriginal","article_modified_time":"2022-09-13T08:36:45+00:00","twitter_card":"summary_large_image","twitter_misc":{"Estimated reading time":"10 minutes"},"schema":{"@context":"https:\/\/schema.org","@graph":[{"@type":"WebPage","@id":"https:\/\/tomata.sk\/gdpr\/","url":"https:\/\/tomata.sk\/gdpr\/","name":"GDPR - Tomata Original","isPartOf":{"@id":"https:\/\/tomata.sk\/en\/#website"},"datePublished":"2022-09-13T08:36:43+00:00","dateModified":"2022-09-13T08:36:45+00:00","breadcrumb":{"@id":"https:\/\/tomata.sk\/gdpr\/#breadcrumb"},"inLanguage":"en-GB","potentialAction":[{"@type":"ReadAction","target":["https:\/\/tomata.sk\/gdpr\/"]}]},{"@type":"BreadcrumbList","@id":"https:\/\/tomata.sk\/gdpr\/#breadcrumb","itemListElement":[{"@type":"ListItem","position":1,"name":"Domovsk\u00e1 str\u00e1nka","item":"https:\/\/tomata.sk\/en\/"},{"@type":"ListItem","position":2,"name":"GDPR"}]},{"@type":"WebSite","@id":"https:\/\/tomata.sk\/en\/#website","url":"https:\/\/tomata.sk\/en\/","name":"Tomata Original","description":"Slovensk\u00fd v\u00fdrobca paradajkov\u00fdch pretlakov, ke\u010dupov a hor\u010d\u00edc.","publisher":{"@id":"https:\/\/tomata.sk\/en\/#organization"},"potentialAction":[{"@type":"SearchAction","target":{"@type":"EntryPoint","urlTemplate":"https:\/\/tomata.sk\/en\/?s={search_term_string}"},"query-input":{"@type":"PropertyValueSpecification","valueRequired":true,"valueName":"search_term_string"}}],"inLanguage":"en-GB"},{"@type":"Organization","@id":"https:\/\/tomata.sk\/en\/#organization","name":"Tomata s.r.o.","url":"https:\/\/tomata.sk\/en\/","logo":{"@type":"ImageObject","inLanguage":"en-GB","@id":"https:\/\/tomata.sk\/en\/#\/schema\/logo\/image\/","url":"https:\/\/tomata.sk\/wp-content\/uploads\/2022\/08\/tomata_logo-500.png","contentUrl":"https:\/\/tomata.sk\/wp-content\/uploads\/2022\/08\/tomata_logo-500.png","width":500,"height":501,"caption":"Tomata s.r.o."},"image":{"@id":"https:\/\/tomata.sk\/en\/#\/schema\/logo\/image\/"},"sameAs":["https:\/\/www.facebook.com\/tomataoriginal"]}]}},"_links":{"self":[{"href":"https:\/\/tomata.sk\/en\/wp-json\/wp\/v2\/pages\/313","targetHints":{"allow":["GET"]}}],"collection":[{"href":"https:\/\/tomata.sk\/en\/wp-json\/wp\/v2\/pages"}],"about":[{"href":"https:\/\/tomata.sk\/en\/wp-json\/wp\/v2\/types\/page"}],"author":[{"embeddable":true,"href":"https:\/\/tomata.sk\/en\/wp-json\/wp\/v2\/users\/1"}],"replies":[{"embeddable":true,"href":"https:\/\/tomata.sk\/en\/wp-json\/wp\/v2\/comments?post=313"}],"version-history":[{"count":0,"href":"https:\/\/tomata.sk\/en\/wp-json\/wp\/v2\/pages\/313\/revisions"}],"wp:attachment":[{"href":"https:\/\/tomata.sk\/en\/wp-json\/wp\/v2\/media?parent=313"}],"curies":[{"name":"wp","href":"https:\/\/api.w.org\/{rel}","templated":true}]}}