{"id":161,"date":"2022-08-11T15:04:56","date_gmt":"2022-08-11T13:04:56","guid":{"rendered":"https:\/\/www.tomata.sk\/?page_id=161"},"modified":"2025-05-09T08:40:01","modified_gmt":"2025-05-09T08:40:01","slug":"omacky-a-pochutiny","status":"publish","type":"page","link":"https:\/\/tomata.sk\/en\/nase-produkty\/omacky-a-pochutiny\/","title":{"rendered":"SAUCES AND DELICACIES"},"content":{"rendered":"<p><\/p><p><h1>Sauces and delicacies<\/h1>\r<br><hr class=\"no_line\" style=\"margin: 0 auto 0px auto\"\/>\n\r<br>You can find only the finest vegetables in our preservative free spreads and sauces inspired by popular Italian and Mexican cuisine.<br>center<br>no-repeat;left top;;<br>auto<br>0 3%<br><br><img decoding=\"async\" data-src=\"https:\/\/www.tomata.sk\/wp-content\/uploads\/2022\/11\/tomata-arrabbiata.png\" alt=\"\" src=\"data:image\/gif;base64,R0lGODlhAQABAAAAACH5BAEKAAEALAAAAAABAAEAAAICTAEAOw==\" class=\"lazyload\" \/><noscript><img decoding=\"async\" src=\"https:\/\/www.tomata.sk\/wp-content\/uploads\/2022\/11\/tomata-arrabbiata.png\" alt=\"\" \/><\/noscript><br>large<br><a href=\"\/en\/produkt-detail\/arrabbiata-omacka-pikantna\/\">\/produkt-detail\/arrabbiata-omacka-pikantna\/<\/a><br>disable<br><br><h3>Arrabbiata sauce piquant<\/h3>\r<br><h4>360g<\/h4>\r<br><hr class=\"no_line\" style=\"margin: 0 auto 0px auto\"\/>\n\r<br>Do you prefer a piquant meals and don\u2019t have a time for proper cooking? Be sure to try our simple, yet apetizing arrabbiata sauce. Due to high amount of sweet tomatoes and slighty hot taste of chilli peppers you\u2019ll definitelly love it. Just spill it on pasta, heaten and tasty dinner is ready to be served! Without preservatives, additives and also GMO and gluten free.<br>no-repeat;left top;;<br>auto<br>20px<br><br>MORE ABOUT PRODUCT<br><a href=\"\/en\/produkt-detail\/arrabbiata-omacka-pikantna\/\">\/produkt-detail\/arrabbiata-omacka-pikantna\/<\/a><br>left<br>2<br>#f4f4f4<br>#2c2e2d<br><br><img decoding=\"async\" data-src=\"https:\/\/www.tomata.sk\/wp-content\/uploads\/2022\/11\/tomata-bolonska.png\" alt=\"\" src=\"data:image\/gif;base64,R0lGODlhAQABAAAAACH5BAEKAAEALAAAAAABAAEAAAICTAEAOw==\" class=\"lazyload\" \/><noscript><img decoding=\"async\" src=\"https:\/\/www.tomata.sk\/wp-content\/uploads\/2022\/11\/tomata-bolonska.png\" alt=\"\" \/><\/noscript><br>large<br><a href=\"\/en\/produkt-detail\/bolonska-omacka-so-sojou-8586003761824\/\">\/produkt-detail\/bolonska-omacka-so-sojou-8586003761824\/<\/a><br>disable<br><br><h3>Bolognese sauce with soybean<\/h3>\r<br><h4>350g<\/h4>\r<br><hr class=\"no_line\" style=\"margin: 0 auto 0px auto\"\/>\n\r<br>If you are running out of time, we bring you our handy Italian sauce. This rich-tasted Bolognese sauce fits perfectly with spaghetty or macarroni and satisfy every fan of good food. In a practical packing for daily use. Without preservatives and also gluten free.<br>no-repeat;left top;;<br>auto<br>20px<br><br>MORE ABOUT PRODUCT<br><a href=\"\/en\/produkt-detail\/bolonska-omacka-so-sojou-8586003761824\/\">\/produkt-detail\/bolonska-omacka-so-sojou-8586003761824\/<\/a><br>left<br>2<br>#f4f4f4<br>#2c2e2d<br><br><img decoding=\"async\" data-src=\"https:\/\/www.tomata.sk\/wp-content\/uploads\/2022\/11\/tomata-pikatna-mexicka.png\" alt=\"\" src=\"data:image\/gif;base64,R0lGODlhAQABAAAAACH5BAEKAAEALAAAAAABAAEAAAICTAEAOw==\" class=\"lazyload\" \/><noscript><img decoding=\"async\" src=\"https:\/\/www.tomata.sk\/wp-content\/uploads\/2022\/11\/tomata-pikatna-mexicka.png\" alt=\"\" \/><\/noscript><br>large<br><a href=\"\/en\/produkt-detail\/mexicka-omacka-8586003764078\/\">\/produkt-detail\/mexicka-omacka-8586003764078\/<\/a><br>disable<br><br><h3>Mexican sauce<\/h3>\r<br><h4>350g<\/h4>\r<br><hr class=\"no_line\" style=\"margin: 0 auto 0px auto\"\/>\n\r<br>Got no time for cooking? Our mexican sauce composed of vegetable grown on local fields and tomatoe puree is the best choice for you. Just mix this premade sauce with rice and enjoy your tasty dinner in no time. In a practical packing for daily use. Without preservatives and also gluten free.<br>no-repeat;left top;;<br>auto<br>20px<br><br>MORE ABOUT PRODUCT<br><a href=\"\/en\/produkt-detail\/mexicka-omacka-8586003764078\/\">\/produkt-detail\/mexicka-omacka-8586003764078\/<\/a><br>left<br>2<br>#f4f4f4<br>#2c2e2d<br><br><img decoding=\"async\" data-src=\"https:\/\/www.tomata.sk\/wp-content\/uploads\/2022\/11\/paprikova-pomazanka-lahodkova-180g-copy.png\" alt=\"\" src=\"data:image\/gif;base64,R0lGODlhAQABAAAAACH5BAEKAAEALAAAAAABAAEAAAICTAEAOw==\" class=\"lazyload\" \/><noscript><img decoding=\"async\" src=\"https:\/\/www.tomata.sk\/wp-content\/uploads\/2022\/11\/paprikova-pomazanka-lahodkova-180g-copy.png\" alt=\"\" \/><\/noscript><br>large<br><a href=\"\/en\/produkt-detail\/paprikova-pomazanka-lahodkova-8586003762333\/\">\/produkt-detail\/paprikova-pomazanka-lahodkova-8586003762333\/<\/a><br>disable<br><br><h3>Paprika spread delicious<\/h3>\r<br><h4>180g<\/h4>\r<br><hr class=\"no_line\" style=\"margin: 0 auto 0px auto\"\/>\n\r<br>Ordinary spread with extraordinary taste. These words can describe this goodness in a practical packing prepared by our traditional recepture. In a practical packing for daily use. Without preservatives and also gluten free.<br>no-repeat;left top;;<br>auto<br>20px<br><br>MORE ABOUT PRODUCT<br><a href=\"\/en\/produkt-detail\/paprikova-pomazanka-lahodkova-8586003762333\/\">\/produkt-detail\/paprikova-pomazanka-lahodkova-8586003762333\/<\/a><br>left<br>2<br>#f4f4f4<br>#2c2e2d<br><br><img decoding=\"async\" data-src=\"https:\/\/www.tomata.sk\/wp-content\/uploads\/2022\/11\/paprikova-pomazanka-pikantna-180g-copy.png\" alt=\"\" src=\"data:image\/gif;base64,R0lGODlhAQABAAAAACH5BAEKAAEALAAAAAABAAEAAAICTAEAOw==\" class=\"lazyload\" \/><noscript><img decoding=\"async\" src=\"https:\/\/www.tomata.sk\/wp-content\/uploads\/2022\/11\/paprikova-pomazanka-pikantna-180g-copy.png\" alt=\"\" \/><\/noscript><br>large<br><a href=\"\/en\/produkt-detail\/paprikova-pomazanka-pikantna\/\">\/produkt-detail\/paprikova-pomazanka-pikantna\/<\/a><br>disable<br><br><h3>Paprika spread spicy<\/h3>\r<br><h4>180g<\/h4>\r<br><hr class=\"no_line\" style=\"margin: 0 auto 0px auto\"\/>\n\r<br>Amazing combination of quite spicy and sweet paprika\u2019s from local fields will improve your ordinary toast to unexpectedly apetizing course. In a practical packing for daily use. Without preservatives and also gluten free.<br>no-repeat;left top;;<br>auto<br>20px<br><br>MORE ABOUT PRODUCT<br><a href=\"\/en\/produkt-detail\/paprikova-pomazanka-pikantna\/\">\/produkt-detail\/paprikova-pomazanka-pikantna\/<\/a><br>left<br>2<br>#f4f4f4<br>#2c2e2d<br><br><\/p>","protected":false},"excerpt":{"rendered":"<p>Om\u00e1\u010dky a pochutiny V na\u0161ich n\u00e1tierkach a om\u00e1\u010dkach in\u0161pirovan\u00fdch ob\u013e\u00fabenou talianskou a mexickou kuchy\u0148ou n\u00e1jdete len poctiv\u00fa zeleninu a \u017eiadnu ch\u00e9miu.centerno-repeat;left top;;auto0 3% large\/produkt-detail\/arrabbiata-omacka-pikantna\/disable Arrabbiata om\u00e1\u010dka<span class=\"excerpt-hellip\"> [\u2026]<\/span><\/p>","protected":false},"author":1,"featured_media":0,"parent":15,"menu_order":0,"comment_status":"closed","ping_status":"closed","template":"","meta":{"footnotes":""},"class_list":["post-161","page","type-page","status-publish","hentry"],"yoast_head":"<!-- This site is optimized with the Yoast SEO plugin v25.1 - https:\/\/yoast.com\/wordpress\/plugins\/seo\/ -->\n<title>OM\u00c1\u010cKY A POCHUTINY - Tomata Original<\/title>\n<meta name=\"description\" content=\"Nest\u00edhate pripravi\u0165 obed \u010di ve\u010deru? Na\u0161e om\u00e1\u010dky a n\u00e1tierky s\u00fa v\u017edy pripraven\u00e9 vytvori\u0165 gurm\u00e1nsky z\u00e1\u017eitok r\u00fdchlo a chutne.\" \/>\n<meta name=\"robots\" content=\"index, follow, max-snippet:-1, max-image-preview:large, max-video-preview:-1\" \/>\n<link rel=\"canonical\" href=\"https:\/\/tomata.sk\/en\/nase-produkty\/omacky-a-pochutiny\/\" \/>\n<meta property=\"og:locale\" content=\"en_GB\" \/>\n<meta property=\"og:type\" content=\"article\" \/>\n<meta property=\"og:title\" content=\"OM\u00c1\u010cKY A POCHUTINY - Tomata Original\" \/>\n<meta property=\"og:description\" content=\"Nest\u00edhate pripravi\u0165 obed \u010di ve\u010deru? Na\u0161e om\u00e1\u010dky a n\u00e1tierky s\u00fa v\u017edy pripraven\u00e9 vytvori\u0165 gurm\u00e1nsky z\u00e1\u017eitok r\u00fdchlo a chutne.\" \/>\n<meta property=\"og:url\" content=\"https:\/\/tomata.sk\/en\/nase-produkty\/omacky-a-pochutiny\/\" \/>\n<meta property=\"og:site_name\" content=\"Tomata Original\" \/>\n<meta property=\"article:publisher\" content=\"https:\/\/www.facebook.com\/tomataoriginal\" \/>\n<meta property=\"article:modified_time\" content=\"2025-05-09T08:40:01+00:00\" \/>\n<meta property=\"og:image\" content=\"https:\/\/www.tomata.sk\/wp-content\/uploads\/2022\/11\/tomata-arrabbiata.png\" \/>\n<meta name=\"twitter:card\" content=\"summary_large_image\" \/>\n<meta name=\"twitter:label1\" content=\"Estimated reading time\" \/>\n\t<meta name=\"twitter:data1\" content=\"3 minutes\" \/>\n<script type=\"application\/ld+json\" class=\"yoast-schema-graph\">{\"@context\":\"https:\/\/schema.org\",\"@graph\":[{\"@type\":\"WebPage\",\"@id\":\"https:\/\/tomata.sk\/nase-produkty\/omacky-a-pochutiny\/\",\"url\":\"https:\/\/tomata.sk\/nase-produkty\/omacky-a-pochutiny\/\",\"name\":\"OM\u00c1\u010cKY A POCHUTINY - Tomata Original\",\"isPartOf\":{\"@id\":\"https:\/\/tomata.sk\/en\/#website\"},\"primaryImageOfPage\":{\"@id\":\"https:\/\/tomata.sk\/nase-produkty\/omacky-a-pochutiny\/#primaryimage\"},\"image\":{\"@id\":\"https:\/\/tomata.sk\/nase-produkty\/omacky-a-pochutiny\/#primaryimage\"},\"thumbnailUrl\":\"https:\/\/www.tomata.sk\/wp-content\/uploads\/2022\/11\/tomata-arrabbiata.png\",\"datePublished\":\"2022-08-11T13:04:56+00:00\",\"dateModified\":\"2025-05-09T08:40:01+00:00\",\"description\":\"Nest\u00edhate pripravi\u0165 obed \u010di ve\u010deru? Na\u0161e om\u00e1\u010dky a n\u00e1tierky s\u00fa v\u017edy pripraven\u00e9 vytvori\u0165 gurm\u00e1nsky z\u00e1\u017eitok r\u00fdchlo a chutne.\",\"breadcrumb\":{\"@id\":\"https:\/\/tomata.sk\/nase-produkty\/omacky-a-pochutiny\/#breadcrumb\"},\"inLanguage\":\"en-GB\",\"potentialAction\":[{\"@type\":\"ReadAction\",\"target\":[\"https:\/\/tomata.sk\/nase-produkty\/omacky-a-pochutiny\/\"]}]},{\"@type\":\"ImageObject\",\"inLanguage\":\"en-GB\",\"@id\":\"https:\/\/tomata.sk\/nase-produkty\/omacky-a-pochutiny\/#primaryimage\",\"url\":\"https:\/\/www.tomata.sk\/wp-content\/uploads\/2022\/11\/tomata-arrabbiata.png\",\"contentUrl\":\"https:\/\/www.tomata.sk\/wp-content\/uploads\/2022\/11\/tomata-arrabbiata.png\"},{\"@type\":\"BreadcrumbList\",\"@id\":\"https:\/\/tomata.sk\/nase-produkty\/omacky-a-pochutiny\/#breadcrumb\",\"itemListElement\":[{\"@type\":\"ListItem\",\"position\":1,\"name\":\"Domovsk\u00e1 str\u00e1nka\",\"item\":\"https:\/\/tomata.sk\/en\/\"},{\"@type\":\"ListItem\",\"position\":2,\"name\":\"PRODUKTY\",\"item\":\"https:\/\/tomata.sk\/nase-produkty\/\"},{\"@type\":\"ListItem\",\"position\":3,\"name\":\"OM\u00c1\u010cKY A POCHUTINY\"}]},{\"@type\":\"WebSite\",\"@id\":\"https:\/\/tomata.sk\/en\/#website\",\"url\":\"https:\/\/tomata.sk\/en\/\",\"name\":\"Tomata Original\",\"description\":\"Slovensk\u00fd v\u00fdrobca paradajkov\u00fdch pretlakov, ke\u010dupov a hor\u010d\u00edc.\",\"publisher\":{\"@id\":\"https:\/\/tomata.sk\/en\/#organization\"},\"potentialAction\":[{\"@type\":\"SearchAction\",\"target\":{\"@type\":\"EntryPoint\",\"urlTemplate\":\"https:\/\/tomata.sk\/en\/?s={search_term_string}\"},\"query-input\":{\"@type\":\"PropertyValueSpecification\",\"valueRequired\":true,\"valueName\":\"search_term_string\"}}],\"inLanguage\":\"en-GB\"},{\"@type\":\"Organization\",\"@id\":\"https:\/\/tomata.sk\/en\/#organization\",\"name\":\"Tomata s.r.o.\",\"url\":\"https:\/\/tomata.sk\/en\/\",\"logo\":{\"@type\":\"ImageObject\",\"inLanguage\":\"en-GB\",\"@id\":\"https:\/\/tomata.sk\/en\/#\/schema\/logo\/image\/\",\"url\":\"https:\/\/tomata.sk\/wp-content\/uploads\/2022\/08\/tomata_logo-500.png\",\"contentUrl\":\"https:\/\/tomata.sk\/wp-content\/uploads\/2022\/08\/tomata_logo-500.png\",\"width\":500,\"height\":501,\"caption\":\"Tomata s.r.o.\"},\"image\":{\"@id\":\"https:\/\/tomata.sk\/en\/#\/schema\/logo\/image\/\"},\"sameAs\":[\"https:\/\/www.facebook.com\/tomataoriginal\"]}]}<\/script>\n<!-- \/ Yoast SEO plugin. -->","yoast_head_json":{"title":"OM\u00c1\u010cKY A POCHUTINY - Tomata Original","description":"Nest\u00edhate pripravi\u0165 obed \u010di ve\u010deru? Na\u0161e om\u00e1\u010dky a n\u00e1tierky s\u00fa v\u017edy pripraven\u00e9 vytvori\u0165 gurm\u00e1nsky z\u00e1\u017eitok r\u00fdchlo a chutne.","robots":{"index":"index","follow":"follow","max-snippet":"max-snippet:-1","max-image-preview":"max-image-preview:large","max-video-preview":"max-video-preview:-1"},"canonical":"https:\/\/tomata.sk\/en\/nase-produkty\/omacky-a-pochutiny\/","og_locale":"en_GB","og_type":"article","og_title":"OM\u00c1\u010cKY A POCHUTINY - Tomata Original","og_description":"Nest\u00edhate pripravi\u0165 obed \u010di ve\u010deru? Na\u0161e om\u00e1\u010dky a n\u00e1tierky s\u00fa v\u017edy pripraven\u00e9 vytvori\u0165 gurm\u00e1nsky z\u00e1\u017eitok r\u00fdchlo a chutne.","og_url":"https:\/\/tomata.sk\/en\/nase-produkty\/omacky-a-pochutiny\/","og_site_name":"Tomata Original","article_publisher":"https:\/\/www.facebook.com\/tomataoriginal","article_modified_time":"2025-05-09T08:40:01+00:00","og_image":[{"url":"https:\/\/www.tomata.sk\/wp-content\/uploads\/2022\/11\/tomata-arrabbiata.png","type":"","width":"","height":""}],"twitter_card":"summary_large_image","twitter_misc":{"Estimated reading time":"3 minutes"},"schema":{"@context":"https:\/\/schema.org","@graph":[{"@type":"WebPage","@id":"https:\/\/tomata.sk\/nase-produkty\/omacky-a-pochutiny\/","url":"https:\/\/tomata.sk\/nase-produkty\/omacky-a-pochutiny\/","name":"OM\u00c1\u010cKY A POCHUTINY - Tomata Original","isPartOf":{"@id":"https:\/\/tomata.sk\/en\/#website"},"primaryImageOfPage":{"@id":"https:\/\/tomata.sk\/nase-produkty\/omacky-a-pochutiny\/#primaryimage"},"image":{"@id":"https:\/\/tomata.sk\/nase-produkty\/omacky-a-pochutiny\/#primaryimage"},"thumbnailUrl":"https:\/\/www.tomata.sk\/wp-content\/uploads\/2022\/11\/tomata-arrabbiata.png","datePublished":"2022-08-11T13:04:56+00:00","dateModified":"2025-05-09T08:40:01+00:00","description":"Nest\u00edhate pripravi\u0165 obed \u010di ve\u010deru? Na\u0161e om\u00e1\u010dky a n\u00e1tierky s\u00fa v\u017edy pripraven\u00e9 vytvori\u0165 gurm\u00e1nsky z\u00e1\u017eitok r\u00fdchlo a chutne.","breadcrumb":{"@id":"https:\/\/tomata.sk\/nase-produkty\/omacky-a-pochutiny\/#breadcrumb"},"inLanguage":"en-GB","potentialAction":[{"@type":"ReadAction","target":["https:\/\/tomata.sk\/nase-produkty\/omacky-a-pochutiny\/"]}]},{"@type":"ImageObject","inLanguage":"en-GB","@id":"https:\/\/tomata.sk\/nase-produkty\/omacky-a-pochutiny\/#primaryimage","url":"https:\/\/www.tomata.sk\/wp-content\/uploads\/2022\/11\/tomata-arrabbiata.png","contentUrl":"https:\/\/www.tomata.sk\/wp-content\/uploads\/2022\/11\/tomata-arrabbiata.png"},{"@type":"BreadcrumbList","@id":"https:\/\/tomata.sk\/nase-produkty\/omacky-a-pochutiny\/#breadcrumb","itemListElement":[{"@type":"ListItem","position":1,"name":"Domovsk\u00e1 str\u00e1nka","item":"https:\/\/tomata.sk\/en\/"},{"@type":"ListItem","position":2,"name":"PRODUKTY","item":"https:\/\/tomata.sk\/nase-produkty\/"},{"@type":"ListItem","position":3,"name":"OM\u00c1\u010cKY A POCHUTINY"}]},{"@type":"WebSite","@id":"https:\/\/tomata.sk\/en\/#website","url":"https:\/\/tomata.sk\/en\/","name":"Tomata Original","description":"Slovensk\u00fd v\u00fdrobca paradajkov\u00fdch pretlakov, ke\u010dupov a hor\u010d\u00edc.","publisher":{"@id":"https:\/\/tomata.sk\/en\/#organization"},"potentialAction":[{"@type":"SearchAction","target":{"@type":"EntryPoint","urlTemplate":"https:\/\/tomata.sk\/en\/?s={search_term_string}"},"query-input":{"@type":"PropertyValueSpecification","valueRequired":true,"valueName":"search_term_string"}}],"inLanguage":"en-GB"},{"@type":"Organization","@id":"https:\/\/tomata.sk\/en\/#organization","name":"Tomata s.r.o.","url":"https:\/\/tomata.sk\/en\/","logo":{"@type":"ImageObject","inLanguage":"en-GB","@id":"https:\/\/tomata.sk\/en\/#\/schema\/logo\/image\/","url":"https:\/\/tomata.sk\/wp-content\/uploads\/2022\/08\/tomata_logo-500.png","contentUrl":"https:\/\/tomata.sk\/wp-content\/uploads\/2022\/08\/tomata_logo-500.png","width":500,"height":501,"caption":"Tomata s.r.o."},"image":{"@id":"https:\/\/tomata.sk\/en\/#\/schema\/logo\/image\/"},"sameAs":["https:\/\/www.facebook.com\/tomataoriginal"]}]}},"_links":{"self":[{"href":"https:\/\/tomata.sk\/en\/wp-json\/wp\/v2\/pages\/161","targetHints":{"allow":["GET"]}}],"collection":[{"href":"https:\/\/tomata.sk\/en\/wp-json\/wp\/v2\/pages"}],"about":[{"href":"https:\/\/tomata.sk\/en\/wp-json\/wp\/v2\/types\/page"}],"author":[{"embeddable":true,"href":"https:\/\/tomata.sk\/en\/wp-json\/wp\/v2\/users\/1"}],"replies":[{"embeddable":true,"href":"https:\/\/tomata.sk\/en\/wp-json\/wp\/v2\/comments?post=161"}],"version-history":[{"count":2,"href":"https:\/\/tomata.sk\/en\/wp-json\/wp\/v2\/pages\/161\/revisions"}],"predecessor-version":[{"id":853,"href":"https:\/\/tomata.sk\/en\/wp-json\/wp\/v2\/pages\/161\/revisions\/853"}],"up":[{"embeddable":true,"href":"https:\/\/tomata.sk\/en\/wp-json\/wp\/v2\/pages\/15"}],"wp:attachment":[{"href":"https:\/\/tomata.sk\/en\/wp-json\/wp\/v2\/media?parent=161"}],"curies":[{"name":"wp","href":"https:\/\/api.w.org\/{rel}","templated":true}]}}