{"id":157,"date":"2022-08-11T15:04:20","date_gmt":"2022-08-11T13:04:20","guid":{"rendered":"https:\/\/www.tomata.sk\/?page_id=157"},"modified":"2025-05-09T08:39:12","modified_gmt":"2025-05-09T08:39:12","slug":"kecupy","status":"publish","type":"page","link":"https:\/\/tomata.sk\/en\/nase-produkty\/kecupy\/","title":{"rendered":"KETCHUPS"},"content":{"rendered":"<p><\/p><p><h1>Ketchup<\/h1>\r<br><hr class=\"no_line\" style=\"margin: 0 auto 0px auto\"\/>\n\r<br>Na Slovensk\u00fd trh prin\u00e1\u0161ame chutn\u00e9 ke\u010dupy u\u017e viac ako 20 rokov. Na\u0161e ke\u010dupy s\u00fa vyroben\u00e9 pod\u013ea tradi\u010dnej recept\u00fary, z raj\u010d\u00edn poctivo vypestovan\u00fdch na na\u0161ich poliach, ako aj od overen\u00fdch dod\u00e1vate\u013eov. Vychutna\u0165 si ich m\u00f4\u017eete v jemnej, ostrej \u010di extra pikantnej verzi\u00ed pre ka\u017ed\u00fa pr\u00edle\u017eitos\u0165.<br>center<br>no-repeat;left top;;<br>auto<br>0 3%<br><br><img decoding=\"async\" data-src=\"https:\/\/www.tomata.sk\/wp-content\/uploads\/2022\/11\/tomata-kecup-jemny-500g-sklo.png\" alt=\"\" src=\"data:image\/gif;base64,R0lGODlhAQABAAAAACH5BAEKAAEALAAAAAABAAEAAAICTAEAOw==\" class=\"lazyload\" \/><noscript><img decoding=\"async\" src=\"https:\/\/www.tomata.sk\/wp-content\/uploads\/2022\/11\/tomata-kecup-jemny-500g-sklo.png\" alt=\"\" \/><\/noscript><br>large<br><a href=\"\/en\/produkt-detail\/kecup-jemny-8586003765426\/\">\/produkt-detail\/kecup-jemny-8586003765426\/<\/a><br>disable<br><br><h3>Ketchup Mild<\/h3>\r<br><h4>500g<\/h4>\r<br><hr class=\"no_line\" style=\"margin: 0 auto 0px auto\"\/>\n\r<br>Delicious top-quality ketchup made by our traditional recepture in a practical packing for daily use. A must for every family kitchen. Without preservatives and also gluten free.<br>no-repeat;left top;;<br>auto<br>20px<br><br>MORE ABOUT PRODUCT<br><a href=\"\/en\/produkt-detail\/kecup-jemny-8586003765426\/\">\/produkt-detail\/kecup-jemny-8586003765426\/<\/a><br>left<br>2<br>#f4f4f4<br>#2c2e2d<br><br><img decoding=\"async\" data-src=\"https:\/\/www.tomata.sk\/wp-content\/uploads\/2022\/11\/tomata-kecup-ostry-500g-sklo.png\" alt=\"\" src=\"data:image\/gif;base64,R0lGODlhAQABAAAAACH5BAEKAAEALAAAAAABAAEAAAICTAEAOw==\" class=\"lazyload\" \/><noscript><img decoding=\"async\" src=\"https:\/\/www.tomata.sk\/wp-content\/uploads\/2022\/11\/tomata-kecup-ostry-500g-sklo.png\" alt=\"\" \/><\/noscript><br>large<br><a href=\"\/en\/produkt-detail\/kecup-ostry-8586003765433\/\">\/produkt-detail\/kecup-ostry-8586003765433\/<\/a><br>disable<br><br><h3>Ketchup Hot<\/h3>\r<br><h4>500g<\/h4>\r<br><hr class=\"no_line\" style=\"margin: 0 auto 0px auto\"\/>\n\r<br>For those who prefer spicier tastes there\u2019s a hot version of our traditional ketchup which every gourmet will surely appreciate. Made by original recepture in a practical packing for daily use. Without preservatives and also gluten free.<br>no-repeat;left top;;<br>auto<br>20px<br><br>MORE ABOUT PRODUCT<br><a href=\"\/en\/produkt-detail\/kecup-ostry-8586003765433\/\">\/produkt-detail\/kecup-ostry-8586003765433\/<\/a><br>left<br>2<br>#f4f4f4<br>#2c2e2d<br><br><img decoding=\"async\" data-src=\"https:\/\/www.tomata.sk\/wp-content\/uploads\/2022\/11\/tomata-kecup-jemny-500g-PET.png\" alt=\"\" src=\"data:image\/gif;base64,R0lGODlhAQABAAAAACH5BAEKAAEALAAAAAABAAEAAAICTAEAOw==\" class=\"lazyload\" \/><noscript><img decoding=\"async\" src=\"https:\/\/www.tomata.sk\/wp-content\/uploads\/2022\/11\/tomata-kecup-jemny-500g-PET.png\" alt=\"\" \/><\/noscript><br>large<br><a href=\"\/en\/kecup-jemny-8586003761985\/\">\/kecup-jemny-8586003761985\/<\/a><br>disable<br><br><h3>Ketchup Mild<\/h3>\r<br><h4>500g<\/h4>\r<br><hr class=\"no_line\" style=\"margin: 0 auto 0px auto\"\/>\n\r<br>Mild-taste ketchup made from the sweetest tomatoes by our original recepture in a practical packing for daily use. A must for every family kitchen. Without preservatives and also gluten free.<br>no-repeat;left top;;<br>auto<br>20px<br><br>MORE ABOUT PRODUCT<br><a href=\"\/en\/kecup-jemny-8586003761985\/\">\/kecup-jemny-8586003761985\/<\/a><br>left<br>2<br>#f4f4f4<br>#2c2e2d<br><br><img decoding=\"async\" data-src=\"https:\/\/www.tomata.sk\/wp-content\/uploads\/2022\/11\/tomata-kecup-ostry-500g-PET.png\" alt=\"\" src=\"data:image\/gif;base64,R0lGODlhAQABAAAAACH5BAEKAAEALAAAAAABAAEAAAICTAEAOw==\" class=\"lazyload\" \/><noscript><img decoding=\"async\" src=\"https:\/\/www.tomata.sk\/wp-content\/uploads\/2022\/11\/tomata-kecup-ostry-500g-PET.png\" alt=\"\" \/><\/noscript><br>large<br><a href=\"\/en\/kecup-ostry-8586003761992\/\">\/kecup-ostry-8586003761992\/<\/a><br>disable<br><br><h3>Ketchup Hot<\/h3>\r<br><h4>500g<\/h4>\r<br><hr class=\"no_line\" style=\"margin: 0 auto 0px auto\"\/>\n\r<br>For those who prefer spicier tastes there\u2019s a hot version of our traditional ketchup which every gourmet will surely appreciate. Made by original recepture in a practical packing for daily use. Without preservatives and also gluten free.<br>no-repeat;left top;;<br>auto<br>20px<br><br>MORE ABOUT PRODUCT<br><a href=\"\/en\/kecup-ostry-8586003761992\/\">\/kecup-ostry-8586003761992\/<\/a><br>left<br>2<br>#f4f4f4<br>#2c2e2d<br><br><img decoding=\"async\" data-src=\"https:\/\/www.tomata.sk\/wp-content\/uploads\/2022\/11\/tomata-kecup-jemny-900g-PET.png\" alt=\"\" src=\"data:image\/gif;base64,R0lGODlhAQABAAAAACH5BAEKAAEALAAAAAABAAEAAAICTAEAOw==\" class=\"lazyload\" \/><noscript><img decoding=\"async\" src=\"https:\/\/www.tomata.sk\/wp-content\/uploads\/2022\/11\/tomata-kecup-jemny-900g-PET.png\" alt=\"\" \/><\/noscript><br>large<br><a href=\"\/en\/kecup-jemny-8586003765099\/\">\/kecup-jemny-8586003765099\/<\/a><br>disable<br><br><h3>Ketchup Mild<\/h3>\r<br><h4>900g<\/h4>\r<br><hr class=\"no_line\" style=\"margin: 0 auto 0px auto\"\/>\n\r<br>Mild-taste ketchup made from tasty tomatoes by our traditional recepture in a practical packing for daily use. A must for every family kitchen. Gluten free.<br>no-repeat;left top;;<br>auto<br>20px<br><br>MORE ABOUT PRODUCT<br><a href=\"\/en\/kecup-jemny-8586003765099\/\">\/kecup-jemny-8586003765099\/<\/a><br>left<br>2<br>#f4f4f4<br>#2c2e2d<br><br><img decoding=\"async\" data-src=\"https:\/\/www.tomata.sk\/wp-content\/uploads\/2022\/11\/tomata-kecup-ostry-900g-PET.png\" alt=\"\" src=\"data:image\/gif;base64,R0lGODlhAQABAAAAACH5BAEKAAEALAAAAAABAAEAAAICTAEAOw==\" class=\"lazyload\" \/><noscript><img decoding=\"async\" src=\"https:\/\/www.tomata.sk\/wp-content\/uploads\/2022\/11\/tomata-kecup-ostry-900g-PET.png\" alt=\"\" \/><\/noscript><br>large<br><a href=\"\/en\/kecup-ostry-8586003765082\/\">\/kecup-ostry-8586003765082\/<\/a><br>disable<br><br><h3>Ketchup Hot<\/h3>\r<br><h4>900g<\/h4>\r<br><hr class=\"no_line\" style=\"margin: 0 auto 0px auto\"\/>\n\r<br>For those who prefer spicier tastes there\u2019s a hot version of our traditional ketchup which every gourmet will surely appreciate. Made by original recepture in a practical packing for daily use. Gluten free.<br>no-repeat;left top;;<br>auto<br>20px<br><br>MORE ABOUT PRODUCT<br><a href=\"\/en\/kecup-ostry-8586003765082\/\">\/kecup-ostry-8586003765082\/<\/a><br>left<br>2<br>#f4f4f4<br>#2c2e2d<br><br><img decoding=\"async\" data-src=\"https:\/\/www.tomata.sk\/wp-content\/uploads\/2022\/08\/tomata-kecup-jemny-3700g-sklo-copy.png\" alt=\"\" src=\"data:image\/gif;base64,R0lGODlhAQABAAAAACH5BAEKAAEALAAAAAABAAEAAAICTAEAOw==\" class=\"lazyload\" \/><noscript><img decoding=\"async\" src=\"https:\/\/www.tomata.sk\/wp-content\/uploads\/2022\/08\/tomata-kecup-jemny-3700g-sklo-copy.png\" alt=\"\" \/><\/noscript><br>large<br><a href=\"\/en\/kecup-jemny-8586003765419\/\">\/kecup-jemny-8586003765419\/<\/a><br>disable<br><br><h3>Ketchup Mild<\/h3>\r<br><h4>3700g<\/h4>\r<br><hr class=\"no_line\" style=\"margin: 0 auto 0px auto\"\/>\n\r<br>Ke\u010dup s jemnou chu\u0165ou vyroben\u00fd z najslad\u0161\u00edch paradajok pod\u013ea na\u0161ej origin\u00e1lnej recept\u00fary vo v\u00e4\u010d\u0161om balen\u00ed. V\u00fdborn\u00e9 do ka\u017edej re\u0161taur\u00e1cie alebo kant\u00edny. Bez konzerva\u010dn\u00fdch l\u00e1tok a glut\u00e9nu.<br>no-repeat;left top;;<br>auto<br>20px<br><br>MORE ABOUT PRODUCT<br><a href=\"\/en\/kecup-jemny-8586003765419\/\">\/kecup-jemny-8586003765419\/<\/a><br>left<br>2<br>#f4f4f4<br>#2c2e2d<br><br><img decoding=\"async\" data-src=\"https:\/\/www.tomata.sk\/wp-content\/uploads\/2022\/11\/tomata-kecup-jemny-5kg-vedro.png\" alt=\"\" src=\"data:image\/gif;base64,R0lGODlhAQABAAAAACH5BAEKAAEALAAAAAABAAEAAAICTAEAOw==\" class=\"lazyload\" \/><noscript><img decoding=\"async\" src=\"https:\/\/www.tomata.sk\/wp-content\/uploads\/2022\/11\/tomata-kecup-jemny-5kg-vedro.png\" alt=\"\" \/><\/noscript><br>large<br><a href=\"\/en\/kecup-jemny-8586003765013\/\">\/kecup-jemny-8586003765013\/<\/a><br>disable<br><br><h3>Ketchup Mild<\/h3>\r<br><h4>5 kg<\/h4>\r<br><hr class=\"no_line\" style=\"margin: 0 auto 0px auto\"\/>\n\r<br>Mild-taste ketchup made from tasty tomatoes by our traditional recepture. In a bigger packing excellent for every restaurant or cantine. Gluten free.<br>no-repeat;left top;;<br>auto<br>20px<br><br>MORE ABOUT PRODUCT<br><a href=\"\/en\/kecup-jemny-8586003765013\/\">\/kecup-jemny-8586003765013\/<\/a><br>left<br>2<br>#f4f4f4<br>#2c2e2d<br><br><img decoding=\"async\" data-src=\"https:\/\/www.tomata.sk\/wp-content\/uploads\/2022\/11\/kecup-jemny-10kg-vedro.png\" alt=\"\" src=\"data:image\/gif;base64,R0lGODlhAQABAAAAACH5BAEKAAEALAAAAAABAAEAAAICTAEAOw==\" class=\"lazyload\" \/><noscript><img decoding=\"async\" src=\"https:\/\/www.tomata.sk\/wp-content\/uploads\/2022\/11\/kecup-jemny-10kg-vedro.png\" alt=\"\" \/><\/noscript><br>large<br><a href=\"\/en\/kecup-jemny-8586003765105\/\">\/kecup-jemny-8586003765105\/<\/a><br>disable<br><br><h3>Ketchup Mild<\/h3>\r<br><h4>10 kg<\/h4>\r<br><hr class=\"no_line\" style=\"margin: 0 auto 0px auto\"\/>\n\r<br>Mild-taste ketchup made from tasty tomatoes by our traditional recepture. In a bigger packing excellent for every restaurant or cantine. Gluten free.<br>no-repeat;left top;;<br>auto<br>20px<br><br>MORE ABOUT PRODUCT<br><a href=\"\/en\/kecup-jemny-8586003765105\/\">\/kecup-jemny-8586003765105\/<\/a><br>left<br>2<br>#f4f4f4<br>#2c2e2d<br><br><\/p>","protected":false},"excerpt":{"rendered":"<p>Ke\u010dupy Na Slovensk\u00fd trh prin\u00e1\u0161ame chutn\u00e9 ke\u010dupy u\u017e viac ako 20 rokov. Na\u0161e ke\u010dupy s\u00fa vyroben\u00e9 pod\u013ea tradi\u010dnej recept\u00fary, z raj\u010d\u00edn poctivo vypestovan\u00fdch na na\u0161ich poliach,<span class=\"excerpt-hellip\"> [\u2026]<\/span><\/p>","protected":false},"author":1,"featured_media":0,"parent":15,"menu_order":0,"comment_status":"closed","ping_status":"closed","template":"","meta":{"footnotes":""},"class_list":["post-157","page","type-page","status-publish","hentry"],"yoast_head":"<!-- This site is optimized with the Yoast SEO plugin v25.1 - https:\/\/yoast.com\/wordpress\/plugins\/seo\/ -->\n<title>KE\u010cUPY - Tomata Original<\/title>\n<meta name=\"description\" content=\"Lahodn\u00e9 ke\u010dupy vysokej kvality vyroben\u00e9 pod\u013ea tradi\u010dnej recept\u00fary. Ostr\u00e9 alebo jemn\u00e9. V skle \u010di v praktickom balen\u00ed na v\u0161etky pr\u00edle\u017eitosti.\" \/>\n<meta name=\"robots\" content=\"index, follow, max-snippet:-1, max-image-preview:large, max-video-preview:-1\" \/>\n<link rel=\"canonical\" href=\"https:\/\/tomata.sk\/en\/nase-produkty\/kecupy\/\" \/>\n<meta property=\"og:locale\" content=\"en_GB\" \/>\n<meta property=\"og:type\" content=\"article\" \/>\n<meta property=\"og:title\" content=\"KE\u010cUPY - Tomata Original\" \/>\n<meta property=\"og:description\" content=\"Lahodn\u00e9 ke\u010dupy vysokej kvality vyroben\u00e9 pod\u013ea tradi\u010dnej recept\u00fary. Ostr\u00e9 alebo jemn\u00e9. V skle \u010di v praktickom balen\u00ed na v\u0161etky pr\u00edle\u017eitosti.\" \/>\n<meta property=\"og:url\" content=\"https:\/\/tomata.sk\/en\/nase-produkty\/kecupy\/\" \/>\n<meta property=\"og:site_name\" content=\"Tomata Original\" \/>\n<meta property=\"article:publisher\" content=\"https:\/\/www.facebook.com\/tomataoriginal\" \/>\n<meta property=\"article:modified_time\" content=\"2025-05-09T08:39:12+00:00\" \/>\n<meta property=\"og:image\" content=\"https:\/\/www.tomata.sk\/wp-content\/uploads\/2022\/11\/tomata-kecup-jemny-500g-sklo.png\" \/>\n<meta name=\"twitter:card\" content=\"summary_large_image\" \/>\n<meta name=\"twitter:label1\" content=\"Estimated reading time\" \/>\n\t<meta name=\"twitter:data1\" content=\"5 minutes\" \/>\n<script type=\"application\/ld+json\" class=\"yoast-schema-graph\">{\"@context\":\"https:\/\/schema.org\",\"@graph\":[{\"@type\":\"WebPage\",\"@id\":\"https:\/\/tomata.sk\/nase-produkty\/kecupy\/\",\"url\":\"https:\/\/tomata.sk\/nase-produkty\/kecupy\/\",\"name\":\"KE\u010cUPY - Tomata Original\",\"isPartOf\":{\"@id\":\"https:\/\/tomata.sk\/en\/#website\"},\"primaryImageOfPage\":{\"@id\":\"https:\/\/tomata.sk\/nase-produkty\/kecupy\/#primaryimage\"},\"image\":{\"@id\":\"https:\/\/tomata.sk\/nase-produkty\/kecupy\/#primaryimage\"},\"thumbnailUrl\":\"https:\/\/www.tomata.sk\/wp-content\/uploads\/2022\/11\/tomata-kecup-jemny-500g-sklo.png\",\"datePublished\":\"2022-08-11T13:04:20+00:00\",\"dateModified\":\"2025-05-09T08:39:12+00:00\",\"description\":\"Lahodn\u00e9 ke\u010dupy vysokej kvality vyroben\u00e9 pod\u013ea tradi\u010dnej recept\u00fary. Ostr\u00e9 alebo jemn\u00e9. V skle \u010di v praktickom balen\u00ed na v\u0161etky pr\u00edle\u017eitosti.\",\"breadcrumb\":{\"@id\":\"https:\/\/tomata.sk\/nase-produkty\/kecupy\/#breadcrumb\"},\"inLanguage\":\"en-GB\",\"potentialAction\":[{\"@type\":\"ReadAction\",\"target\":[\"https:\/\/tomata.sk\/nase-produkty\/kecupy\/\"]}]},{\"@type\":\"ImageObject\",\"inLanguage\":\"en-GB\",\"@id\":\"https:\/\/tomata.sk\/nase-produkty\/kecupy\/#primaryimage\",\"url\":\"https:\/\/www.tomata.sk\/wp-content\/uploads\/2022\/11\/tomata-kecup-jemny-500g-sklo.png\",\"contentUrl\":\"https:\/\/www.tomata.sk\/wp-content\/uploads\/2022\/11\/tomata-kecup-jemny-500g-sklo.png\"},{\"@type\":\"BreadcrumbList\",\"@id\":\"https:\/\/tomata.sk\/nase-produkty\/kecupy\/#breadcrumb\",\"itemListElement\":[{\"@type\":\"ListItem\",\"position\":1,\"name\":\"Domovsk\u00e1 str\u00e1nka\",\"item\":\"https:\/\/tomata.sk\/en\/\"},{\"@type\":\"ListItem\",\"position\":2,\"name\":\"PRODUKTY\",\"item\":\"https:\/\/tomata.sk\/nase-produkty\/\"},{\"@type\":\"ListItem\",\"position\":3,\"name\":\"KE\u010cUPY\"}]},{\"@type\":\"WebSite\",\"@id\":\"https:\/\/tomata.sk\/en\/#website\",\"url\":\"https:\/\/tomata.sk\/en\/\",\"name\":\"Tomata Original\",\"description\":\"Slovensk\u00fd v\u00fdrobca paradajkov\u00fdch pretlakov, ke\u010dupov a hor\u010d\u00edc.\",\"publisher\":{\"@id\":\"https:\/\/tomata.sk\/en\/#organization\"},\"potentialAction\":[{\"@type\":\"SearchAction\",\"target\":{\"@type\":\"EntryPoint\",\"urlTemplate\":\"https:\/\/tomata.sk\/en\/?s={search_term_string}\"},\"query-input\":{\"@type\":\"PropertyValueSpecification\",\"valueRequired\":true,\"valueName\":\"search_term_string\"}}],\"inLanguage\":\"en-GB\"},{\"@type\":\"Organization\",\"@id\":\"https:\/\/tomata.sk\/en\/#organization\",\"name\":\"Tomata s.r.o.\",\"url\":\"https:\/\/tomata.sk\/en\/\",\"logo\":{\"@type\":\"ImageObject\",\"inLanguage\":\"en-GB\",\"@id\":\"https:\/\/tomata.sk\/en\/#\/schema\/logo\/image\/\",\"url\":\"https:\/\/tomata.sk\/wp-content\/uploads\/2022\/08\/tomata_logo-500.png\",\"contentUrl\":\"https:\/\/tomata.sk\/wp-content\/uploads\/2022\/08\/tomata_logo-500.png\",\"width\":500,\"height\":501,\"caption\":\"Tomata s.r.o.\"},\"image\":{\"@id\":\"https:\/\/tomata.sk\/en\/#\/schema\/logo\/image\/\"},\"sameAs\":[\"https:\/\/www.facebook.com\/tomataoriginal\"]}]}<\/script>\n<!-- \/ Yoast SEO plugin. -->","yoast_head_json":{"title":"KE\u010cUPY - Tomata Original","description":"Lahodn\u00e9 ke\u010dupy vysokej kvality vyroben\u00e9 pod\u013ea tradi\u010dnej recept\u00fary. Ostr\u00e9 alebo jemn\u00e9. V skle \u010di v praktickom balen\u00ed na v\u0161etky pr\u00edle\u017eitosti.","robots":{"index":"index","follow":"follow","max-snippet":"max-snippet:-1","max-image-preview":"max-image-preview:large","max-video-preview":"max-video-preview:-1"},"canonical":"https:\/\/tomata.sk\/en\/nase-produkty\/kecupy\/","og_locale":"en_GB","og_type":"article","og_title":"KE\u010cUPY - Tomata Original","og_description":"Lahodn\u00e9 ke\u010dupy vysokej kvality vyroben\u00e9 pod\u013ea tradi\u010dnej recept\u00fary. Ostr\u00e9 alebo jemn\u00e9. V skle \u010di v praktickom balen\u00ed na v\u0161etky pr\u00edle\u017eitosti.","og_url":"https:\/\/tomata.sk\/en\/nase-produkty\/kecupy\/","og_site_name":"Tomata Original","article_publisher":"https:\/\/www.facebook.com\/tomataoriginal","article_modified_time":"2025-05-09T08:39:12+00:00","og_image":[{"url":"https:\/\/www.tomata.sk\/wp-content\/uploads\/2022\/11\/tomata-kecup-jemny-500g-sklo.png","type":"","width":"","height":""}],"twitter_card":"summary_large_image","twitter_misc":{"Estimated reading time":"5 minutes"},"schema":{"@context":"https:\/\/schema.org","@graph":[{"@type":"WebPage","@id":"https:\/\/tomata.sk\/nase-produkty\/kecupy\/","url":"https:\/\/tomata.sk\/nase-produkty\/kecupy\/","name":"KE\u010cUPY - Tomata Original","isPartOf":{"@id":"https:\/\/tomata.sk\/en\/#website"},"primaryImageOfPage":{"@id":"https:\/\/tomata.sk\/nase-produkty\/kecupy\/#primaryimage"},"image":{"@id":"https:\/\/tomata.sk\/nase-produkty\/kecupy\/#primaryimage"},"thumbnailUrl":"https:\/\/www.tomata.sk\/wp-content\/uploads\/2022\/11\/tomata-kecup-jemny-500g-sklo.png","datePublished":"2022-08-11T13:04:20+00:00","dateModified":"2025-05-09T08:39:12+00:00","description":"Lahodn\u00e9 ke\u010dupy vysokej kvality vyroben\u00e9 pod\u013ea tradi\u010dnej recept\u00fary. Ostr\u00e9 alebo jemn\u00e9. V skle \u010di v praktickom balen\u00ed na v\u0161etky pr\u00edle\u017eitosti.","breadcrumb":{"@id":"https:\/\/tomata.sk\/nase-produkty\/kecupy\/#breadcrumb"},"inLanguage":"en-GB","potentialAction":[{"@type":"ReadAction","target":["https:\/\/tomata.sk\/nase-produkty\/kecupy\/"]}]},{"@type":"ImageObject","inLanguage":"en-GB","@id":"https:\/\/tomata.sk\/nase-produkty\/kecupy\/#primaryimage","url":"https:\/\/www.tomata.sk\/wp-content\/uploads\/2022\/11\/tomata-kecup-jemny-500g-sklo.png","contentUrl":"https:\/\/www.tomata.sk\/wp-content\/uploads\/2022\/11\/tomata-kecup-jemny-500g-sklo.png"},{"@type":"BreadcrumbList","@id":"https:\/\/tomata.sk\/nase-produkty\/kecupy\/#breadcrumb","itemListElement":[{"@type":"ListItem","position":1,"name":"Domovsk\u00e1 str\u00e1nka","item":"https:\/\/tomata.sk\/en\/"},{"@type":"ListItem","position":2,"name":"PRODUKTY","item":"https:\/\/tomata.sk\/nase-produkty\/"},{"@type":"ListItem","position":3,"name":"KE\u010cUPY"}]},{"@type":"WebSite","@id":"https:\/\/tomata.sk\/en\/#website","url":"https:\/\/tomata.sk\/en\/","name":"Tomata Original","description":"Slovensk\u00fd v\u00fdrobca paradajkov\u00fdch pretlakov, ke\u010dupov a hor\u010d\u00edc.","publisher":{"@id":"https:\/\/tomata.sk\/en\/#organization"},"potentialAction":[{"@type":"SearchAction","target":{"@type":"EntryPoint","urlTemplate":"https:\/\/tomata.sk\/en\/?s={search_term_string}"},"query-input":{"@type":"PropertyValueSpecification","valueRequired":true,"valueName":"search_term_string"}}],"inLanguage":"en-GB"},{"@type":"Organization","@id":"https:\/\/tomata.sk\/en\/#organization","name":"Tomata s.r.o.","url":"https:\/\/tomata.sk\/en\/","logo":{"@type":"ImageObject","inLanguage":"en-GB","@id":"https:\/\/tomata.sk\/en\/#\/schema\/logo\/image\/","url":"https:\/\/tomata.sk\/wp-content\/uploads\/2022\/08\/tomata_logo-500.png","contentUrl":"https:\/\/tomata.sk\/wp-content\/uploads\/2022\/08\/tomata_logo-500.png","width":500,"height":501,"caption":"Tomata s.r.o."},"image":{"@id":"https:\/\/tomata.sk\/en\/#\/schema\/logo\/image\/"},"sameAs":["https:\/\/www.facebook.com\/tomataoriginal"]}]}},"_links":{"self":[{"href":"https:\/\/tomata.sk\/en\/wp-json\/wp\/v2\/pages\/157","targetHints":{"allow":["GET"]}}],"collection":[{"href":"https:\/\/tomata.sk\/en\/wp-json\/wp\/v2\/pages"}],"about":[{"href":"https:\/\/tomata.sk\/en\/wp-json\/wp\/v2\/types\/page"}],"author":[{"embeddable":true,"href":"https:\/\/tomata.sk\/en\/wp-json\/wp\/v2\/users\/1"}],"replies":[{"embeddable":true,"href":"https:\/\/tomata.sk\/en\/wp-json\/wp\/v2\/comments?post=157"}],"version-history":[{"count":2,"href":"https:\/\/tomata.sk\/en\/wp-json\/wp\/v2\/pages\/157\/revisions"}],"predecessor-version":[{"id":849,"href":"https:\/\/tomata.sk\/en\/wp-json\/wp\/v2\/pages\/157\/revisions\/849"}],"up":[{"embeddable":true,"href":"https:\/\/tomata.sk\/en\/wp-json\/wp\/v2\/pages\/15"}],"wp:attachment":[{"href":"https:\/\/tomata.sk\/en\/wp-json\/wp\/v2\/media?parent=157"}],"curies":[{"name":"wp","href":"https:\/\/api.w.org\/{rel}","templated":true}]}}