{"id":1250,"date":"2025-06-18T10:19:58","date_gmt":"2025-06-18T08:19:58","guid":{"rendered":"https:\/\/tomata.sk\/?page_id=1250"},"modified":"2025-06-18T08:26:13","modified_gmt":"2025-06-18T08:26:13","slug":"presovske-horcice","status":"publish","type":"page","link":"https:\/\/tomata.sk\/en\/nase-produkty\/presovske-horcice\/","title":{"rendered":"PRE\u0160OV MUSTARDS"},"content":{"rendered":"","protected":false},"excerpt":{"rendered":"","protected":false},"author":1,"featured_media":0,"parent":15,"menu_order":0,"comment_status":"closed","ping_status":"closed","template":"","meta":{"footnotes":""},"class_list":["post-1250","page","type-page","status-publish","hentry"],"yoast_head":"<!-- This site is optimized with the Yoast SEO plugin v25.1 - https:\/\/yoast.com\/wordpress\/plugins\/seo\/ -->\n<title>PRE\u0160OVSK\u00c9 HOR\u010cICE - Tomata Original<\/title>\n<meta name=\"description\" content=\"Lahodn\u00e9 ke\u010dupy vysokej kvality vyroben\u00e9 pod\u013ea tradi\u010dnej recept\u00fary. Ostr\u00e9 alebo jemn\u00e9. V skle \u010di v praktickom balen\u00ed na v\u0161etky pr\u00edle\u017eitosti.\" \/>\n<meta name=\"robots\" content=\"index, follow, max-snippet:-1, max-image-preview:large, max-video-preview:-1\" \/>\n<link rel=\"canonical\" href=\"https:\/\/tomata.sk\/en\/nase-produkty\/presovske-horcice\/\" \/>\n<meta property=\"og:locale\" content=\"en_GB\" \/>\n<meta property=\"og:type\" content=\"article\" \/>\n<meta property=\"og:title\" content=\"PRE\u0160OVSK\u00c9 HOR\u010cICE - Tomata Original\" \/>\n<meta property=\"og:description\" content=\"Lahodn\u00e9 ke\u010dupy vysokej kvality vyroben\u00e9 pod\u013ea tradi\u010dnej recept\u00fary. Ostr\u00e9 alebo jemn\u00e9. V skle \u010di v praktickom balen\u00ed na v\u0161etky pr\u00edle\u017eitosti.\" \/>\n<meta property=\"og:url\" content=\"https:\/\/tomata.sk\/en\/nase-produkty\/presovske-horcice\/\" \/>\n<meta property=\"og:site_name\" content=\"Tomata Original\" \/>\n<meta property=\"article:publisher\" content=\"https:\/\/www.facebook.com\/tomataoriginal\" \/>\n<meta property=\"article:modified_time\" content=\"2025-06-18T08:26:13+00:00\" \/>\n<meta name=\"twitter:card\" content=\"summary_large_image\" \/>\n<meta name=\"twitter:label1\" content=\"Estimated reading time\" \/>\n\t<meta name=\"twitter:data1\" content=\"5 minutes\" \/>\n<script type=\"application\/ld+json\" class=\"yoast-schema-graph\">{\"@context\":\"https:\/\/schema.org\",\"@graph\":[{\"@type\":\"WebPage\",\"@id\":\"https:\/\/tomata.sk\/nase-produkty\/presovske-horcice\/\",\"url\":\"https:\/\/tomata.sk\/nase-produkty\/presovske-horcice\/\",\"name\":\"PRE\u0160OVSK\u00c9 HOR\u010cICE - Tomata Original\",\"isPartOf\":{\"@id\":\"https:\/\/tomata.sk\/en\/#website\"},\"datePublished\":\"2025-06-18T08:19:58+00:00\",\"dateModified\":\"2025-06-18T08:26:13+00:00\",\"description\":\"Lahodn\u00e9 ke\u010dupy vysokej kvality vyroben\u00e9 pod\u013ea tradi\u010dnej recept\u00fary. Ostr\u00e9 alebo jemn\u00e9. V skle \u010di v praktickom balen\u00ed na v\u0161etky pr\u00edle\u017eitosti.\",\"breadcrumb\":{\"@id\":\"https:\/\/tomata.sk\/nase-produkty\/presovske-horcice\/#breadcrumb\"},\"inLanguage\":\"en-GB\",\"potentialAction\":[{\"@type\":\"ReadAction\",\"target\":[\"https:\/\/tomata.sk\/nase-produkty\/presovske-horcice\/\"]}]},{\"@type\":\"BreadcrumbList\",\"@id\":\"https:\/\/tomata.sk\/nase-produkty\/presovske-horcice\/#breadcrumb\",\"itemListElement\":[{\"@type\":\"ListItem\",\"position\":1,\"name\":\"Domovsk\u00e1 str\u00e1nka\",\"item\":\"https:\/\/tomata.sk\/en\/\"},{\"@type\":\"ListItem\",\"position\":2,\"name\":\"PRODUKTY\",\"item\":\"https:\/\/tomata.sk\/nase-produkty\/\"},{\"@type\":\"ListItem\",\"position\":3,\"name\":\"PRE\u0160OVSK\u00c9 HOR\u010cICE\"}]},{\"@type\":\"WebSite\",\"@id\":\"https:\/\/tomata.sk\/en\/#website\",\"url\":\"https:\/\/tomata.sk\/en\/\",\"name\":\"Tomata Original\",\"description\":\"Slovensk\u00fd v\u00fdrobca paradajkov\u00fdch pretlakov, ke\u010dupov a hor\u010d\u00edc.\",\"publisher\":{\"@id\":\"https:\/\/tomata.sk\/en\/#organization\"},\"potentialAction\":[{\"@type\":\"SearchAction\",\"target\":{\"@type\":\"EntryPoint\",\"urlTemplate\":\"https:\/\/tomata.sk\/en\/?s={search_term_string}\"},\"query-input\":{\"@type\":\"PropertyValueSpecification\",\"valueRequired\":true,\"valueName\":\"search_term_string\"}}],\"inLanguage\":\"en-GB\"},{\"@type\":\"Organization\",\"@id\":\"https:\/\/tomata.sk\/en\/#organization\",\"name\":\"Tomata s.r.o.\",\"url\":\"https:\/\/tomata.sk\/en\/\",\"logo\":{\"@type\":\"ImageObject\",\"inLanguage\":\"en-GB\",\"@id\":\"https:\/\/tomata.sk\/en\/#\/schema\/logo\/image\/\",\"url\":\"https:\/\/tomata.sk\/wp-content\/uploads\/2022\/08\/tomata_logo-500.png\",\"contentUrl\":\"https:\/\/tomata.sk\/wp-content\/uploads\/2022\/08\/tomata_logo-500.png\",\"width\":500,\"height\":501,\"caption\":\"Tomata s.r.o.\"},\"image\":{\"@id\":\"https:\/\/tomata.sk\/en\/#\/schema\/logo\/image\/\"},\"sameAs\":[\"https:\/\/www.facebook.com\/tomataoriginal\"]}]}<\/script>\n<!-- \/ Yoast SEO plugin. -->","yoast_head_json":{"title":"PRE\u0160OVSK\u00c9 HOR\u010cICE - Tomata Original","description":"Lahodn\u00e9 ke\u010dupy vysokej kvality vyroben\u00e9 pod\u013ea tradi\u010dnej recept\u00fary. Ostr\u00e9 alebo jemn\u00e9. V skle \u010di v praktickom balen\u00ed na v\u0161etky pr\u00edle\u017eitosti.","robots":{"index":"index","follow":"follow","max-snippet":"max-snippet:-1","max-image-preview":"max-image-preview:large","max-video-preview":"max-video-preview:-1"},"canonical":"https:\/\/tomata.sk\/en\/nase-produkty\/presovske-horcice\/","og_locale":"en_GB","og_type":"article","og_title":"PRE\u0160OVSK\u00c9 HOR\u010cICE - Tomata Original","og_description":"Lahodn\u00e9 ke\u010dupy vysokej kvality vyroben\u00e9 pod\u013ea tradi\u010dnej recept\u00fary. Ostr\u00e9 alebo jemn\u00e9. V skle \u010di v praktickom balen\u00ed na v\u0161etky pr\u00edle\u017eitosti.","og_url":"https:\/\/tomata.sk\/en\/nase-produkty\/presovske-horcice\/","og_site_name":"Tomata Original","article_publisher":"https:\/\/www.facebook.com\/tomataoriginal","article_modified_time":"2025-06-18T08:26:13+00:00","twitter_card":"summary_large_image","twitter_misc":{"Estimated reading time":"5 minutes"},"schema":{"@context":"https:\/\/schema.org","@graph":[{"@type":"WebPage","@id":"https:\/\/tomata.sk\/nase-produkty\/presovske-horcice\/","url":"https:\/\/tomata.sk\/nase-produkty\/presovske-horcice\/","name":"PRE\u0160OVSK\u00c9 HOR\u010cICE - Tomata Original","isPartOf":{"@id":"https:\/\/tomata.sk\/en\/#website"},"datePublished":"2025-06-18T08:19:58+00:00","dateModified":"2025-06-18T08:26:13+00:00","description":"Lahodn\u00e9 ke\u010dupy vysokej kvality vyroben\u00e9 pod\u013ea tradi\u010dnej recept\u00fary. Ostr\u00e9 alebo jemn\u00e9. V skle \u010di v praktickom balen\u00ed na v\u0161etky pr\u00edle\u017eitosti.","breadcrumb":{"@id":"https:\/\/tomata.sk\/nase-produkty\/presovske-horcice\/#breadcrumb"},"inLanguage":"en-GB","potentialAction":[{"@type":"ReadAction","target":["https:\/\/tomata.sk\/nase-produkty\/presovske-horcice\/"]}]},{"@type":"BreadcrumbList","@id":"https:\/\/tomata.sk\/nase-produkty\/presovske-horcice\/#breadcrumb","itemListElement":[{"@type":"ListItem","position":1,"name":"Domovsk\u00e1 str\u00e1nka","item":"https:\/\/tomata.sk\/en\/"},{"@type":"ListItem","position":2,"name":"PRODUKTY","item":"https:\/\/tomata.sk\/nase-produkty\/"},{"@type":"ListItem","position":3,"name":"PRE\u0160OVSK\u00c9 HOR\u010cICE"}]},{"@type":"WebSite","@id":"https:\/\/tomata.sk\/en\/#website","url":"https:\/\/tomata.sk\/en\/","name":"Tomata Original","description":"Slovensk\u00fd v\u00fdrobca paradajkov\u00fdch pretlakov, ke\u010dupov a hor\u010d\u00edc.","publisher":{"@id":"https:\/\/tomata.sk\/en\/#organization"},"potentialAction":[{"@type":"SearchAction","target":{"@type":"EntryPoint","urlTemplate":"https:\/\/tomata.sk\/en\/?s={search_term_string}"},"query-input":{"@type":"PropertyValueSpecification","valueRequired":true,"valueName":"search_term_string"}}],"inLanguage":"en-GB"},{"@type":"Organization","@id":"https:\/\/tomata.sk\/en\/#organization","name":"Tomata s.r.o.","url":"https:\/\/tomata.sk\/en\/","logo":{"@type":"ImageObject","inLanguage":"en-GB","@id":"https:\/\/tomata.sk\/en\/#\/schema\/logo\/image\/","url":"https:\/\/tomata.sk\/wp-content\/uploads\/2022\/08\/tomata_logo-500.png","contentUrl":"https:\/\/tomata.sk\/wp-content\/uploads\/2022\/08\/tomata_logo-500.png","width":500,"height":501,"caption":"Tomata s.r.o."},"image":{"@id":"https:\/\/tomata.sk\/en\/#\/schema\/logo\/image\/"},"sameAs":["https:\/\/www.facebook.com\/tomataoriginal"]}]}},"_links":{"self":[{"href":"https:\/\/tomata.sk\/en\/wp-json\/wp\/v2\/pages\/1250","targetHints":{"allow":["GET"]}}],"collection":[{"href":"https:\/\/tomata.sk\/en\/wp-json\/wp\/v2\/pages"}],"about":[{"href":"https:\/\/tomata.sk\/en\/wp-json\/wp\/v2\/types\/page"}],"author":[{"embeddable":true,"href":"https:\/\/tomata.sk\/en\/wp-json\/wp\/v2\/users\/1"}],"replies":[{"embeddable":true,"href":"https:\/\/tomata.sk\/en\/wp-json\/wp\/v2\/comments?post=1250"}],"version-history":[{"count":2,"href":"https:\/\/tomata.sk\/en\/wp-json\/wp\/v2\/pages\/1250\/revisions"}],"predecessor-version":[{"id":1253,"href":"https:\/\/tomata.sk\/en\/wp-json\/wp\/v2\/pages\/1250\/revisions\/1253"}],"up":[{"embeddable":true,"href":"https:\/\/tomata.sk\/en\/wp-json\/wp\/v2\/pages\/15"}],"wp:attachment":[{"href":"https:\/\/tomata.sk\/en\/wp-json\/wp\/v2\/media?parent=1250"}],"curies":[{"name":"wp","href":"https:\/\/api.w.org\/{rel}","templated":true}]}}