{"id":123,"date":"2022-08-10T13:07:23","date_gmt":"2022-08-10T11:07:23","guid":{"rendered":"https:\/\/www.tomata.sk\/?page_id=123"},"modified":"2023-01-23T15:44:35","modified_gmt":"2023-01-23T14:44:35","slug":"recepty","status":"publish","type":"page","link":"https:\/\/tomata.sk\/en\/recepty\/","title":{"rendered":"RECIPES"},"content":{"rendered":"<p><img decoding=\"async\" data-src=\"https:\/\/www.tomata.sk\/wp-content\/uploads\/2022\/12\/Recepty-ikona.png\" alt=\"Recepty ikona\" src=\"data:image\/gif;base64,R0lGODlhAQABAAAAACH5BAEKAAEALAAAAAABAAEAAAICTAEAOw==\" class=\"lazyload\" \/><noscript><img decoding=\"async\" src=\"https:\/\/www.tomata.sk\/wp-content\/uploads\/2022\/12\/Recepty-ikona.png\" alt=\"Recepty ikona\" \/><\/noscript><br>80px<br>center<br><br><h1>Chutn\u00e9 recepty s Tomata Original<\/h1><br>no-repeat;left top;;<br>auto<br><br>Why don't you have delicious meal with an exceptional taste for every occasion. Thanks to products made from 100% Slovak raw ingredients, carefully grown in our fields.<br>center<br>no-repeat;left top;;<br>auto<br><br>NEWEST RECIPES<br><a href=\"#najnovsie-recepty\">#najnovsie-recepty<\/a><br>left<br>2<br>center<br>#f4f4f4<br>hide<br><br>triangle up<br>#FFFFFF<br>hide<br><br><h5>RECIPES WITH TOMATA ORIGINAL<\/h5>\r<br><h2>Categories<\/h2><br>center<br>no-repeat;left top;;<br>auto<br><br><img decoding=\"async\" data-src=\"https:\/\/www.tomata.sk\/wp-content\/uploads\/2022\/11\/Recepty-na-ranajky-Tomata-Original.jpg\" alt=\"Recepty na ra\u0148ajky s Tomata Original\" src=\"data:image\/gif;base64,R0lGODlhAQABAAAAACH5BAEKAAEALAAAAAABAAEAAAICTAEAOw==\" class=\"lazyload\" \/><noscript><img decoding=\"async\" data-src=\"https:\/\/www.tomata.sk\/wp-content\/uploads\/2022\/11\/Recepty-na-ranajky-Tomata-Original.jpg\" alt=\"Recepty na ra\u0148ajky s Tomata Original\" src=\"data:image\/gif;base64,R0lGODlhAQABAAAAACH5BAEKAAEALAAAAAABAAEAAAICTAEAOw==\" class=\"lazyload\" \/><noscript><img decoding=\"async\" src=\"https:\/\/www.tomata.sk\/wp-content\/uploads\/2022\/11\/Recepty-na-ranajky-Tomata-Original.jpg\" alt=\"Recepty na ra\u0148ajky s Tomata Original\" \/><\/noscript><\/noscript><br>RECIPES<br>BREAKFAST<br><a href=\"\/en\/recepty\/ranajky\/\">\/recepty\/ranajky\/<\/a><br>#e30613<br>inset 0 0 0 0 0<br>bounceIn<br>hover-effect-scale<br><br><img decoding=\"async\" data-src=\"https:\/\/www.tomata.sk\/wp-content\/uploads\/2022\/11\/Recepty-na-obed-Tomata-Original.jpg\" alt=\"Recepty na obed s Tomata Original\" src=\"data:image\/gif;base64,R0lGODlhAQABAAAAACH5BAEKAAEALAAAAAABAAEAAAICTAEAOw==\" class=\"lazyload\" \/><noscript><img decoding=\"async\" data-src=\"https:\/\/www.tomata.sk\/wp-content\/uploads\/2022\/11\/Recepty-na-obed-Tomata-Original.jpg\" alt=\"Recepty na obed s Tomata Original\" src=\"data:image\/gif;base64,R0lGODlhAQABAAAAACH5BAEKAAEALAAAAAABAAEAAAICTAEAOw==\" class=\"lazyload\" \/><noscript><img decoding=\"async\" src=\"https:\/\/www.tomata.sk\/wp-content\/uploads\/2022\/11\/Recepty-na-obed-Tomata-Original.jpg\" alt=\"Recepty na obed s Tomata Original\" \/><\/noscript><\/noscript><br>RECIPES<br>LUNCH<br><a href=\"\/en\/recepty\/obed\/\">\/recepty\/obed\/<\/a><br>#e30613<br>bounceIn<br>hover-effect-scale<br><br><img decoding=\"async\" data-src=\"https:\/\/www.tomata.sk\/wp-content\/uploads\/2022\/11\/Recepty-na-veceru-Tomata-Original.jpg\" alt=\"Recepty na ve\u010deru s Tomata Original\" src=\"data:image\/gif;base64,R0lGODlhAQABAAAAACH5BAEKAAEALAAAAAABAAEAAAICTAEAOw==\" class=\"lazyload\" \/><noscript><img decoding=\"async\" data-src=\"https:\/\/www.tomata.sk\/wp-content\/uploads\/2022\/11\/Recepty-na-veceru-Tomata-Original.jpg\" alt=\"Recepty na ve\u010deru s Tomata Original\" src=\"data:image\/gif;base64,R0lGODlhAQABAAAAACH5BAEKAAEALAAAAAABAAEAAAICTAEAOw==\" class=\"lazyload\" \/><noscript><img decoding=\"async\" src=\"https:\/\/www.tomata.sk\/wp-content\/uploads\/2022\/11\/Recepty-na-veceru-Tomata-Original.jpg\" alt=\"Recepty na ve\u010deru s Tomata Original\" \/><\/noscript><\/noscript><br>RECIPES<br>DINNER<br><a href=\"\/en\/recepty\/vecera\/\">\/recepty\/vecera\/<\/a><br>#e30613<br>bounceIn<br>hover-effect-scale<br><br><img decoding=\"async\" data-src=\"https:\/\/www.tomata.sk\/wp-content\/uploads\/2022\/11\/Sezonne-recepty-Tomata-Original.jpg\" alt=\"Sez\u00f3nne recepty s Tomata Original\" src=\"data:image\/gif;base64,R0lGODlhAQABAAAAACH5BAEKAAEALAAAAAABAAEAAAICTAEAOw==\" class=\"lazyload\" \/><noscript><img decoding=\"async\" data-src=\"https:\/\/www.tomata.sk\/wp-content\/uploads\/2022\/11\/Sezonne-recepty-Tomata-Original.jpg\" alt=\"Sez\u00f3nne recepty s Tomata Original\" src=\"data:image\/gif;base64,R0lGODlhAQABAAAAACH5BAEKAAEALAAAAAABAAEAAAICTAEAOw==\" class=\"lazyload\" \/><noscript><img decoding=\"async\" src=\"https:\/\/www.tomata.sk\/wp-content\/uploads\/2022\/11\/Sezonne-recepty-Tomata-Original.jpg\" alt=\"Sez\u00f3nne recepty s Tomata Original\" \/><\/noscript><\/noscript><br>RECIPES<br>SEASONAL<br><a href=\"\/en\/recepty\/sezonne-recepty\/\">\/recepty\/sezonne-recepty\/<\/a><br>#e30613<br>bounceIn<br>hover-effect-scale<br><br><br><h5>NEWEST<\/h5>\r<br><h1>Recipes with Tomata Original<\/h1><br>center<br>no-repeat;left top;;<br>auto<br>najnovsie-recepty<br><br>55<br><br>masonry tiles<br>2<br>h3<br>images-only<br>recepty<br>date<br>DESC<br>only-tags<br>none<br>#FFFFFF<br>10px 10px 10px 10px<br>hide<br><br><img decoding=\"async\" data-src=\"https:\/\/www.tomata.sk\/wp-content\/uploads\/2022\/11\/Datovy-zdroj-3.png\" alt=\"rajcina-ikona-100px\" src=\"data:image\/gif;base64,R0lGODlhAQABAAAAACH5BAEKAAEALAAAAAABAAEAAAICTAEAOw==\" class=\"lazyload\" \/><noscript><img decoding=\"async\" src=\"https:\/\/www.tomata.sk\/wp-content\/uploads\/2022\/11\/Datovy-zdroj-3.png\" alt=\"rajcina-ikona-100px\" \/><\/noscript><br><br><h5>SINCE 1991<\/h5>\r<br><hr class=\"no_line\" style=\"margin: 0 auto 0px auto\"\/>\n\r<br><h3>Chutn\u00e9 recepty s Tomata Original<\/h3>\r<br><hr class=\"no_line\" style=\"margin: 0 auto 0px auto\"\/>\n\r<br>Fusce ut velit laoreet, tempus arcu eu, molestie tortor. Nam vel justo cursus, faucibus lorem eget, egestas eros. Orci varius natoque penatibus et magnis dis parturient montes, nascetur ridiculu.<br>no-repeat;left top;;<br>auto<br><br>NEWEST RECIPES<br><a href=\"#najnovsie-recepty\">#najnovsie-recepty<\/a><br>left<br>2<br>#f4f4f4<br>hide<br><br><img decoding=\"async\" data-src=\"https:\/\/www.tomata.sk\/wp-content\/uploads\/2022\/11\/Recepty-na-ranajky-Tomata-Original.jpg\" alt=\"Recepty na ra\u0148ajky s Tomata Original\" src=\"data:image\/gif;base64,R0lGODlhAQABAAAAACH5BAEKAAEALAAAAAABAAEAAAICTAEAOw==\" class=\"lazyload\" \/><noscript><img decoding=\"async\" data-src=\"https:\/\/www.tomata.sk\/wp-content\/uploads\/2022\/11\/Recepty-na-ranajky-Tomata-Original.jpg\" alt=\"Recepty na ra\u0148ajky s Tomata Original\" src=\"data:image\/gif;base64,R0lGODlhAQABAAAAACH5BAEKAAEALAAAAAABAAEAAAICTAEAOw==\" class=\"lazyload\" \/><noscript><img decoding=\"async\" src=\"https:\/\/www.tomata.sk\/wp-content\/uploads\/2022\/11\/Recepty-na-ranajky-Tomata-Original.jpg\" alt=\"Recepty na ra\u0148ajky s Tomata Original\" \/><\/noscript><\/noscript><br>RECIPES<br>BREAKFAST<br><a href=\"\/en\/recepty\/ranajky\/\">\/recepty\/ranajky\/<\/a><br>#e30613<br>inset 0 0 0 0 0<br>bounceIn<br>hover-effect-scale<br><br><img decoding=\"async\" data-src=\"https:\/\/www.tomata.sk\/wp-content\/uploads\/2022\/11\/Recepty-na-obed-Tomata-Original.jpg\" alt=\"Recepty na obed s Tomata Original\" src=\"data:image\/gif;base64,R0lGODlhAQABAAAAACH5BAEKAAEALAAAAAABAAEAAAICTAEAOw==\" class=\"lazyload\" \/><noscript><img decoding=\"async\" data-src=\"https:\/\/www.tomata.sk\/wp-content\/uploads\/2022\/11\/Recepty-na-obed-Tomata-Original.jpg\" alt=\"Recepty na obed s Tomata Original\" src=\"data:image\/gif;base64,R0lGODlhAQABAAAAACH5BAEKAAEALAAAAAABAAEAAAICTAEAOw==\" class=\"lazyload\" \/><noscript><img decoding=\"async\" src=\"https:\/\/www.tomata.sk\/wp-content\/uploads\/2022\/11\/Recepty-na-obed-Tomata-Original.jpg\" alt=\"Recepty na obed s Tomata Original\" \/><\/noscript><\/noscript><br>RECIPES<br>LUNCH<br><a href=\"\/en\/recepty\/obed\/\">\/recepty\/obed\/<\/a><br>#e30613<br>bounceIn<br>hover-effect-scale<br><br><img decoding=\"async\" data-src=\"https:\/\/www.tomata.sk\/wp-content\/uploads\/2022\/11\/Recepty-na-veceru-Tomata-Original.jpg\" alt=\"Recepty na ve\u010deru s Tomata Original\" src=\"data:image\/gif;base64,R0lGODlhAQABAAAAACH5BAEKAAEALAAAAAABAAEAAAICTAEAOw==\" class=\"lazyload\" \/><noscript><img decoding=\"async\" data-src=\"https:\/\/www.tomata.sk\/wp-content\/uploads\/2022\/11\/Recepty-na-veceru-Tomata-Original.jpg\" alt=\"Recepty na ve\u010deru s Tomata Original\" src=\"data:image\/gif;base64,R0lGODlhAQABAAAAACH5BAEKAAEALAAAAAABAAEAAAICTAEAOw==\" class=\"lazyload\" \/><noscript><img decoding=\"async\" src=\"https:\/\/www.tomata.sk\/wp-content\/uploads\/2022\/11\/Recepty-na-veceru-Tomata-Original.jpg\" alt=\"Recepty na ve\u010deru s Tomata Original\" \/><\/noscript><\/noscript><br>RECIPES<br>DINNER<br><a href=\"\/en\/recepty\/vecera\/\">\/recepty\/vecera\/<\/a><br>#e30613<br>bounceIn<br>hover-effect-scale<br><br><img decoding=\"async\" data-src=\"https:\/\/www.tomata.sk\/wp-content\/uploads\/2022\/11\/Sezonne-recepty-Tomata-Original.jpg\" alt=\"Sez\u00f3nne recepty s Tomata Original\" src=\"data:image\/gif;base64,R0lGODlhAQABAAAAACH5BAEKAAEALAAAAAABAAEAAAICTAEAOw==\" class=\"lazyload\" \/><noscript><img decoding=\"async\" data-src=\"https:\/\/www.tomata.sk\/wp-content\/uploads\/2022\/11\/Sezonne-recepty-Tomata-Original.jpg\" alt=\"Sez\u00f3nne recepty s Tomata Original\" src=\"data:image\/gif;base64,R0lGODlhAQABAAAAACH5BAEKAAEALAAAAAABAAEAAAICTAEAOw==\" class=\"lazyload\" \/><noscript><img decoding=\"async\" src=\"https:\/\/www.tomata.sk\/wp-content\/uploads\/2022\/11\/Sezonne-recepty-Tomata-Original.jpg\" alt=\"Sez\u00f3nne recepty s Tomata Original\" \/><\/noscript><\/noscript><br>RECIPES<br>SEASONAL<br><a href=\"\/en\/recepty\/sezonne-recepty\/\">\/recepty\/sezonne-recepty\/<\/a><br>#e30613<br>bounceIn<br>hover-effect-scale<br><br><\/p>","protected":false},"excerpt":{"rendered":"<p>80pxcenter Chutn\u00e9 recepty s Tomata Original no-repeat;left top;;auto Doprajte si lahodn\u00e9 jedlo s v\u00fdnimo\u010dnou chu\u0165ou pre ka\u017ed\u00fa pr\u00edle\u017eitos\u0165. V\u010faka produktom zo 100% slovensk\u00fdch surov\u00edn, starostlivo dopestovan\u00fdch<span class=\"excerpt-hellip\"> [\u2026]<\/span><\/p>","protected":false},"author":1,"featured_media":0,"parent":0,"menu_order":0,"comment_status":"closed","ping_status":"closed","template":"","meta":{"footnotes":""},"class_list":["post-123","page","type-page","status-publish","hentry"],"yoast_head":"<!-- This site is optimized with the Yoast SEO plugin v25.1 - https:\/\/yoast.com\/wordpress\/plugins\/seo\/ -->\n<title>RECEPTY - Tomata Original<\/title>\n<meta name=\"robots\" content=\"index, follow, max-snippet:-1, max-image-preview:large, max-video-preview:-1\" \/>\n<link rel=\"canonical\" href=\"https:\/\/tomata.sk\/en\/recepty\/\" \/>\n<meta property=\"og:locale\" content=\"en_GB\" \/>\n<meta property=\"og:type\" content=\"article\" \/>\n<meta property=\"og:title\" content=\"RECEPTY - Tomata Original\" \/>\n<meta property=\"og:description\" content=\"80pxcenter Chutn\u00e9 recepty s Tomata Original no-repeat;left top;;auto Doprajte si lahodn\u00e9 jedlo s v\u00fdnimo\u010dnou chu\u0165ou pre ka\u017ed\u00fa pr\u00edle\u017eitos\u0165. V\u010faka produktom zo 100% slovensk\u00fdch surov\u00edn, starostlivo dopestovan\u00fdch [\u2026]\" \/>\n<meta property=\"og:url\" content=\"https:\/\/tomata.sk\/en\/recepty\/\" \/>\n<meta property=\"og:site_name\" content=\"Tomata Original\" \/>\n<meta property=\"article:publisher\" content=\"https:\/\/www.facebook.com\/tomataoriginal\" \/>\n<meta property=\"article:modified_time\" content=\"2023-01-23T14:44:35+00:00\" \/>\n<meta property=\"og:image\" content=\"https:\/\/www.tomata.sk\/wp-content\/uploads\/2022\/12\/Recepty-ikona.png\" \/>\n<meta name=\"twitter:card\" content=\"summary_large_image\" \/>\n<meta name=\"twitter:label1\" content=\"Estimated reading time\" \/>\n\t<meta name=\"twitter:data1\" content=\"1 minute\" \/>\n<script type=\"application\/ld+json\" class=\"yoast-schema-graph\">{\"@context\":\"https:\/\/schema.org\",\"@graph\":[{\"@type\":\"WebPage\",\"@id\":\"https:\/\/tomata.sk\/en\/recepty\/\",\"url\":\"https:\/\/tomata.sk\/en\/recepty\/\",\"name\":\"RECEPTY - Tomata Original\",\"isPartOf\":{\"@id\":\"https:\/\/tomata.sk\/en\/#website\"},\"primaryImageOfPage\":{\"@id\":\"https:\/\/tomata.sk\/en\/recepty\/#primaryimage\"},\"image\":{\"@id\":\"https:\/\/tomata.sk\/en\/recepty\/#primaryimage\"},\"thumbnailUrl\":\"https:\/\/www.tomata.sk\/wp-content\/uploads\/2022\/12\/Recepty-ikona.png\",\"datePublished\":\"2022-08-10T11:07:23+00:00\",\"dateModified\":\"2023-01-23T14:44:35+00:00\",\"breadcrumb\":{\"@id\":\"https:\/\/tomata.sk\/en\/recepty\/#breadcrumb\"},\"inLanguage\":\"en-GB\",\"potentialAction\":[{\"@type\":\"ReadAction\",\"target\":[\"https:\/\/tomata.sk\/en\/recepty\/\"]}]},{\"@type\":\"ImageObject\",\"inLanguage\":\"en-GB\",\"@id\":\"https:\/\/tomata.sk\/en\/recepty\/#primaryimage\",\"url\":\"https:\/\/www.tomata.sk\/wp-content\/uploads\/2022\/12\/Recepty-ikona.png\",\"contentUrl\":\"https:\/\/www.tomata.sk\/wp-content\/uploads\/2022\/12\/Recepty-ikona.png\"},{\"@type\":\"BreadcrumbList\",\"@id\":\"https:\/\/tomata.sk\/en\/recepty\/#breadcrumb\",\"itemListElement\":[{\"@type\":\"ListItem\",\"position\":1,\"name\":\"Domovsk\u00e1 str\u00e1nka\",\"item\":\"https:\/\/tomata.sk\/en\/\"},{\"@type\":\"ListItem\",\"position\":2,\"name\":\"RECEPTY\"}]},{\"@type\":\"WebSite\",\"@id\":\"https:\/\/tomata.sk\/en\/#website\",\"url\":\"https:\/\/tomata.sk\/en\/\",\"name\":\"Tomata Original\",\"description\":\"Slovensk\u00fd v\u00fdrobca paradajkov\u00fdch pretlakov, ke\u010dupov a hor\u010d\u00edc.\",\"publisher\":{\"@id\":\"https:\/\/tomata.sk\/en\/#organization\"},\"potentialAction\":[{\"@type\":\"SearchAction\",\"target\":{\"@type\":\"EntryPoint\",\"urlTemplate\":\"https:\/\/tomata.sk\/en\/?s={search_term_string}\"},\"query-input\":{\"@type\":\"PropertyValueSpecification\",\"valueRequired\":true,\"valueName\":\"search_term_string\"}}],\"inLanguage\":\"en-GB\"},{\"@type\":\"Organization\",\"@id\":\"https:\/\/tomata.sk\/en\/#organization\",\"name\":\"Tomata s.r.o.\",\"url\":\"https:\/\/tomata.sk\/en\/\",\"logo\":{\"@type\":\"ImageObject\",\"inLanguage\":\"en-GB\",\"@id\":\"https:\/\/tomata.sk\/en\/#\/schema\/logo\/image\/\",\"url\":\"https:\/\/tomata.sk\/wp-content\/uploads\/2022\/08\/tomata_logo-500.png\",\"contentUrl\":\"https:\/\/tomata.sk\/wp-content\/uploads\/2022\/08\/tomata_logo-500.png\",\"width\":500,\"height\":501,\"caption\":\"Tomata s.r.o.\"},\"image\":{\"@id\":\"https:\/\/tomata.sk\/en\/#\/schema\/logo\/image\/\"},\"sameAs\":[\"https:\/\/www.facebook.com\/tomataoriginal\"]}]}<\/script>\n<!-- \/ Yoast SEO plugin. -->","yoast_head_json":{"title":"RECEPTY - Tomata Original","robots":{"index":"index","follow":"follow","max-snippet":"max-snippet:-1","max-image-preview":"max-image-preview:large","max-video-preview":"max-video-preview:-1"},"canonical":"https:\/\/tomata.sk\/en\/recepty\/","og_locale":"en_GB","og_type":"article","og_title":"RECEPTY - Tomata Original","og_description":"80pxcenter Chutn\u00e9 recepty s Tomata Original no-repeat;left top;;auto Doprajte si lahodn\u00e9 jedlo s v\u00fdnimo\u010dnou chu\u0165ou pre ka\u017ed\u00fa pr\u00edle\u017eitos\u0165. V\u010faka produktom zo 100% slovensk\u00fdch surov\u00edn, starostlivo dopestovan\u00fdch [\u2026]","og_url":"https:\/\/tomata.sk\/en\/recepty\/","og_site_name":"Tomata Original","article_publisher":"https:\/\/www.facebook.com\/tomataoriginal","article_modified_time":"2023-01-23T14:44:35+00:00","og_image":[{"url":"https:\/\/www.tomata.sk\/wp-content\/uploads\/2022\/12\/Recepty-ikona.png","type":"","width":"","height":""}],"twitter_card":"summary_large_image","twitter_misc":{"Estimated reading time":"1 minute"},"schema":{"@context":"https:\/\/schema.org","@graph":[{"@type":"WebPage","@id":"https:\/\/tomata.sk\/en\/recepty\/","url":"https:\/\/tomata.sk\/en\/recepty\/","name":"RECEPTY - Tomata Original","isPartOf":{"@id":"https:\/\/tomata.sk\/en\/#website"},"primaryImageOfPage":{"@id":"https:\/\/tomata.sk\/en\/recepty\/#primaryimage"},"image":{"@id":"https:\/\/tomata.sk\/en\/recepty\/#primaryimage"},"thumbnailUrl":"https:\/\/www.tomata.sk\/wp-content\/uploads\/2022\/12\/Recepty-ikona.png","datePublished":"2022-08-10T11:07:23+00:00","dateModified":"2023-01-23T14:44:35+00:00","breadcrumb":{"@id":"https:\/\/tomata.sk\/en\/recepty\/#breadcrumb"},"inLanguage":"en-GB","potentialAction":[{"@type":"ReadAction","target":["https:\/\/tomata.sk\/en\/recepty\/"]}]},{"@type":"ImageObject","inLanguage":"en-GB","@id":"https:\/\/tomata.sk\/en\/recepty\/#primaryimage","url":"https:\/\/www.tomata.sk\/wp-content\/uploads\/2022\/12\/Recepty-ikona.png","contentUrl":"https:\/\/www.tomata.sk\/wp-content\/uploads\/2022\/12\/Recepty-ikona.png"},{"@type":"BreadcrumbList","@id":"https:\/\/tomata.sk\/en\/recepty\/#breadcrumb","itemListElement":[{"@type":"ListItem","position":1,"name":"Domovsk\u00e1 str\u00e1nka","item":"https:\/\/tomata.sk\/en\/"},{"@type":"ListItem","position":2,"name":"RECEPTY"}]},{"@type":"WebSite","@id":"https:\/\/tomata.sk\/en\/#website","url":"https:\/\/tomata.sk\/en\/","name":"Tomata Original","description":"Slovensk\u00fd v\u00fdrobca paradajkov\u00fdch pretlakov, ke\u010dupov a hor\u010d\u00edc.","publisher":{"@id":"https:\/\/tomata.sk\/en\/#organization"},"potentialAction":[{"@type":"SearchAction","target":{"@type":"EntryPoint","urlTemplate":"https:\/\/tomata.sk\/en\/?s={search_term_string}"},"query-input":{"@type":"PropertyValueSpecification","valueRequired":true,"valueName":"search_term_string"}}],"inLanguage":"en-GB"},{"@type":"Organization","@id":"https:\/\/tomata.sk\/en\/#organization","name":"Tomata s.r.o.","url":"https:\/\/tomata.sk\/en\/","logo":{"@type":"ImageObject","inLanguage":"en-GB","@id":"https:\/\/tomata.sk\/en\/#\/schema\/logo\/image\/","url":"https:\/\/tomata.sk\/wp-content\/uploads\/2022\/08\/tomata_logo-500.png","contentUrl":"https:\/\/tomata.sk\/wp-content\/uploads\/2022\/08\/tomata_logo-500.png","width":500,"height":501,"caption":"Tomata s.r.o."},"image":{"@id":"https:\/\/tomata.sk\/en\/#\/schema\/logo\/image\/"},"sameAs":["https:\/\/www.facebook.com\/tomataoriginal"]}]}},"_links":{"self":[{"href":"https:\/\/tomata.sk\/en\/wp-json\/wp\/v2\/pages\/123","targetHints":{"allow":["GET"]}}],"collection":[{"href":"https:\/\/tomata.sk\/en\/wp-json\/wp\/v2\/pages"}],"about":[{"href":"https:\/\/tomata.sk\/en\/wp-json\/wp\/v2\/types\/page"}],"author":[{"embeddable":true,"href":"https:\/\/tomata.sk\/en\/wp-json\/wp\/v2\/users\/1"}],"replies":[{"embeddable":true,"href":"https:\/\/tomata.sk\/en\/wp-json\/wp\/v2\/comments?post=123"}],"version-history":[{"count":1,"href":"https:\/\/tomata.sk\/en\/wp-json\/wp\/v2\/pages\/123\/revisions"}],"predecessor-version":[{"id":831,"href":"https:\/\/tomata.sk\/en\/wp-json\/wp\/v2\/pages\/123\/revisions\/831"}],"wp:attachment":[{"href":"https:\/\/tomata.sk\/en\/wp-json\/wp\/v2\/media?parent=123"}],"curies":[{"name":"wp","href":"https:\/\/api.w.org\/{rel}","templated":true}]}}